{"id":10656,"date":"2025-09-17T13:53:42","date_gmt":"2025-09-17T11:53:42","guid":{"rendered":"https:\/\/cinemafrica.se\/?post_type=product&#038;p=10656"},"modified":"2025-10-03T20:00:41","modified_gmt":"2025-10-03T18:00:41","slug":"bam-bam-the-sister-nancy-story","status":"publish","type":"product","link":"https:\/\/cinemafrica.se\/en\/product\/bam-bam-the-sister-nancy-story\/","title":{"rendered":"Bam Bam: The Sister Nancy Story"},"content":{"rendered":"<p><span style=\"font-weight: 400;\">Betraktad som reggaegenrens hymn \u00e4r <\/span><b>\u201dBam Bam\u201d<\/b><span style=\"font-weight: 400;\"> en av de mest samplade s\u00e5ngerna i reggaens historia. Men kvinnan bakom r\u00f6sten till reggaens mest v\u00e4lk\u00e4nda l\u00e5t, <\/span><b>Sister Nancy<\/b><span style=\"font-weight: 400;\">, \u00e4r fortfarande relativt ok\u00e4nd f\u00f6r de flesta utanf\u00f6r genren.<\/span><\/p>\n<p><span style=\"font-weight: 400;\">Efter att i \u00e5rtionden ha blivit bedragen och nekad de royalties som r\u00e4ttm\u00e4tigt var hennes, f\u00f6ljer <\/span><b><i>Bam Bam: The Sister Nancy Story<\/i><\/b><span style=\"font-weight: 400;\"> musikern n\u00e4r hon reser till Jamaica, London, Toronto, New York och Atlanta, mellan uts\u00e5lda konserter f\u00f6r att \u00e5terta sina r\u00e4ttigheter. Med st\u00f6d fr\u00e5n bland andra Janelle Mon\u00e1e, Young Guru och Pete Rock konfronterar Sister Nancy musikindustrin i en kamp f\u00f6r j\u00e4mlikhet f\u00f6r kvinnor och Women of Colour och deras konstn\u00e4rskap.<\/span><\/p>\n<div class=\"entry-content\">\n<div class=\"flex justify-center\">\n<div class=\"text\">\n<p><i>Denna visning \u00e4r ett samarbete med\u00a0 <em>We deh Culture.<\/em><\/i><\/p>\n<\/div>\n<\/div>\n<\/div>\n","protected":false},"excerpt":{"rendered":"<p>Betraktad som reggaegenrens hymn \u00e4r \u201dBam Bam\u201d en av de mest samplade s\u00e5ngerna i reggaens historia. Men kvinnan bakom r\u00f6sten till reggaens mest v\u00e4lk\u00e4nda l\u00e5t, Sister Nancy, \u00e4r fortfarande relativt ok\u00e4nd f\u00f6r de flesta utanf\u00f6r genren. Efter att i \u00e5rtionden ha blivit bedragen och nekad de royalties som r\u00e4ttm\u00e4tigt var hennes, f\u00f6ljer Bam Bam: The [&hellip;]<\/p>\n","protected":false},"author":163,"featured_media":10660,"template":"","meta":{"_acf_changed":false},"product_brand":[],"product_cat":[152,157],"product_tag":[],"class_list":{"0":"post-10656","1":"product","2":"type-product","3":"status-publish","4":"has-post-thumbnail","6":"product_cat-films","7":"product_cat-documentaryfilm","9":"first","10":"instock","11":"downloadable","12":"virtual","13":"purchasable","14":"product-type-simple"},"acf":[],"_links":{"self":[{"href":"https:\/\/cinemafrica.se\/en\/wp-json\/wp\/v2\/product\/10656","targetHints":{"allow":["GET"]}}],"collection":[{"href":"https:\/\/cinemafrica.se\/en\/wp-json\/wp\/v2\/product"}],"about":[{"href":"https:\/\/cinemafrica.se\/en\/wp-json\/wp\/v2\/types\/product"}],"author":[{"embeddable":true,"href":"https:\/\/cinemafrica.se\/en\/wp-json\/wp\/v2\/users\/163"}],"wp:featuredmedia":[{"embeddable":true,"href":"https:\/\/cinemafrica.se\/en\/wp-json\/wp\/v2\/media\/10660"}],"wp:attachment":[{"href":"https:\/\/cinemafrica.se\/en\/wp-json\/wp\/v2\/media?parent=10656"}],"wp:term":[{"taxonomy":"product_brand","embeddable":true,"href":"https:\/\/cinemafrica.se\/en\/wp-json\/wp\/v2\/product_brand?post=10656"},{"taxonomy":"product_cat","embeddable":true,"href":"https:\/\/cinemafrica.se\/en\/wp-json\/wp\/v2\/product_cat?post=10656"},{"taxonomy":"product_tag","embeddable":true,"href":"https:\/\/cinemafrica.se\/en\/wp-json\/wp\/v2\/product_tag?post=10656"}],"curies":[{"name":"wp","href":"https:\/\/api.w.org\/{rel}","templated":true}]}}