{"id":10678,"date":"2025-09-17T14:30:56","date_gmt":"2025-09-17T12:30:56","guid":{"rendered":"https:\/\/cinemafrica.se\/?post_type=product&#038;p=10678"},"modified":"2025-10-25T14:33:54","modified_gmt":"2025-10-25T12:33:54","slug":"fanon","status":"publish","type":"product","link":"https:\/\/cinemafrica.se\/en\/product\/fanon\/","title":{"rendered":"Fanon"},"content":{"rendered":"<p><span style=\"font-weight: 400;\">P\u00e5 Blida-sjukhuset i Algeriet introducerar Frantz Fanon nya, progressiva behandlingsmetoder som utmanar den r\u00e5dande psykiatriska praktiken. Hans empatiska och respektfulla s\u00e4tt att m\u00f6ta patienterna ses som radikalt och v\u00e4cker stark kritik bland delar av personalen, som \u00e4r vana vid en mer auktorit\u00e4r v\u00e5rdtradition. Trots motst\u00e5ndet forts\u00e4tter Fanon att s\u00e4tta m\u00e4nniskans v\u00e4rdighet i centrum, n\u00e5got som snart f\u00e5r politiska konsekvenser.<\/span><\/p>\n<p><span style=\"font-weight: 400;\">Genom m\u00f6tet med FLN-ledaren Ramdane rekryteras Fanon till den v\u00e4xande sj\u00e4lvst\u00e4ndighetsr\u00f6relsen. Tillsammans med sin hustru Josie v\u00e4ljer han att l\u00e4mna den trygga l\u00e4karkarri\u00e4ren f\u00f6r att helhj\u00e4rtat engagera sig i Algeriets kamp f\u00f6r frihet fr\u00e5n kolonialmakten. Det blir en avg\u00f6rande v\u00e4ndpunkt som sammanfl\u00e4tar medicin, politik och revolution.<\/span><\/p>\n<p>&nbsp;<\/p>\n<p>&nbsp;<\/p>\n","protected":false},"excerpt":{"rendered":"<p>P\u00e5 Blida-sjukhuset i Algeriet introducerar Frantz Fanon nya, progressiva behandlingsmetoder som utmanar den r\u00e5dande psykiatriska praktiken. Hans empatiska och respektfulla s\u00e4tt att m\u00f6ta patienterna ses som radikalt och v\u00e4cker stark kritik bland delar av personalen, som \u00e4r vana vid en mer auktorit\u00e4r v\u00e5rdtradition. Trots motst\u00e5ndet forts\u00e4tter Fanon att s\u00e4tta m\u00e4nniskans v\u00e4rdighet i centrum, n\u00e5got som [&hellip;]<\/p>\n","protected":false},"author":163,"featured_media":10682,"template":"","meta":{"_acf_changed":false},"product_brand":[],"product_cat":[],"product_tag":[],"class_list":{"0":"post-10678","1":"product","2":"type-product","3":"status-publish","4":"has-post-thumbnail","7":"first","8":"instock","9":"downloadable","10":"virtual","11":"purchasable","12":"product-type-simple"},"acf":[],"_links":{"self":[{"href":"https:\/\/cinemafrica.se\/en\/wp-json\/wp\/v2\/product\/10678","targetHints":{"allow":["GET"]}}],"collection":[{"href":"https:\/\/cinemafrica.se\/en\/wp-json\/wp\/v2\/product"}],"about":[{"href":"https:\/\/cinemafrica.se\/en\/wp-json\/wp\/v2\/types\/product"}],"author":[{"embeddable":true,"href":"https:\/\/cinemafrica.se\/en\/wp-json\/wp\/v2\/users\/163"}],"wp:featuredmedia":[{"embeddable":true,"href":"https:\/\/cinemafrica.se\/en\/wp-json\/wp\/v2\/media\/10682"}],"wp:attachment":[{"href":"https:\/\/cinemafrica.se\/en\/wp-json\/wp\/v2\/media?parent=10678"}],"wp:term":[{"taxonomy":"product_brand","embeddable":true,"href":"https:\/\/cinemafrica.se\/en\/wp-json\/wp\/v2\/product_brand?post=10678"},{"taxonomy":"product_cat","embeddable":true,"href":"https:\/\/cinemafrica.se\/en\/wp-json\/wp\/v2\/product_cat?post=10678"},{"taxonomy":"product_tag","embeddable":true,"href":"https:\/\/cinemafrica.se\/en\/wp-json\/wp\/v2\/product_tag?post=10678"}],"curies":[{"name":"wp","href":"https:\/\/api.w.org\/{rel}","templated":true}]}}