{"id":10707,"date":"2025-09-17T15:37:44","date_gmt":"2025-09-17T13:37:44","guid":{"rendered":"https:\/\/cinemafrica.se\/?post_type=product&#038;p=10707"},"modified":"2025-09-26T09:44:26","modified_gmt":"2025-09-26T07:44:26","slug":"tank-om","status":"publish","type":"product","link":"https:\/\/cinemafrica.se\/en\/product\/tank-om\/","title":{"rendered":"T\u00e4nk om"},"content":{"rendered":"<p>En poetisk kortfilm baserad p\u00e5 det kraftfulla spoken word-verket T\u00e4nk Om av svensk-eritreanen Simon Matiwos, vinnare av Swedish Poetry Slam 2015. Genom en mix av AI-genererade bilder, rytm och r\u00f6st utforskar filmen teman som identitet, f\u00f6rdomar, motst\u00e5nd och hopp. Regisserad av Teddy Goitom \u00e4r T\u00e4nk Om ett visuellt samtal som utmanar samh\u00e4lleliga normer och ger r\u00f6st \u00e5t oh\u00f6rda perspektiv placerad i Stockholms f\u00f6rorter.<\/p>\n<p><em>T\u00e4nk om\u00a0 visas tillsammans med <\/em>Summer Nights Be Like fredag den 3 oktober<em> p\u00e5 Hobo Hotel kl 18:00.<br \/>\nMer info om kortfilmspaketet och biljetter finns <a href=\"https:\/\/cinemafrica.se\/product\/the-introduction-afro-swedish-filmmakers\/\">h\u00e4r!<\/a><\/em><\/p>\n","protected":false},"excerpt":{"rendered":"<p>En poetisk kortfilm baserad p\u00e5 det kraftfulla spoken word-verket T\u00e4nk Om av svensk-eritreanen Simon Matiwos, vinnare av Swedish Poetry Slam 2015. Genom en mix av AI-genererade bilder, rytm och r\u00f6st utforskar filmen teman som identitet, f\u00f6rdomar, motst\u00e5nd och hopp. Regisserad av Teddy Goitom \u00e4r T\u00e4nk Om ett visuellt samtal som utmanar samh\u00e4lleliga normer och ger [&hellip;]<\/p>\n","protected":false},"author":163,"featured_media":10708,"template":"","meta":{"_acf_changed":false},"product_brand":[],"product_cat":[152,158],"product_tag":[],"class_list":{"0":"post-10707","1":"product","2":"type-product","3":"status-publish","4":"has-post-thumbnail","6":"product_cat-films","7":"product_cat-shortfilm-2","9":"first","10":"instock","11":"taxable","12":"shipping-taxable","13":"purchasable","14":"product-type-simple"},"acf":[],"_links":{"self":[{"href":"https:\/\/cinemafrica.se\/en\/wp-json\/wp\/v2\/product\/10707","targetHints":{"allow":["GET"]}}],"collection":[{"href":"https:\/\/cinemafrica.se\/en\/wp-json\/wp\/v2\/product"}],"about":[{"href":"https:\/\/cinemafrica.se\/en\/wp-json\/wp\/v2\/types\/product"}],"author":[{"embeddable":true,"href":"https:\/\/cinemafrica.se\/en\/wp-json\/wp\/v2\/users\/163"}],"wp:featuredmedia":[{"embeddable":true,"href":"https:\/\/cinemafrica.se\/en\/wp-json\/wp\/v2\/media\/10708"}],"wp:attachment":[{"href":"https:\/\/cinemafrica.se\/en\/wp-json\/wp\/v2\/media?parent=10707"}],"wp:term":[{"taxonomy":"product_brand","embeddable":true,"href":"https:\/\/cinemafrica.se\/en\/wp-json\/wp\/v2\/product_brand?post=10707"},{"taxonomy":"product_cat","embeddable":true,"href":"https:\/\/cinemafrica.se\/en\/wp-json\/wp\/v2\/product_cat?post=10707"},{"taxonomy":"product_tag","embeddable":true,"href":"https:\/\/cinemafrica.se\/en\/wp-json\/wp\/v2\/product_tag?post=10707"}],"curies":[{"name":"wp","href":"https:\/\/api.w.org\/{rel}","templated":true}]}}