{"id":10713,"date":"2025-09-17T15:50:50","date_gmt":"2025-09-17T13:50:50","guid":{"rendered":"https:\/\/cinemafrica.se\/?post_type=product&#038;p=10713"},"modified":"2025-09-18T13:52:06","modified_gmt":"2025-09-18T11:52:06","slug":"summer-nights-be-like","status":"publish","type":"product","link":"https:\/\/cinemafrica.se\/en\/product\/summer-nights-be-like\/","title":{"rendered":"Summer Nights Be Like"},"content":{"rendered":"<p><span style=\"font-weight: 400;\">Summer Nights Be Like \u00e4r en absurdistisk thriller som gestaltar k\u00e4nslan av att vara p\u00e5 en plats som k\u00e4nns alienerande men av anledningar som aldrig verkar komma upp till ytan. D\u00e4r rasismen ligger och bubblar i inomhuspoolens f\u00f6rtrollande vatten. <\/span><\/p>\n<p><i><span style=\"font-weight: 400;\">Summer Nights Be visas tillsammans med T\u00e4nk om<\/span><\/i><span style=\"font-weight: 400;\">\u00a0fredag den 3 oktober<\/span><i><span style=\"font-weight: 400;\"> p\u00e5 Hobo Hotel kl 18:00.<\/span><\/i><i><span style=\"font-weight: 400;\">Mer info om kortfilmspaketet och biljetter finns <a href=\"https:\/\/cinemafrica.se\/?post_type=product&amp;p=10717&amp;preview=true\">h\u00e4r!<\/a><\/span><\/i><\/p>\n","protected":false},"excerpt":{"rendered":"<p>Summer Nights Be Like \u00e4r en absurdistisk thriller som gestaltar k\u00e4nslan av att vara p\u00e5 en plats som k\u00e4nns alienerande men av anledningar som aldrig verkar komma upp till ytan. D\u00e4r rasismen ligger och bubblar i inomhuspoolens f\u00f6rtrollande vatten. Summer Nights Be visas tillsammans med T\u00e4nk om\u00a0fredag den 3 oktober p\u00e5 Hobo Hotel kl 18:00.Mer [&hellip;]<\/p>\n","protected":false},"author":163,"featured_media":10762,"template":"","meta":{"_acf_changed":false},"product_brand":[],"product_cat":[152,158],"product_tag":[],"class_list":{"0":"post-10713","1":"product","2":"type-product","3":"status-publish","4":"has-post-thumbnail","6":"product_cat-films","7":"product_cat-shortfilm-2","9":"first","10":"instock","11":"taxable","12":"shipping-taxable","13":"product-type-simple"},"acf":[],"_links":{"self":[{"href":"https:\/\/cinemafrica.se\/en\/wp-json\/wp\/v2\/product\/10713","targetHints":{"allow":["GET"]}}],"collection":[{"href":"https:\/\/cinemafrica.se\/en\/wp-json\/wp\/v2\/product"}],"about":[{"href":"https:\/\/cinemafrica.se\/en\/wp-json\/wp\/v2\/types\/product"}],"author":[{"embeddable":true,"href":"https:\/\/cinemafrica.se\/en\/wp-json\/wp\/v2\/users\/163"}],"wp:featuredmedia":[{"embeddable":true,"href":"https:\/\/cinemafrica.se\/en\/wp-json\/wp\/v2\/media\/10762"}],"wp:attachment":[{"href":"https:\/\/cinemafrica.se\/en\/wp-json\/wp\/v2\/media?parent=10713"}],"wp:term":[{"taxonomy":"product_brand","embeddable":true,"href":"https:\/\/cinemafrica.se\/en\/wp-json\/wp\/v2\/product_brand?post=10713"},{"taxonomy":"product_cat","embeddable":true,"href":"https:\/\/cinemafrica.se\/en\/wp-json\/wp\/v2\/product_cat?post=10713"},{"taxonomy":"product_tag","embeddable":true,"href":"https:\/\/cinemafrica.se\/en\/wp-json\/wp\/v2\/product_tag?post=10713"}],"curies":[{"name":"wp","href":"https:\/\/api.w.org\/{rel}","templated":true}]}}