{"id":10717,"date":"2025-09-17T16:07:53","date_gmt":"2025-09-17T14:07:53","guid":{"rendered":"https:\/\/cinemafrica.se\/?post_type=product&#038;p=10717"},"modified":"2025-10-01T09:15:43","modified_gmt":"2025-10-01T07:15:43","slug":"the-introduction-afro-swedish-filmmakers","status":"publish","type":"product","link":"https:\/\/cinemafrica.se\/en\/product\/the-introduction-afro-swedish-filmmakers\/","title":{"rendered":"The Introduction: Afro-Swedish Filmmakers"},"content":{"rendered":"<p><span style=\"font-weight: 400;\">En ny generation afrosvenska filmskapare tar plats och denna kv\u00e4ll \u00e4r till\u00e4gnad dem. Med filmvisningar och samtal lyfter vi fram ber\u00e4ttelserna, r\u00f6sterna och perspektiven som formar framtidens svenska film. Kortfilmskv\u00e4llen p\u00e5 Hobo Hotell blir en hyllning till den kreativitet och kraft som v\u00e4xer fram i community, d\u00e4r vi zoomar in p\u00e5 n\u00e5gra av de<\/span><span style=\"font-weight: 400;\">\u00a0nya namnen.<br \/>\n<\/span><\/p>\n<p><span style=\"font-weight: 400;\">En unik m\u00f6jlighet att m\u00f6tas, utbyta id\u00e9er och f\u00f6ra meningsfulla samtal om afrosvensk film. <\/span><span style=\"font-weight: 400;\">Eventet \u00e4r kostnadsfritt och \u00f6ppet f\u00f6r alla. Begr\u00e4nsade antal biljetter, boka dina biljetter idag!<\/span><\/p>\n<p>Kortfilmer:<br \/>\n<a href=\"https:\/\/cinemafrica.se\/product\/summer-nights-be-like\/\">Summer Nights Be Like<\/a> av Om\u00e9ya Simbizi<br \/>\n<a href=\"https:\/\/cinemafrica.se\/product\/10749\/\">Parkerad<\/a> av Wasima Ayad<br \/>\n<a href=\"https:\/\/cinemafrica.se\/product\/glom-mig-inte\/\">Gl\u00f6m mig inte<\/a> av Ibrahim Gomina<br \/>\n<a href=\"https:\/\/cinemafrica.se\/product\/tank-om\/\">T\u00e4nk Om<\/a> av <span style=\"font-weight: 400;\">Teddy Goitom &amp; Simon Matiwos<\/span><\/p>\n<p>&nbsp;<\/p>\n<p>FULLBOKAD<\/p>\n","protected":false},"excerpt":{"rendered":"<p>En ny generation afrosvenska filmskapare tar plats och denna kv\u00e4ll \u00e4r till\u00e4gnad dem. Med filmvisningar och samtal lyfter vi fram ber\u00e4ttelserna, r\u00f6sterna och perspektiven som formar framtidens svenska film. Kortfilmskv\u00e4llen p\u00e5 Hobo Hotell blir en hyllning till den kreativitet och kraft som v\u00e4xer fram i community, d\u00e4r vi zoomar in p\u00e5 n\u00e5gra av de\u00a0nya namnen. [&hellip;]<\/p>\n","protected":false},"author":163,"featured_media":10714,"template":"","meta":{"_acf_changed":false},"product_brand":[],"product_cat":[152,154],"product_tag":[],"class_list":{"0":"post-10717","1":"product","2":"type-product","3":"status-publish","4":"has-post-thumbnail","6":"product_cat-films","7":"product_cat-kortfilmspaket","9":"first","10":"outofstock","11":"downloadable","12":"virtual","13":"purchasable","14":"product-type-simple"},"acf":[],"_links":{"self":[{"href":"https:\/\/cinemafrica.se\/en\/wp-json\/wp\/v2\/product\/10717","targetHints":{"allow":["GET"]}}],"collection":[{"href":"https:\/\/cinemafrica.se\/en\/wp-json\/wp\/v2\/product"}],"about":[{"href":"https:\/\/cinemafrica.se\/en\/wp-json\/wp\/v2\/types\/product"}],"author":[{"embeddable":true,"href":"https:\/\/cinemafrica.se\/en\/wp-json\/wp\/v2\/users\/163"}],"wp:featuredmedia":[{"embeddable":true,"href":"https:\/\/cinemafrica.se\/en\/wp-json\/wp\/v2\/media\/10714"}],"wp:attachment":[{"href":"https:\/\/cinemafrica.se\/en\/wp-json\/wp\/v2\/media?parent=10717"}],"wp:term":[{"taxonomy":"product_brand","embeddable":true,"href":"https:\/\/cinemafrica.se\/en\/wp-json\/wp\/v2\/product_brand?post=10717"},{"taxonomy":"product_cat","embeddable":true,"href":"https:\/\/cinemafrica.se\/en\/wp-json\/wp\/v2\/product_cat?post=10717"},{"taxonomy":"product_tag","embeddable":true,"href":"https:\/\/cinemafrica.se\/en\/wp-json\/wp\/v2\/product_tag?post=10717"}],"curies":[{"name":"wp","href":"https:\/\/api.w.org\/{rel}","templated":true}]}}