{"id":10736,"date":"2025-09-17T17:40:46","date_gmt":"2025-09-17T15:40:46","guid":{"rendered":"https:\/\/cinemafrica.se\/?post_type=product&#038;p=10736"},"modified":"2025-09-18T15:02:32","modified_gmt":"2025-09-18T13:02:32","slug":"joy-and-sorrow-of-time","status":"publish","type":"product","link":"https:\/\/cinemafrica.se\/en\/product\/joy-and-sorrow-of-time\/","title":{"rendered":"Joy and Sorrow of Time"},"content":{"rendered":"<p><span style=\"font-weight: 400;\">Framtiden \u00e4r ett sk\u00f6rt landskap, en finst\u00e4md koreografi av m\u00f6jligheter d\u00e4r varje val, varje gest och varje flyktigt \u00f6gonblick formar det som ligger framf\u00f6r oss. I denna film m\u00e4ts tiden inte bara utan k\u00e4nns som livets valuta, som en b\u00f6rda vi b\u00e4r och som ett l\u00f6fte vi h\u00e5ller.\u00a0<\/span><span style=\"font-weight: 400;\">Joy and Sorrow of Time\u00a0reflekterar \u00f6ver tillvarons dualitet: gl\u00e4djen i det som kan f\u00f6rest\u00e4llas och sorgen \u00f6ver det som oundvikligen glider oss ur h\u00e4nderna.<\/span><\/p>\n<p><span style=\"font-weight: 400;\">En visuell meditation \u00f6ver motst\u00e5ndskraft och f\u00f6rg\u00e4nglighet, filmen bjuder in oss att h\u00e5lla morgondagen varsamt, v\u00e5rda v\u00e5ra dr\u00f6mmar och lita p\u00e5 den o\u00e4ndliga potential som d\u00f6ljer sig i det ok\u00e4nda.<\/span><\/p>\n<p><span style=\"font-weight: 400;\">Joy and Sorrow of Time\u00a0 <\/span>visas tillsammans med <a href=\"https:\/\/cinemafrica.se\/?post_type=product&amp;p=10731&amp;preview=true\">The Backway<\/a> p\u00e5 invigningen torsdag den 2 oktober p\u00e5 Maxime kl 18.00.<\/p>\n","protected":false},"excerpt":{"rendered":"<p>Framtiden \u00e4r ett sk\u00f6rt landskap, en finst\u00e4md koreografi av m\u00f6jligheter d\u00e4r varje val, varje gest och varje flyktigt \u00f6gonblick formar det som ligger framf\u00f6r oss. I denna film m\u00e4ts tiden inte bara utan k\u00e4nns som livets valuta, som en b\u00f6rda vi b\u00e4r och som ett l\u00f6fte vi h\u00e5ller.\u00a0Joy and Sorrow of Time\u00a0reflekterar \u00f6ver tillvarons dualitet: [&hellip;]<\/p>\n","protected":false},"author":163,"featured_media":10737,"template":"","meta":{"_acf_changed":false},"product_brand":[],"product_cat":[152,158],"product_tag":[],"class_list":{"0":"post-10736","1":"product","2":"type-product","3":"status-publish","4":"has-post-thumbnail","6":"product_cat-films","7":"product_cat-shortfilm-2","9":"first","10":"instock","11":"taxable","12":"shipping-taxable","13":"product-type-simple"},"acf":[],"_links":{"self":[{"href":"https:\/\/cinemafrica.se\/en\/wp-json\/wp\/v2\/product\/10736","targetHints":{"allow":["GET"]}}],"collection":[{"href":"https:\/\/cinemafrica.se\/en\/wp-json\/wp\/v2\/product"}],"about":[{"href":"https:\/\/cinemafrica.se\/en\/wp-json\/wp\/v2\/types\/product"}],"author":[{"embeddable":true,"href":"https:\/\/cinemafrica.se\/en\/wp-json\/wp\/v2\/users\/163"}],"wp:featuredmedia":[{"embeddable":true,"href":"https:\/\/cinemafrica.se\/en\/wp-json\/wp\/v2\/media\/10737"}],"wp:attachment":[{"href":"https:\/\/cinemafrica.se\/en\/wp-json\/wp\/v2\/media?parent=10736"}],"wp:term":[{"taxonomy":"product_brand","embeddable":true,"href":"https:\/\/cinemafrica.se\/en\/wp-json\/wp\/v2\/product_brand?post=10736"},{"taxonomy":"product_cat","embeddable":true,"href":"https:\/\/cinemafrica.se\/en\/wp-json\/wp\/v2\/product_cat?post=10736"},{"taxonomy":"product_tag","embeddable":true,"href":"https:\/\/cinemafrica.se\/en\/wp-json\/wp\/v2\/product_tag?post=10736"}],"curies":[{"name":"wp","href":"https:\/\/api.w.org\/{rel}","templated":true}]}}