{"id":10823,"date":"2025-09-19T12:31:42","date_gmt":"2025-09-19T10:31:42","guid":{"rendered":"https:\/\/cinemafrica.se\/?post_type=product&#038;p=10823"},"modified":"2025-09-19T14:05:51","modified_gmt":"2025-09-19T12:05:51","slug":"glom-mig-inte","status":"publish","type":"product","link":"https:\/\/cinemafrica.se\/en\/product\/glom-mig-inte\/","title":{"rendered":"Gl\u00f6m mig inte"},"content":{"rendered":"<p>En poetisk och visuellt laddad kortfilm om tyst l\u00e4ngtan, sj\u00e4lvf\u00f6rnekelse och det inre barnets rop p\u00e5 att bli h\u00f6rd. N\u00e4r vardagen spricker upp b\u00f6rjar Fatao se budskap fr\u00e5n sitt f\u00f6rflutna, viskningar han inte l\u00e4ngre kan ignorera.\u00a0<i>Gl\u00f6m mig inte<\/i>\u00a0\u00e4r en l\u00e5gm\u00e4ld men kraftfull resa in i det vi g\u00f6mmer l\u00e4ngst in, d\u00e4r tystnaden talar h\u00f6gst.<\/p>\n<p><em>Gl\u00f6m mig inte visas tillsammans med Parkerad,\u00a0 T\u00e4nk om och <\/em>Summer Nights Be Like fredag den 3 oktober<em> p\u00e5 Hobo Hotel kl 18:00. Mer info om kortfilmspaketet och biljetter finns <a href=\"https:\/\/cinemafrica.se\/product\/the-introduction-afro-swedish-filmmakers\/\">h\u00e4r!<\/a><\/em><\/p>\n<p>&nbsp;<\/p>\n","protected":false},"excerpt":{"rendered":"<p>En poetisk och visuellt laddad kortfilm om tyst l\u00e4ngtan, sj\u00e4lvf\u00f6rnekelse och det inre barnets rop p\u00e5 att bli h\u00f6rd. N\u00e4r vardagen spricker upp b\u00f6rjar Fatao se budskap fr\u00e5n sitt f\u00f6rflutna, viskningar han inte l\u00e4ngre kan ignorera.\u00a0Gl\u00f6m mig inte\u00a0\u00e4r en l\u00e5gm\u00e4ld men kraftfull resa in i det vi g\u00f6mmer l\u00e4ngst in, d\u00e4r tystnaden talar h\u00f6gst. Gl\u00f6m [&hellip;]<\/p>\n","protected":false},"author":163,"featured_media":10827,"template":"","meta":{"_acf_changed":false},"product_brand":[],"product_cat":[152,158],"product_tag":[],"class_list":{"0":"post-10823","1":"product","2":"type-product","3":"status-publish","4":"has-post-thumbnail","6":"product_cat-films","7":"product_cat-shortfilm-2","9":"first","10":"instock","11":"taxable","12":"shipping-taxable","13":"product-type-simple"},"acf":[],"_links":{"self":[{"href":"https:\/\/cinemafrica.se\/en\/wp-json\/wp\/v2\/product\/10823","targetHints":{"allow":["GET"]}}],"collection":[{"href":"https:\/\/cinemafrica.se\/en\/wp-json\/wp\/v2\/product"}],"about":[{"href":"https:\/\/cinemafrica.se\/en\/wp-json\/wp\/v2\/types\/product"}],"author":[{"embeddable":true,"href":"https:\/\/cinemafrica.se\/en\/wp-json\/wp\/v2\/users\/163"}],"wp:featuredmedia":[{"embeddable":true,"href":"https:\/\/cinemafrica.se\/en\/wp-json\/wp\/v2\/media\/10827"}],"wp:attachment":[{"href":"https:\/\/cinemafrica.se\/en\/wp-json\/wp\/v2\/media?parent=10823"}],"wp:term":[{"taxonomy":"product_brand","embeddable":true,"href":"https:\/\/cinemafrica.se\/en\/wp-json\/wp\/v2\/product_brand?post=10823"},{"taxonomy":"product_cat","embeddable":true,"href":"https:\/\/cinemafrica.se\/en\/wp-json\/wp\/v2\/product_cat?post=10823"},{"taxonomy":"product_tag","embeddable":true,"href":"https:\/\/cinemafrica.se\/en\/wp-json\/wp\/v2\/product_tag?post=10823"}],"curies":[{"name":"wp","href":"https:\/\/api.w.org\/{rel}","templated":true}]}}