{"id":11521,"date":"2025-11-06T17:30:40","date_gmt":"2025-11-06T16:30:40","guid":{"rendered":"https:\/\/cinemafrica.se\/?post_type=product&#038;p=11521"},"modified":"2025-11-06T18:09:26","modified_gmt":"2025-11-06T17:09:26","slug":"afro-house-fran-ljud-till-skiss","status":"publish","type":"product","link":"https:\/\/cinemafrica.se\/en\/product\/afro-house-fran-ljud-till-skiss\/","title":{"rendered":"Afro-House: fr\u00e5n ljud till skiss"},"content":{"rendered":"<p><span style=\"font-weight: 400;\">I denna workshop introducerar eleverna till den globala musikr\u00f6relsen Afro-House, en genre som f\u00f6renar m\u00e4nniskor genom rytm, energi och kreativ frihet.<\/span><\/p>\n<p><span style=\"font-weight: 400;\">Workshopen inleds med en visning av dokument\u00e4rfilmen Above &amp; Beyond &#8211; The Global Rise of Afro House Music av Naomi Phillips. D\u00e4refter f\u00e5r eleverna skapa egna visuella tolkningar av musiken genom att designa personliga skivomslag utifr\u00e5n en noggrant utvald Afro-House-mix. Genom att \u00f6vers\u00e4tta ljud till bild tr\u00e4nas deras f\u00f6rm\u00e5ga till kreativt t\u00e4nkande och visuell kommunikation. Med v\u00e4gledning i enkla och tillg\u00e4ngliga teckningstekniker l\u00e4ggs fokus p\u00e5 skapargl\u00e4dje snarare \u00e4n teknisk perfektion.<\/span><\/p>\n<p><span style=\"font-weight: 400;\">Workshopen leds av Ashton Springer, utbildad konstn\u00e4r vid University of Hertfordshire och verksam i Stockholm. Ashton har m\u00e5ng\u00e5rig erfarenhet av att h\u00e5lla kreativa workshops med s\u00e4rskilt fokus p\u00e5 kreativitet och personligt uttryck.<\/span><\/p>\n<p><strong>Om Filmen<br \/>\n<\/strong>Denna musikdokument\u00e4r av Naomi Phillips f\u00f6ljer genrens r\u00f6tter genom en resa \u00f6ver kontinenter ,fr\u00e5n Sydafrika, Kenya och Angola till Portugal, Tyskland och USA. Filmen presenterar flera tongivande artister men belyser ocks\u00e5 de m\u00e5nga utmaningar som genren fortfarande m\u00f6ter p\u00e5 den globala scenen.<\/p>\n<article class=\"text-token-text-primary w-full focus:outline-none [--shadow-height:45px] has-data-writing-block:pointer-events-none has-data-writing-block:-mt-(--shadow-height) has-data-writing-block:pt-(--shadow-height) [&amp;:has([data-writing-block])&gt;*]:pointer-events-auto [content-visibility:auto] supports-[content-visibility:auto]:[contain-intrinsic-size:auto_100lvh] scroll-mt-[calc(var(--header-height)+min(200px,max(70px,20svh)))]\" dir=\"auto\" tabindex=\"-1\" data-turn-id=\"request-WEB:fc95271a-280f-49e7-956b-b9f7b209aceb-1\" data-testid=\"conversation-turn-4\" data-scroll-anchor=\"true\" data-turn=\"assistant\">\n<div class=\"text-base my-auto mx-auto pb-10 [--thread-content-margin:--spacing(4)] thread-sm:[--thread-content-margin:--spacing(6)] thread-lg:[--thread-content-margin:--spacing(16)] px-(--thread-content-margin)\">\n<div class=\"[--thread-content-max-width:40rem] thread-lg:[--thread-content-max-width:48rem] mx-auto max-w-(--thread-content-max-width) flex-1 group\/turn-messages focus-visible:outline-hidden relative flex w-full min-w-0 flex-col agent-turn\" tabindex=\"-1\">\n<div class=\"flex max-w-full flex-col grow\">\n<div class=\"min-h-8 text-message relative flex w-full flex-col items-end gap-2 text-start break-words whitespace-normal [.text-message+&amp;]:mt-1\" dir=\"auto\" data-message-author-role=\"assistant\" data-message-id=\"56f76698-853a-4335-be37-80d21b5c5952\" data-message-model-slug=\"gpt-5\">\n<div class=\"flex w-full flex-col gap-1 empty:hidden first:pt-[1px]\">\n<div class=\"markdown prose dark:prose-invert w-full break-words dark markdown-new-styling\">\n<p data-start=\"316\" data-end=\"634\" data-is-last-node=\"\" data-is-only-node=\"\">\u00c4ven i Berlin, den inofficiella huvudstaden f\u00f6r elektronisk musik, har afrohouse \u00e4nnu inte uppn\u00e5tt samma status som i s\u00f6dra Afrika. Dokument\u00e4ren \u00e4r producerad av det Berlinbaserade afrohouse-kollektivet Rise och fungerar b\u00e5de som en introduktion till afrohouse och som en hyllning till dess globala inflytande och arv.<\/p>\n<\/div>\n<\/div>\n<\/div>\n<\/div>\n<div class=\"z-0 flex min-h-[46px] justify-start\">F\u00f6r bokning maila info@cinemafrica.se<\/div>\n<div class=\"mt-3 w-full empty:hidden\">\n<div class=\"text-center\"><\/div>\n<\/div>\n<\/div>\n<\/div>\n<\/article>\n<div class=\"pointer-events-none h-px w-px\" aria-hidden=\"true\" data-edge=\"true\"><\/div>\n<p><strong>\u00a0<\/strong><\/p>\n","protected":false},"excerpt":{"rendered":"<p>I denna workshop introducerar eleverna till den globala musikr\u00f6relsen Afro-House, en genre som f\u00f6renar m\u00e4nniskor genom rytm, energi och kreativ frihet. Workshopen inleds med en visning av dokument\u00e4rfilmen Above &amp; Beyond &#8211; The Global Rise of Afro House Music av Naomi Phillips. D\u00e4refter f\u00e5r eleverna skapa egna visuella tolkningar av musiken genom att designa personliga [&hellip;]<\/p>\n","protected":false},"author":163,"featured_media":11529,"template":"","meta":{"_acf_changed":false},"product_brand":[],"product_cat":[152],"product_tag":[],"class_list":{"0":"post-11521","1":"product","2":"type-product","3":"status-publish","4":"has-post-thumbnail","6":"product_cat-films","8":"first","9":"instock","10":"taxable","11":"shipping-taxable","12":"product-type-simple"},"acf":[],"_links":{"self":[{"href":"https:\/\/cinemafrica.se\/en\/wp-json\/wp\/v2\/product\/11521","targetHints":{"allow":["GET"]}}],"collection":[{"href":"https:\/\/cinemafrica.se\/en\/wp-json\/wp\/v2\/product"}],"about":[{"href":"https:\/\/cinemafrica.se\/en\/wp-json\/wp\/v2\/types\/product"}],"author":[{"embeddable":true,"href":"https:\/\/cinemafrica.se\/en\/wp-json\/wp\/v2\/users\/163"}],"wp:featuredmedia":[{"embeddable":true,"href":"https:\/\/cinemafrica.se\/en\/wp-json\/wp\/v2\/media\/11529"}],"wp:attachment":[{"href":"https:\/\/cinemafrica.se\/en\/wp-json\/wp\/v2\/media?parent=11521"}],"wp:term":[{"taxonomy":"product_brand","embeddable":true,"href":"https:\/\/cinemafrica.se\/en\/wp-json\/wp\/v2\/product_brand?post=11521"},{"taxonomy":"product_cat","embeddable":true,"href":"https:\/\/cinemafrica.se\/en\/wp-json\/wp\/v2\/product_cat?post=11521"},{"taxonomy":"product_tag","embeddable":true,"href":"https:\/\/cinemafrica.se\/en\/wp-json\/wp\/v2\/product_tag?post=11521"}],"curies":[{"name":"wp","href":"https:\/\/api.w.org\/{rel}","templated":true}]}}