{"id":11908,"date":"2026-05-06T11:44:51","date_gmt":"2026-05-06T09:44:51","guid":{"rendered":"https:\/\/cinemafrica.se\/?post_type=product&#038;p=11908"},"modified":"2026-05-07T20:41:46","modified_gmt":"2026-05-07T18:41:46","slug":"cinemafrica-filmklubb-the-wall-street-boy-kipkemboi-2","status":"publish","type":"product","link":"https:\/\/cinemafrica.se\/en\/product\/cinemafrica-filmklubb-the-wall-street-boy-kipkemboi-2\/","title":{"rendered":"Cinemafrica filmklubb: The Wall Street boy \/ Kipkemboi"},"content":{"rendered":"<p>Cinemafricas ungdomsfilmklubb bjuder in till en inspirerande filmvisning p\u00e5 Kulturhuset Stadsteatern Husby den 8 maj.<\/p>\n<p>Kv\u00e4llens film, <em>\u201dThe Wall Street Boy \/ Kipkemboi\u201d<\/em>, \u00e4r en f\u00e4ngslande ber\u00e4ttelse om en ung matematikbeg\u00e5vning fr\u00e5n landsbygden i Kenya.<\/p>\n<p>Med en unik f\u00f6rm\u00e5ga att tolka naturens m\u00f6nster lyckas Kipkemboi utveckla en avancerad algoritm f\u00f6r aktiemarknaden, direkt fr\u00e5n sin enkla hemmilj\u00f6 i byn. Hans ov\u00e4ntade framg\u00e5ng v\u00e4cker snabbt uppm\u00e4rksamhet fr\u00e5n b\u00e5de internationella finansakt\u00f6rer och lokala myndigheter. Situationen eskalerar, och tillsammans med sin flickv\u00e4n Chepchirchir tvingas han fly. Filmen \u00e4r en gripande och tankev\u00e4ckande skildring som lyfter teman som innovation, kreativitet och sp\u00e4nningen mellan tradition och modernitet. Den ger ocks\u00e5 en nyanserad inblick i de socioekonomiska strukturerna i dagens Afrika.<\/p>\n<p>V\u00e4lkommen till en kv\u00e4ll fylld av inspiration.<\/p>\n<p>Fri entr\u00e9, boka biljetter h\u00e4r.<\/p>\n<p>Projektet genomf\u00f6rs i samarbete med Husby Stadsteater och sponsras av Svenska Postkodlotteriets Stiftelse. CinemAfricas filmklubb \u00e4r en del av CinemAfrica Next Generation, ett tv\u00e5 \u00e5rs projekt finansierat av Postkodlotteriet f\u00f6r ungdomar mellan 6-21 \u00e5r l\u00e4s mer om projektet h\u00e4r.<\/p>\n<p>&nbsp;<\/p>\n<p>&nbsp;<\/p>\n","protected":false},"excerpt":{"rendered":"<p>Cinemafricas ungdomsfilmklubb bjuder in till en inspirerande filmvisning p\u00e5 Kulturhuset Stadsteatern Husby den 8 maj. Kv\u00e4llens film, \u201dThe Wall Street Boy \/ Kipkemboi\u201d, \u00e4r en f\u00e4ngslande ber\u00e4ttelse om en ung matematikbeg\u00e5vning fr\u00e5n landsbygden i Kenya. Med en unik f\u00f6rm\u00e5ga att tolka naturens m\u00f6nster lyckas Kipkemboi utveckla en avancerad algoritm f\u00f6r aktiemarknaden, direkt fr\u00e5n sin enkla [&hellip;]<\/p>\n","protected":false},"author":163,"featured_media":11896,"template":"","meta":{"_acf_changed":false},"product_brand":[],"product_cat":[152,153],"product_tag":[],"class_list":{"0":"post-11908","1":"product","2":"type-product","3":"status-publish","4":"has-post-thumbnail","6":"product_cat-films","7":"product_cat-featurefilm","9":"first","10":"instock","11":"downloadable","12":"virtual","13":"purchasable","14":"product-type-simple"},"acf":[],"_links":{"self":[{"href":"https:\/\/cinemafrica.se\/en\/wp-json\/wp\/v2\/product\/11908","targetHints":{"allow":["GET"]}}],"collection":[{"href":"https:\/\/cinemafrica.se\/en\/wp-json\/wp\/v2\/product"}],"about":[{"href":"https:\/\/cinemafrica.se\/en\/wp-json\/wp\/v2\/types\/product"}],"author":[{"embeddable":true,"href":"https:\/\/cinemafrica.se\/en\/wp-json\/wp\/v2\/users\/163"}],"wp:featuredmedia":[{"embeddable":true,"href":"https:\/\/cinemafrica.se\/en\/wp-json\/wp\/v2\/media\/11896"}],"wp:attachment":[{"href":"https:\/\/cinemafrica.se\/en\/wp-json\/wp\/v2\/media?parent=11908"}],"wp:term":[{"taxonomy":"product_brand","embeddable":true,"href":"https:\/\/cinemafrica.se\/en\/wp-json\/wp\/v2\/product_brand?post=11908"},{"taxonomy":"product_cat","embeddable":true,"href":"https:\/\/cinemafrica.se\/en\/wp-json\/wp\/v2\/product_cat?post=11908"},{"taxonomy":"product_tag","embeddable":true,"href":"https:\/\/cinemafrica.se\/en\/wp-json\/wp\/v2\/product_tag?post=11908"}],"curies":[{"name":"wp","href":"https:\/\/api.w.org\/{rel}","templated":true}]}}