{"id":6681,"date":"2023-09-19T15:01:35","date_gmt":"2023-09-19T13:01:35","guid":{"rendered":"https:\/\/cinemafrica.spektradesign.se\/?post_type=product&#038;p=6681"},"modified":"2024-10-02T10:17:19","modified_gmt":"2024-10-02T08:17:19","slug":"6681","status":"publish","type":"product","link":"https:\/\/cinemafrica.se\/en\/product\/6681\/","title":{"rendered":"At War"},"content":{"rendered":"<p><span style=\"font-weight: 400;\">Kijani och Kelly \u00e4r ett ungt sk\u00e5despelarpar i London. En natt f\u00e5r Kijani en roll i en stor produktion men n\u00e4r han ber\u00e4ttar f\u00f6r Kelly om vilken typ av roll det handlar om reagerar hon inte som f\u00f6rv\u00e4ntat.<\/span><\/p>\n<p><span style=\"font-weight: 400;\">Suheib Saleh \u00e4r svensk sk\u00e5despelare k\u00e4nd fr\u00e5n bland annat Netflix-serien \u201dSt\u00f6rst av allt\u201d. Sedan 2020 \u00e4r han \u00e4ven regiss\u00f6r och har i den rollen gjort flera kortfilmer. <\/span><\/p>\n<p>Premi\u00e4r! Visas under \u00f6ppningen av festivalen 20\/10!<\/p>\n","protected":false},"excerpt":{"rendered":"<p>Kijani och Kelly \u00e4r ett ungt sk\u00e5despelarpar i London. En natt f\u00e5r Kijani en roll i en stor produktion men n\u00e4r han ber\u00e4ttar f\u00f6r Kelly om vilken typ av roll det handlar om reagerar hon inte som f\u00f6rv\u00e4ntat. Suheib Saleh \u00e4r svensk sk\u00e5despelare k\u00e4nd fr\u00e5n bland annat Netflix-serien \u201dSt\u00f6rst av allt\u201d. Sedan 2020 \u00e4r han [&hellip;]<\/p>\n","protected":false},"author":163,"featured_media":6684,"template":"","meta":{"_acf_changed":false},"product_brand":[],"product_cat":[145,154],"product_tag":[],"class_list":{"0":"post-6681","1":"product","2":"type-product","3":"status-publish","4":"has-post-thumbnail","6":"product_cat-festival-pass-sv","7":"product_cat-kortfilmspaket","9":"first","10":"instock","11":"downloadable","12":"virtual","13":"taxable","14":"product-type-simple"},"acf":[],"_links":{"self":[{"href":"https:\/\/cinemafrica.se\/en\/wp-json\/wp\/v2\/product\/6681","targetHints":{"allow":["GET"]}}],"collection":[{"href":"https:\/\/cinemafrica.se\/en\/wp-json\/wp\/v2\/product"}],"about":[{"href":"https:\/\/cinemafrica.se\/en\/wp-json\/wp\/v2\/types\/product"}],"author":[{"embeddable":true,"href":"https:\/\/cinemafrica.se\/en\/wp-json\/wp\/v2\/users\/163"}],"wp:featuredmedia":[{"embeddable":true,"href":"https:\/\/cinemafrica.se\/en\/wp-json\/wp\/v2\/media\/6684"}],"wp:attachment":[{"href":"https:\/\/cinemafrica.se\/en\/wp-json\/wp\/v2\/media?parent=6681"}],"wp:term":[{"taxonomy":"product_brand","embeddable":true,"href":"https:\/\/cinemafrica.se\/en\/wp-json\/wp\/v2\/product_brand?post=6681"},{"taxonomy":"product_cat","embeddable":true,"href":"https:\/\/cinemafrica.se\/en\/wp-json\/wp\/v2\/product_cat?post=6681"},{"taxonomy":"product_tag","embeddable":true,"href":"https:\/\/cinemafrica.se\/en\/wp-json\/wp\/v2\/product_tag?post=6681"}],"curies":[{"name":"wp","href":"https:\/\/api.w.org\/{rel}","templated":true}]}}