{"id":6851,"date":"2023-09-28T19:03:59","date_gmt":"2023-09-28T17:03:59","guid":{"rendered":"https:\/\/cinemafrica.spektradesign.se\/?post_type=product&#038;p=6851"},"modified":"2023-09-30T16:37:53","modified_gmt":"2023-09-30T14:37:53","slug":"bravo-burkina","status":"publish","type":"product","link":"https:\/\/cinemafrica.se\/en\/product\/bravo-burkina\/","title":{"rendered":"Bravo, Burkina!"},"content":{"rendered":"<p><span style=\"font-weight: 400;\">Storyteller and designer Wal\u00e9 Oy\u00e9jid\u00e9 makes his debut by inviting us to\u00a0 a poetic story of a boy from Burkina Faso who flees his village and migrates to Italy. Haunted by memories of his home, he travels through time in hopes of regaining all what he has lost. Through the eyes of a child who leaves his home, we see the emotional chasms that can be left behind when people migrate to distant lands. For an hour, we step into a dreamlike and mystical journey that explores the meaning of existing in two states \u2013 both coming and going, running away and running toward.<\/span><\/p>\n<p><span style=\"font-weight: 400;\">Wal\u00e9 Oy\u00e9jid\u00e9&#8217;s clothing brand, Ikir\u00e9 Jones, uses fashion to shed light on perspectives from marginalized people. His designs can be found in major films like &#8220;Black Panther 2&#8221; and &#8220;Coming 2 America,&#8221; as well as in museums around the world.<\/span><\/p>\n<p>The movie will be shown at the opening of the festival and on the 29\/10 in Bio Rio.<\/p>\n","protected":false},"excerpt":{"rendered":"<p>Storyteller and designer Wal\u00e9 Oy\u00e9jid\u00e9 makes his debut by inviting us to\u00a0 a poetic story of a boy from Burkina Faso who flees his village and migrates to Italy. Haunted by memories of his home, he travels through time in hopes of regaining all what he has lost. Through the eyes of a child who [&hellip;]<\/p>\n","protected":false},"author":163,"featured_media":6928,"template":"","meta":{"_acf_changed":false},"product_brand":[],"product_cat":[128,130],"product_tag":[],"class_list":{"0":"post-6851","1":"product","2":"type-product","3":"status-publish","4":"has-post-thumbnail","6":"product_cat-films","7":"product_cat-featurefilm-en","9":"first","10":"instock","11":"virtual","12":"taxable","13":"purchasable","14":"product-type-simple"},"acf":[],"_links":{"self":[{"href":"https:\/\/cinemafrica.se\/en\/wp-json\/wp\/v2\/product\/6851","targetHints":{"allow":["GET"]}}],"collection":[{"href":"https:\/\/cinemafrica.se\/en\/wp-json\/wp\/v2\/product"}],"about":[{"href":"https:\/\/cinemafrica.se\/en\/wp-json\/wp\/v2\/types\/product"}],"author":[{"embeddable":true,"href":"https:\/\/cinemafrica.se\/en\/wp-json\/wp\/v2\/users\/163"}],"wp:featuredmedia":[{"embeddable":true,"href":"https:\/\/cinemafrica.se\/en\/wp-json\/wp\/v2\/media\/6928"}],"wp:attachment":[{"href":"https:\/\/cinemafrica.se\/en\/wp-json\/wp\/v2\/media?parent=6851"}],"wp:term":[{"taxonomy":"product_brand","embeddable":true,"href":"https:\/\/cinemafrica.se\/en\/wp-json\/wp\/v2\/product_brand?post=6851"},{"taxonomy":"product_cat","embeddable":true,"href":"https:\/\/cinemafrica.se\/en\/wp-json\/wp\/v2\/product_cat?post=6851"},{"taxonomy":"product_tag","embeddable":true,"href":"https:\/\/cinemafrica.se\/en\/wp-json\/wp\/v2\/product_tag?post=6851"}],"curies":[{"name":"wp","href":"https:\/\/api.w.org\/{rel}","templated":true}]}}