{"id":7762,"date":"2023-10-18T15:56:25","date_gmt":"2023-10-18T13:56:25","guid":{"rendered":"https:\/\/cinemafrica.se\/?post_type=product&#038;p=7762"},"modified":"2024-10-02T10:17:17","modified_gmt":"2024-10-02T08:17:17","slug":"the-myth-of-the-black-woman","status":"publish","type":"product","link":"https:\/\/cinemafrica.se\/en\/product\/the-myth-of-the-black-woman\/","title":{"rendered":"The Myth of The Black Woman"},"content":{"rendered":"<p><span style=\"font-weight: 400;\">Vad inneb\u00e4r det att vara svart kvinna idag? Hur p\u00e5verkas svarta kvinnor av de stereotyper som har reproducerats i mer \u00e4n 200 \u00e5r? \u201cThe Myth of The Black Woman\u201d \u00e4r en dokument\u00e4r d\u00e4r vi f\u00e5r ta del av 21 gripande ber\u00e4ttelser om utmaningarna kring den stereotypa bilden av svarta kvinnor och dess p\u00e5verkan. Fr\u00e5n den hypersexuella Jezebel, den omh\u00e4ndertagna och modersfiguren Mammie, till den arga svarta kvinnan med h\u00f6g ambition och attityd, Sapphire. I samband med ber\u00e4ttelserna f\u00e5r vi f\u00f6lja en tidslinje med arkiv av bilder fr\u00e5n 1800-talet till nutid p\u00e5 hur svarta kvinnor har portr\u00e4tterats genom tider.\u00a0<\/span><\/p>\n<p><span style=\"font-weight: 400;\">Ayana O\u2019Shun \u00e4r en v\u00e4lk\u00e4nd kanadensisk sk\u00e5despelare, men som ocks\u00e5 producerat flera dokument\u00e4rer och filmer <\/span><span style=\"font-weight: 400;\">som har visats p\u00e5 \u00f6ver 40 internationella filmfestivaler. Ayanas filmer har vunnit prestigefyllda priser som Dikola Award vid Cannes Pan African Film Festival f\u00f6r hennes dokument\u00e4r Les Mains Noires (2010).\u00a0<\/span><\/p>\n<p>Datum: 21 oktober<br \/>\nPlats: hallwylska museet<br \/>\nTid: 18:00<br style=\"font-weight: 400;\" \/><br style=\"font-weight: 400;\" \/><\/p>\n","protected":false},"excerpt":{"rendered":"<p>Vad inneb\u00e4r det att vara svart kvinna idag? Hur p\u00e5verkas svarta kvinnor av de stereotyper som har reproducerats i mer \u00e4n 200 \u00e5r? \u201cThe Myth of The Black Woman\u201d \u00e4r en dokument\u00e4r d\u00e4r vi f\u00e5r ta del av 21 gripande ber\u00e4ttelser om utmaningarna kring den stereotypa bilden av svarta kvinnor och dess p\u00e5verkan. Fr\u00e5n den [&hellip;]<\/p>\n","protected":false},"author":163,"featured_media":7763,"template":"","meta":{"_acf_changed":false},"product_brand":[],"product_cat":[152,157],"product_tag":[],"class_list":{"0":"post-7762","1":"product","2":"type-product","3":"status-publish","4":"has-post-thumbnail","6":"product_cat-films","7":"product_cat-documentaryfilm","9":"first","10":"instock","11":"downloadable","12":"virtual","13":"taxable","14":"purchasable","15":"product-type-simple"},"acf":[],"_links":{"self":[{"href":"https:\/\/cinemafrica.se\/en\/wp-json\/wp\/v2\/product\/7762","targetHints":{"allow":["GET"]}}],"collection":[{"href":"https:\/\/cinemafrica.se\/en\/wp-json\/wp\/v2\/product"}],"about":[{"href":"https:\/\/cinemafrica.se\/en\/wp-json\/wp\/v2\/types\/product"}],"author":[{"embeddable":true,"href":"https:\/\/cinemafrica.se\/en\/wp-json\/wp\/v2\/users\/163"}],"wp:featuredmedia":[{"embeddable":true,"href":"https:\/\/cinemafrica.se\/en\/wp-json\/wp\/v2\/media\/7763"}],"wp:attachment":[{"href":"https:\/\/cinemafrica.se\/en\/wp-json\/wp\/v2\/media?parent=7762"}],"wp:term":[{"taxonomy":"product_brand","embeddable":true,"href":"https:\/\/cinemafrica.se\/en\/wp-json\/wp\/v2\/product_brand?post=7762"},{"taxonomy":"product_cat","embeddable":true,"href":"https:\/\/cinemafrica.se\/en\/wp-json\/wp\/v2\/product_cat?post=7762"},{"taxonomy":"product_tag","embeddable":true,"href":"https:\/\/cinemafrica.se\/en\/wp-json\/wp\/v2\/product_tag?post=7762"}],"curies":[{"name":"wp","href":"https:\/\/api.w.org\/{rel}","templated":true}]}}