{"id":7900,"date":"2023-10-20T16:14:55","date_gmt":"2023-10-20T14:14:55","guid":{"rendered":"https:\/\/cinemafrica.se\/?post_type=product&#038;p=7900"},"modified":"2024-10-23T10:18:47","modified_gmt":"2024-10-23T08:18:47","slug":"medlemskap-pensionar-student","status":"publish","type":"product","link":"https:\/\/cinemafrica.se\/en\/product\/medlemskap-pensionar-student\/","title":{"rendered":"Medlemskap pension\u00e4r\/student"},"content":{"rendered":"<p>Som\u00a0 student\/pension\u00e4r medlem i CinemAfrica f\u00e5r du medlemsf\u00f6rm\u00e5ner\u00a0 under \u00e5ret, som exklusiva filmvisningar f\u00f6r medlemmar, inbjudan till mingel och festivalbiljetter till rabatterat pris. Studenter och pension\u00e4rer betalar endast 100 kr f\u00f6r alla visningar.<\/p>\n<p>Som medlem \u00e4r du en av v\u00e5ra supportrar och ditt medlemskap \u00e4r ett st\u00f6d till v\u00e5r verksamhet och hj\u00e4lper oss att kunna forts\u00e4tta visa kvalitetsfilmer och g\u00f6ra en \u00e4nnu b\u00e4ttre filmfestival!<\/p>\n","protected":false},"excerpt":{"rendered":"<p>Som\u00a0 student\/pension\u00e4r medlem i CinemAfrica f\u00e5r du medlemsf\u00f6rm\u00e5ner\u00a0 under \u00e5ret, som exklusiva filmvisningar f\u00f6r medlemmar, inbjudan till mingel och festivalbiljetter till rabatterat pris. Studenter och pension\u00e4rer betalar endast 100 kr f\u00f6r alla visningar. Som medlem \u00e4r du en av v\u00e5ra supportrar och ditt medlemskap \u00e4r ett st\u00f6d till v\u00e5r verksamhet och hj\u00e4lper oss att kunna [&hellip;]<\/p>\n","protected":false},"author":3,"featured_media":6739,"template":"","meta":{"_acf_changed":false},"product_brand":[],"product_cat":[160],"product_tag":[],"class_list":{"0":"post-7900","1":"product","2":"type-product","3":"status-publish","4":"has-post-thumbnail","6":"product_cat-membership-2","8":"first","9":"instock","10":"downloadable","11":"virtual","12":"sold-individually","13":"taxable","14":"purchasable","15":"product-type-simple"},"acf":[],"_links":{"self":[{"href":"https:\/\/cinemafrica.se\/en\/wp-json\/wp\/v2\/product\/7900","targetHints":{"allow":["GET"]}}],"collection":[{"href":"https:\/\/cinemafrica.se\/en\/wp-json\/wp\/v2\/product"}],"about":[{"href":"https:\/\/cinemafrica.se\/en\/wp-json\/wp\/v2\/types\/product"}],"author":[{"embeddable":true,"href":"https:\/\/cinemafrica.se\/en\/wp-json\/wp\/v2\/users\/3"}],"wp:featuredmedia":[{"embeddable":true,"href":"https:\/\/cinemafrica.se\/en\/wp-json\/wp\/v2\/media\/6739"}],"wp:attachment":[{"href":"https:\/\/cinemafrica.se\/en\/wp-json\/wp\/v2\/media?parent=7900"}],"wp:term":[{"taxonomy":"product_brand","embeddable":true,"href":"https:\/\/cinemafrica.se\/en\/wp-json\/wp\/v2\/product_brand?post=7900"},{"taxonomy":"product_cat","embeddable":true,"href":"https:\/\/cinemafrica.se\/en\/wp-json\/wp\/v2\/product_cat?post=7900"},{"taxonomy":"product_tag","embeddable":true,"href":"https:\/\/cinemafrica.se\/en\/wp-json\/wp\/v2\/product_tag?post=7900"}],"curies":[{"name":"wp","href":"https:\/\/api.w.org\/{rel}","templated":true}]}}