{"id":8718,"date":"2023-12-13T13:30:57","date_gmt":"2023-12-13T12:30:57","guid":{"rendered":"https:\/\/cinemafrica.se\/?post_type=product&#038;p=8718"},"modified":"2024-10-02T11:35:54","modified_gmt":"2024-10-02T09:35:54","slug":"nyhetsbrev","status":"publish","type":"product","link":"https:\/\/cinemafrica.se\/en\/product\/nyhetsbrev\/","title":{"rendered":"Nyhetsbrev"},"content":{"rendered":"<p><span style=\"font-weight: 400;\">Missa inget! <\/span><span style=\"font-weight: 400;\">Prenumerera <\/span><span style=\"font-weight: 400;\">p\u00e5 CinemAfricas nyhetsbrev.\u00a0<\/span><span style=\"font-weight: 400;\">Signa upp dig p\u00e5 v\u00e5rt nyhetsbrev och h\u00e5ll dig uppdaterad <\/span><span style=\"font-weight: 400;\">p\u00e5 allt kul vi g\u00f6r under \u00e5ret.<\/span><\/p>\n<p><br style=\"font-weight: 400;\" \/><br style=\"font-weight: 400;\" \/><\/p>\n","protected":false},"excerpt":{"rendered":"<p>Missa inget! Prenumerera p\u00e5 CinemAfricas nyhetsbrev.\u00a0Signa upp dig p\u00e5 v\u00e5rt nyhetsbrev och h\u00e5ll dig uppdaterad p\u00e5 allt kul vi g\u00f6r under \u00e5ret.<\/p>\n","protected":false},"author":163,"featured_media":6739,"template":"","meta":{"_acf_changed":false},"product_brand":[],"product_cat":[160],"product_tag":[],"class_list":{"0":"post-8718","1":"product","2":"type-product","3":"status-publish","4":"has-post-thumbnail","6":"product_cat-membership-2","8":"first","9":"instock","10":"sold-individually","11":"taxable","12":"shipping-taxable","13":"purchasable","14":"product-type-simple"},"acf":[],"_links":{"self":[{"href":"https:\/\/cinemafrica.se\/en\/wp-json\/wp\/v2\/product\/8718","targetHints":{"allow":["GET"]}}],"collection":[{"href":"https:\/\/cinemafrica.se\/en\/wp-json\/wp\/v2\/product"}],"about":[{"href":"https:\/\/cinemafrica.se\/en\/wp-json\/wp\/v2\/types\/product"}],"author":[{"embeddable":true,"href":"https:\/\/cinemafrica.se\/en\/wp-json\/wp\/v2\/users\/163"}],"wp:featuredmedia":[{"embeddable":true,"href":"https:\/\/cinemafrica.se\/en\/wp-json\/wp\/v2\/media\/6739"}],"wp:attachment":[{"href":"https:\/\/cinemafrica.se\/en\/wp-json\/wp\/v2\/media?parent=8718"}],"wp:term":[{"taxonomy":"product_brand","embeddable":true,"href":"https:\/\/cinemafrica.se\/en\/wp-json\/wp\/v2\/product_brand?post=8718"},{"taxonomy":"product_cat","embeddable":true,"href":"https:\/\/cinemafrica.se\/en\/wp-json\/wp\/v2\/product_cat?post=8718"},{"taxonomy":"product_tag","embeddable":true,"href":"https:\/\/cinemafrica.se\/en\/wp-json\/wp\/v2\/product_tag?post=8718"}],"curies":[{"name":"wp","href":"https:\/\/api.w.org\/{rel}","templated":true}]}}