{"id":8807,"date":"2024-02-08T12:12:29","date_gmt":"2024-02-08T11:12:29","guid":{"rendered":"https:\/\/cinemafrica.se\/?post_type=product&#038;p=8807"},"modified":"2026-02-16T13:22:52","modified_gmt":"2026-02-16T12:22:52","slug":"queen-and-slim","status":"publish","type":"product","link":"https:\/\/cinemafrica.se\/en\/product\/queen-and-slim\/","title":{"rendered":"Queen &#038; Slim"},"content":{"rendered":"<div>Denna m\u00e5nad firar vi Black history month i k\u00e4rlekens tecken. I samarbete med Hobo hotell presenterar vi Queen &amp; Slim!<\/div>\n<div><\/div>\n<p>P\u00e5 en misslyckad f\u00f6rsta dejt tillsammans i Ohio blir en svart man och en svart kvinna stoppade f\u00f6r en mindre trafikf\u00f6rseelse. Situationen eskalerar med b\u00e5de pl\u00f6tsliga och tragiska resultat n\u00e4r mannen d\u00f6dar en polis i sj\u00e4lvf\u00f6rsvar. Skr\u00e4ckslagna tvingas mannen, en butiksanst\u00e4lld, och kvinnan, en brottm\u00e5lsadvokat, att fly f\u00f6r sina liv. Men incidenten f\u00e5ngas p\u00e5 video och g\u00e5r viralt, och paret blir omedvetet en symbol f\u00f6r b\u00e5de trauma, skr\u00e4ck, sorg och sm\u00e4rta f\u00f6r m\u00e4nniskor \u00f6ver hela landet.<\/p>\n<p>Visningen \u00e4r gratis f\u00f6r alla medlemmar, k\u00f6p ditt medlemskap <a href=\"https:\/\/cinemafrica.se\/medlemskap\/\">h\u00e4r! <\/a><\/p>\n<p>Vi ses snart!<\/p>\n","protected":false},"excerpt":{"rendered":"<p>Denna m\u00e5nad firar vi Black history month i k\u00e4rlekens tecken. I samarbete med Hobo hotell presenterar vi Queen &amp; Slim! P\u00e5 en misslyckad f\u00f6rsta dejt tillsammans i Ohio blir en svart man och en svart kvinna stoppade f\u00f6r en mindre trafikf\u00f6rseelse. Situationen eskalerar med b\u00e5de pl\u00f6tsliga och tragiska resultat n\u00e4r mannen d\u00f6dar en polis i [&hellip;]<\/p>\n","protected":false},"author":163,"featured_media":8816,"template":"","meta":{"_acf_changed":false},"product_brand":[],"product_cat":[153],"product_tag":[],"class_list":{"0":"post-8807","1":"product","2":"type-product","3":"status-publish","4":"has-post-thumbnail","6":"product_cat-featurefilm","8":"first","9":"instock","10":"downloadable","11":"virtual","12":"taxable","13":"purchasable","14":"product-type-simple"},"acf":[],"_links":{"self":[{"href":"https:\/\/cinemafrica.se\/en\/wp-json\/wp\/v2\/product\/8807","targetHints":{"allow":["GET"]}}],"collection":[{"href":"https:\/\/cinemafrica.se\/en\/wp-json\/wp\/v2\/product"}],"about":[{"href":"https:\/\/cinemafrica.se\/en\/wp-json\/wp\/v2\/types\/product"}],"author":[{"embeddable":true,"href":"https:\/\/cinemafrica.se\/en\/wp-json\/wp\/v2\/users\/163"}],"wp:featuredmedia":[{"embeddable":true,"href":"https:\/\/cinemafrica.se\/en\/wp-json\/wp\/v2\/media\/8816"}],"wp:attachment":[{"href":"https:\/\/cinemafrica.se\/en\/wp-json\/wp\/v2\/media?parent=8807"}],"wp:term":[{"taxonomy":"product_brand","embeddable":true,"href":"https:\/\/cinemafrica.se\/en\/wp-json\/wp\/v2\/product_brand?post=8807"},{"taxonomy":"product_cat","embeddable":true,"href":"https:\/\/cinemafrica.se\/en\/wp-json\/wp\/v2\/product_cat?post=8807"},{"taxonomy":"product_tag","embeddable":true,"href":"https:\/\/cinemafrica.se\/en\/wp-json\/wp\/v2\/product_tag?post=8807"}],"curies":[{"name":"wp","href":"https:\/\/api.w.org\/{rel}","templated":true}]}}