{"id":9298,"date":"2024-10-02T11:12:18","date_gmt":"2024-10-02T09:12:18","guid":{"rendered":"https:\/\/cinemafrica.se\/?post_type=product&#038;p=9298"},"modified":"2024-10-26T11:39:04","modified_gmt":"2024-10-26T09:39:04","slug":"dahomey","status":"publish","type":"product","link":"https:\/\/cinemafrica.se\/en\/product\/dahomey\/","title":{"rendered":"Dahomey"},"content":{"rendered":"<p><span style=\"font-weight: 400;\">I samarbete med V\u00e4rldskulturmuseerna presenterar vi Guldbj\u00f6rnvinnaren <\/span><i><span style=\"font-weight: 400;\">Dahomey<\/span><\/i><span style=\"font-weight: 400;\"> av Mati Diop, en dokument\u00e4r om \u00e5terl\u00e4mnandet av 26 kungliga skatter fr\u00e5n det historiska Kungariket Dahomey (nuvarande Benin) fr\u00e5n ett franskt museum och de reaktioner som detta v\u00e4cker i Benin.<\/span><\/p>\n<p><span style=\"font-weight: 400;\">Varf\u00f6r betraktar europeiska museer \u00e5terl\u00e4mnandet av kulturarv till l\u00e4nder som Benin och andra afrikanska nationer som en central framtidsfr\u00e5ga?<\/span><\/p>\n<p><span style=\"font-weight: 400;\">Efter filmvisningen kommer Maureen Hoppers, styrelseordf\u00f6rande f\u00f6r CinemAfrica, att samtala med Michael Law Barrett, antropolog och intendent f\u00f6r de afrikanska samlingarna vid Statens museer f\u00f6r v\u00e4rldskultur. Vid museet finns liknande samlingar som de som lyfts fram i Dahomey. \u00c5r 2023 fattade den svenska regeringen beslutet att delar av V\u00e4rldskulturmuseernas samling av Beninf\u00f6rem\u00e5l ska \u00e5terl\u00e4mnas till Nigeria. Michael Law Barrett, som lett f\u00f6rberedelsearbetet, kommer att ber\u00e4tta om denna process i eftersamtalet.<\/span><\/p>\n<p><span style=\"font-weight: 400;\">Eftersamtal:<br \/>\n<\/span><span style=\"font-weight: 400;\">Michael Law Barrett, Intendent p\u00e5 Etnografiska museet<br \/>\n<\/span><span style=\"font-weight: 400;\">Intervjuare: Maureen Hoppers,\u00a0 Styrelseordf\u00f6rande Cinemafrica<br \/>\n<\/span><\/p>\n<p><i><span style=\"font-weight: 400;\">Denna visning \u00e4r ett samarbete med V\u00e4rldskulturmuseerna.<\/span><\/i><\/p>\n","protected":false},"excerpt":{"rendered":"<p>I samarbete med V\u00e4rldskulturmuseerna presenterar vi Guldbj\u00f6rnvinnaren Dahomey av Mati Diop, en dokument\u00e4r om \u00e5terl\u00e4mnandet av 26 kungliga skatter fr\u00e5n det historiska Kungariket Dahomey (nuvarande Benin) fr\u00e5n ett franskt museum och de reaktioner som detta v\u00e4cker i Benin. Varf\u00f6r betraktar europeiska museer \u00e5terl\u00e4mnandet av kulturarv till l\u00e4nder som Benin och andra afrikanska nationer som en [&hellip;]<\/p>\n","protected":false},"author":163,"featured_media":9303,"template":"","meta":{"_acf_changed":false},"product_brand":[],"product_cat":[152,157],"product_tag":[],"class_list":{"0":"post-9298","1":"product","2":"type-product","3":"status-publish","4":"has-post-thumbnail","6":"product_cat-films","7":"product_cat-documentaryfilm","9":"first","10":"instock","11":"taxable","12":"shipping-taxable","13":"purchasable","14":"product-type-variable","15":"has-default-attributes"},"acf":[],"_links":{"self":[{"href":"https:\/\/cinemafrica.se\/en\/wp-json\/wp\/v2\/product\/9298","targetHints":{"allow":["GET"]}}],"collection":[{"href":"https:\/\/cinemafrica.se\/en\/wp-json\/wp\/v2\/product"}],"about":[{"href":"https:\/\/cinemafrica.se\/en\/wp-json\/wp\/v2\/types\/product"}],"author":[{"embeddable":true,"href":"https:\/\/cinemafrica.se\/en\/wp-json\/wp\/v2\/users\/163"}],"wp:featuredmedia":[{"embeddable":true,"href":"https:\/\/cinemafrica.se\/en\/wp-json\/wp\/v2\/media\/9303"}],"wp:attachment":[{"href":"https:\/\/cinemafrica.se\/en\/wp-json\/wp\/v2\/media?parent=9298"}],"wp:term":[{"taxonomy":"product_brand","embeddable":true,"href":"https:\/\/cinemafrica.se\/en\/wp-json\/wp\/v2\/product_brand?post=9298"},{"taxonomy":"product_cat","embeddable":true,"href":"https:\/\/cinemafrica.se\/en\/wp-json\/wp\/v2\/product_cat?post=9298"},{"taxonomy":"product_tag","embeddable":true,"href":"https:\/\/cinemafrica.se\/en\/wp-json\/wp\/v2\/product_tag?post=9298"}],"curies":[{"name":"wp","href":"https:\/\/api.w.org\/{rel}","templated":true}]}}