{"id":9305,"date":"2024-10-02T11:12:18","date_gmt":"2024-10-02T09:12:18","guid":{"rendered":"https:\/\/cinemafrica.se\/?post_type=product&#038;p=9305"},"modified":"2024-10-26T14:29:34","modified_gmt":"2024-10-26T12:29:34","slug":"joia","status":"publish","type":"product","link":"https:\/\/cinemafrica.se\/en\/product\/joia\/","title":{"rendered":"Joia"},"content":{"rendered":"<p><span style=\"font-weight: 400;\">&#8220;Joia&#8221; \u00e4r ett drama inspirerat av en sp\u00e4nnande sann ber\u00e4ttelse om en ung angolansk flicka som levde under en period av v\u00e4pnad konflikt i provinsen Benguela, i kommunen Bocoio, efter att ha st\u00e4llts inf\u00f6r flera faror att hitta sina f\u00f6r\u00e4ldrar och systrar, med mod. , beslutsamhet, hopp och k\u00e4rlek, k\u00e4nslor som gjorde att hon kunde \u00f6vervinna det som verkade om\u00f6jligt att \u00f6vervinna.<\/span><\/p>\n<p><span style=\"font-weight: 400;\">Associa\u00e7\u00e3o Cultural Impacto Criativo (ACIC) skapades av Micaela Reis i syfte att ge m\u00f6jligheter till nya talanger och bidra till utvecklingen av den angolanska filmindustrin. Fokus \u00e4r att p\u00e5verka genom konsten och ge m\u00e4nniskor hopp<\/span><\/p>\n<p><span style=\"font-weight: 400;\">Eftersamtal:<br \/>\n<\/span><span style=\"font-weight: 400;\">Micaela Reis (executive producer och manusf\u00f6rfattare) f\u00f6r Joia som bes\u00f6ker CinemAfrica festivalen f\u00f6r f\u00f6rsta g\u00e5ngen.<br \/>\n<\/span><span style=\"font-weight: 400;\">Intervjuare: David Nzinga, regiss\u00f6r, producent, sk\u00e5despelare samt styrelseledamot i CinemAfrica.<\/span><\/p>\n<p><i><span style=\"font-weight: 400;\">Denna filmvisning \u00e4r ett samarbete med Svenska ambassaden i Angola.<\/span><\/i><\/p>\n","protected":false},"excerpt":{"rendered":"<p>&#8220;Joia&#8221; \u00e4r ett drama inspirerat av en sp\u00e4nnande sann ber\u00e4ttelse om en ung angolansk flicka som levde under en period av v\u00e4pnad konflikt i provinsen Benguela, i kommunen Bocoio, efter att ha st\u00e4llts inf\u00f6r flera faror att hitta sina f\u00f6r\u00e4ldrar och systrar, med mod. , beslutsamhet, hopp och k\u00e4rlek, k\u00e4nslor som gjorde att hon kunde [&hellip;]<\/p>\n","protected":false},"author":163,"featured_media":9306,"template":"","meta":{"_acf_changed":false},"product_brand":[],"product_cat":[152,153],"product_tag":[],"class_list":{"0":"post-9305","1":"product","2":"type-product","3":"status-publish","4":"has-post-thumbnail","6":"product_cat-films","7":"product_cat-featurefilm","9":"first","10":"instock","11":"taxable","12":"shipping-taxable","13":"purchasable","14":"product-type-variable","15":"has-default-attributes"},"acf":[],"_links":{"self":[{"href":"https:\/\/cinemafrica.se\/en\/wp-json\/wp\/v2\/product\/9305","targetHints":{"allow":["GET"]}}],"collection":[{"href":"https:\/\/cinemafrica.se\/en\/wp-json\/wp\/v2\/product"}],"about":[{"href":"https:\/\/cinemafrica.se\/en\/wp-json\/wp\/v2\/types\/product"}],"author":[{"embeddable":true,"href":"https:\/\/cinemafrica.se\/en\/wp-json\/wp\/v2\/users\/163"}],"wp:featuredmedia":[{"embeddable":true,"href":"https:\/\/cinemafrica.se\/en\/wp-json\/wp\/v2\/media\/9306"}],"wp:attachment":[{"href":"https:\/\/cinemafrica.se\/en\/wp-json\/wp\/v2\/media?parent=9305"}],"wp:term":[{"taxonomy":"product_brand","embeddable":true,"href":"https:\/\/cinemafrica.se\/en\/wp-json\/wp\/v2\/product_brand?post=9305"},{"taxonomy":"product_cat","embeddable":true,"href":"https:\/\/cinemafrica.se\/en\/wp-json\/wp\/v2\/product_cat?post=9305"},{"taxonomy":"product_tag","embeddable":true,"href":"https:\/\/cinemafrica.se\/en\/wp-json\/wp\/v2\/product_tag?post=9305"}],"curies":[{"name":"wp","href":"https:\/\/api.w.org\/{rel}","templated":true}]}}