{"id":9314,"date":"2024-10-02T11:12:18","date_gmt":"2024-10-02T09:12:18","guid":{"rendered":"https:\/\/cinemafrica.se\/?post_type=product&#038;p=9314"},"modified":"2024-10-25T15:01:27","modified_gmt":"2024-10-25T13:01:27","slug":"the-wall-street-boy-kipkemboi-invigningsfilm","status":"publish","type":"product","link":"https:\/\/cinemafrica.se\/en\/product\/the-wall-street-boy-kipkemboi-invigningsfilm\/","title":{"rendered":"Kipkemboi &#8211;  Invigningsfilm"},"content":{"rendered":"<p><b>V\u00e4lkommen till v\u00e5r invigningskv\u00e4ll \u2013 startskottet f\u00f6r \u00e5rets festival!\u00a0<\/b><\/p>\n<p><span style=\"font-weight: 400;\">Den 25 oktober\u00a0 inleder vi festivalen med en kv\u00e4ll att minnas p\u00e5 Maxim, d\u00e4r vi firar tillsammans med v\u00e5ra medlemmar och trogna publik. Tillsammans markerar vi festivalens \u00f6ppning och forts\u00e4tter v\u00e5rt arbete med att lyfta afrikansk film och diasporans ber\u00e4ttelser.<\/span><\/p>\n<p><span style=\"font-weight: 400;\">Kv\u00e4llen bjuder p\u00e5 en inspirerande filmvisning, engagerande samtal, presentation av Cinemafrica crew och ett sp\u00e4nnande upptr\u00e4dande av <strong>Marianne Da Cruz.<\/strong> Efter programmet forts\u00e4tter efter minglet p\u00e5 Maxim, d\u00e4r du kan m\u00f6ta nya och gamla bekantskaper i en h\u00e4rlig atmosf\u00e4r.<strong> Kv\u00e4llens host:\u00a0 Maureen Hoppers och Raymond \u00a0\u201dBlues\u201d\u00a0Peroti<\/strong><\/span><\/p>\n<p><strong>Kv\u00e4llens program:<\/strong><\/p>\n<ul>\n<li style=\"font-weight: 400;\" aria-level=\"1\"><span style=\"font-weight: 400;\">16:00 <\/span> <span style=\"font-weight: 400;\">Bistro Maxim (bordsbokning: <\/span><a href=\"https:\/\/www.maximstockholm.se\/bistro\/\"><span style=\"font-weight: 400;\">www.maximstockholm.se\/bistro<\/span><\/a><span style=\"font-weight: 400;\">)<\/span><\/li>\n<li style=\"font-weight: 400;\" aria-level=\"1\"><span style=\"font-weight: 400;\">17:00 <\/span> <span style=\"font-weight: 400;\">D\u00f6rrarna till salongen och baren med barmeny \u00f6ppnar<\/span><\/li>\n<li style=\"font-weight: 400;\" aria-level=\"1\"><strong>18:00 Kv\u00e4llens program inleds med kv\u00e4llens hosts!<\/strong><\/li>\n<li style=\"font-weight: 400;\" aria-level=\"1\"><span style=\"font-weight: 400;\">18:15 <\/span> <span style=\"font-weight: 400;\">Framtr\u00e4dande: Marianne Da Cruz<\/span><\/li>\n<li style=\"font-weight: 400;\" aria-level=\"1\"><span style=\"font-weight: 400;\">18:30 <\/span> <span style=\"font-weight: 400;\">Festivalpepp med Mam Foon, verksamhetschef CinemAfrica<\/span><\/li>\n<li style=\"font-weight: 400;\" aria-level=\"1\"><span style=\"font-weight: 400;\">18:40<\/span> <span style=\"font-weight: 400;\">Filmvisning: \u201c<\/span><i><span style=\"font-weight: 400;\">Kipkemboi<\/span><\/i><span style=\"font-weight: 400;\"> \/ <\/span><i><span style=\"font-weight: 400;\">The Wall Street Boi\u201d<\/span><\/i><\/li>\n<li style=\"font-weight: 400;\" aria-level=\"1\"><span style=\"font-weight: 400;\">20:20<\/span> <span style=\"font-weight: 400;\">Eftersamtal med Kenyanska aktivisten Nyamusi Nyambok<\/span><\/li>\n<li style=\"font-weight: 400;\" aria-level=\"1\"><span style=\"font-weight: 400;\">20:30 <\/span> <span style=\"font-weight: 400;\">Forsatt mingel med musik och barnmeny p\u00e5 Maxim<\/span><\/li>\n<\/ul>\n<p><span style=\"font-weight: 400;\">22:30<\/span> <span style=\"font-weight: 400;\">Kv\u00e4llen avslutas. <\/span><\/p>\n<p><span style=\"font-weight: 400;\">Under invigningen visar vi <\/span><strong>The Wall Street Boy \/ Kipkemboi <\/strong><span style=\"font-weight: 400;\"><strong>(Sverige premi\u00e4r!), gjord av Charles Uwagbai<\/strong> <strong>(2023).\u00a0<\/strong><\/span><\/p>\n<p><span style=\"font-weight: 400;\">&#8220;The Wall Street Boy \/ Kipkemboi&#8221; ber\u00e4ttar historien om en ung mattegeni fr\u00e5n landsbygden i Kenya som med hj\u00e4lp av sin f\u00f6rst\u00e5else f\u00f6r naturens m\u00f6nster utvecklar en framg\u00e5ngsrik algoritm f\u00f6r aktiemarknaden. Hans enast\u00e5ende framg\u00e5ng, fr\u00e5n en enkel upps\u00e4ttning i sin by, v\u00e4cker uppm\u00e4rksamhet fr\u00e5n internationella finansm\u00e4n och lokala myndigheter, vilket tvingar honom och hans flickv\u00e4n Chepchirchir att fly.<\/span><\/p>\n<p><span style=\"font-weight: 400;\">Denna fiktiva film utforskar teman som innovation, uppfinningsrikedom och konflikten mellan tradition och modernitet. Samt de socioekonomiska dynamikerna i det samtida Afrika.<\/span><\/p>\n<p><strong>K\u00f6p dina biljetter <a href=\"https:\/\/secure.tickster.com\/sv\/ewwg2bfwgmy6a5w\/seating\">h\u00e4r!<\/a><\/strong><\/p>\n<p><strong>Vi ser fram emot att fira film, kultur och gemenskap med dig!<\/strong><\/p>\n<p><span style=\"font-weight: 400;\"><br \/>\n<\/span><i><span style=\"font-weight: 400;\"><strong>Denna visning \u00e4r ett samarbete med Maxim<\/strong><br \/>\n<\/span><\/i><i><span style=\"font-weight: 400;\">Maxim \u00e4r den nya kulturscenen fo\u0308r hela Stockholm med en bredd som lockar till bero\u0308rande underha\u030allning och samtidigt utmanar och lyfter samtidens mest avgo\u0308rande fra\u030agor.<\/span><\/i><\/p>\n<p>&nbsp;<\/p>\n","protected":false},"excerpt":{"rendered":"<p>V\u00e4lkommen till v\u00e5r invigningskv\u00e4ll \u2013 startskottet f\u00f6r \u00e5rets festival!\u00a0 Den 25 oktober\u00a0 inleder vi festivalen med en kv\u00e4ll att minnas p\u00e5 Maxim, d\u00e4r vi firar tillsammans med v\u00e5ra medlemmar och trogna publik. Tillsammans markerar vi festivalens \u00f6ppning och forts\u00e4tter v\u00e5rt arbete med att lyfta afrikansk film och diasporans ber\u00e4ttelser. Kv\u00e4llen bjuder p\u00e5 en inspirerande filmvisning, [&hellip;]<\/p>\n","protected":false},"author":163,"featured_media":9408,"template":"","meta":{"_acf_changed":false},"product_brand":[],"product_cat":[152,153,159],"product_tag":[],"class_list":{"0":"post-9314","1":"product","2":"type-product","3":"status-publish","4":"has-post-thumbnail","6":"product_cat-films","7":"product_cat-featurefilm","8":"product_cat-event","10":"first","11":"instock","12":"taxable","13":"shipping-taxable","14":"purchasable","15":"product-type-variable","16":"has-default-attributes"},"acf":[],"_links":{"self":[{"href":"https:\/\/cinemafrica.se\/en\/wp-json\/wp\/v2\/product\/9314","targetHints":{"allow":["GET"]}}],"collection":[{"href":"https:\/\/cinemafrica.se\/en\/wp-json\/wp\/v2\/product"}],"about":[{"href":"https:\/\/cinemafrica.se\/en\/wp-json\/wp\/v2\/types\/product"}],"author":[{"embeddable":true,"href":"https:\/\/cinemafrica.se\/en\/wp-json\/wp\/v2\/users\/163"}],"wp:featuredmedia":[{"embeddable":true,"href":"https:\/\/cinemafrica.se\/en\/wp-json\/wp\/v2\/media\/9408"}],"wp:attachment":[{"href":"https:\/\/cinemafrica.se\/en\/wp-json\/wp\/v2\/media?parent=9314"}],"wp:term":[{"taxonomy":"product_brand","embeddable":true,"href":"https:\/\/cinemafrica.se\/en\/wp-json\/wp\/v2\/product_brand?post=9314"},{"taxonomy":"product_cat","embeddable":true,"href":"https:\/\/cinemafrica.se\/en\/wp-json\/wp\/v2\/product_cat?post=9314"},{"taxonomy":"product_tag","embeddable":true,"href":"https:\/\/cinemafrica.se\/en\/wp-json\/wp\/v2\/product_tag?post=9314"}],"curies":[{"name":"wp","href":"https:\/\/api.w.org\/{rel}","templated":true}]}}