{"id":9587,"date":"2024-10-16T17:47:23","date_gmt":"2024-10-16T15:47:23","guid":{"rendered":"https:\/\/cinemafrica.se\/?post_type=product&#038;p=9587"},"modified":"2024-10-28T09:24:11","modified_gmt":"2024-10-28T08:24:11","slug":"movement-of-rebellion","status":"publish","type":"product","link":"https:\/\/cinemafrica.se\/en\/product\/movement-of-rebellion\/","title":{"rendered":"Movement of Rebellion"},"content":{"rendered":"<p>En kortfilm om en mans inre kamp med f\u00f6rv\u00e4ntningar, normer och toxisk maskulinitet, och hur han slutligen finner befrielse genom dans och uttryck. Det \u00e4r en ber\u00e4ttelse om att bryta sig fri fr\u00e5n bojor och hitta sin egen v\u00e4g.<\/p>\n<p>Freddy Houndekindo \u00e4r en multi-disciplin\u00e4r konstn\u00e4r som r\u00f6r sig i gr\u00e4nslandet mellan dans, performance, spoken word-poesi och musik. Hans arbete reflekterar \u00f6ver \u00e4mnen som identitet, svarthet och maskulinitet. Freddy har nyligen p\u00e5b\u00f6rjat ett masterprogram i fri konst p\u00e5 Mejan, d\u00e4r han kommer att vidareutveckla sitt soloprojekt &#8220;I am worried for men&#8221;. Mellan 2018 och 2024 har Freddy arbetat som dansare med Cullbergbaletten i olika verk ur deras repertoar.<\/p>\n<p>Movement of Rebellion visas tillsammans med kortfilmerna Sodida, Hawa och Dumling remix p\u00e5 m\u00e5ndagen 28 okt p\u00e5 <span style=\"font-weight: 400;\"> Dansmuseet kl 18:00. <\/span><em><span style=\"font-weight: 400;\">Mer info och biljetter finns <a href=\"https:\/\/cinemafrica.se\/product\/svarthet-dans-safe-spaces\/\">h\u00e4r!<\/a><\/span><\/em><\/p>\n","protected":false},"excerpt":{"rendered":"<p>En kortfilm om en mans inre kamp med f\u00f6rv\u00e4ntningar, normer och toxisk maskulinitet, och hur han slutligen finner befrielse genom dans och uttryck. Det \u00e4r en ber\u00e4ttelse om att bryta sig fri fr\u00e5n bojor och hitta sin egen v\u00e4g. Freddy Houndekindo \u00e4r en multi-disciplin\u00e4r konstn\u00e4r som r\u00f6r sig i gr\u00e4nslandet mellan dans, performance, spoken word-poesi [&hellip;]<\/p>\n","protected":false},"author":163,"featured_media":9588,"template":"","meta":{"_acf_changed":false},"product_brand":[],"product_cat":[158],"product_tag":[],"class_list":{"0":"post-9587","1":"product","2":"type-product","3":"status-publish","4":"has-post-thumbnail","6":"product_cat-shortfilm-2","8":"first","9":"instock","10":"taxable","11":"shipping-taxable","12":"product-type-simple"},"acf":[],"_links":{"self":[{"href":"https:\/\/cinemafrica.se\/en\/wp-json\/wp\/v2\/product\/9587","targetHints":{"allow":["GET"]}}],"collection":[{"href":"https:\/\/cinemafrica.se\/en\/wp-json\/wp\/v2\/product"}],"about":[{"href":"https:\/\/cinemafrica.se\/en\/wp-json\/wp\/v2\/types\/product"}],"author":[{"embeddable":true,"href":"https:\/\/cinemafrica.se\/en\/wp-json\/wp\/v2\/users\/163"}],"wp:featuredmedia":[{"embeddable":true,"href":"https:\/\/cinemafrica.se\/en\/wp-json\/wp\/v2\/media\/9588"}],"wp:attachment":[{"href":"https:\/\/cinemafrica.se\/en\/wp-json\/wp\/v2\/media?parent=9587"}],"wp:term":[{"taxonomy":"product_brand","embeddable":true,"href":"https:\/\/cinemafrica.se\/en\/wp-json\/wp\/v2\/product_brand?post=9587"},{"taxonomy":"product_cat","embeddable":true,"href":"https:\/\/cinemafrica.se\/en\/wp-json\/wp\/v2\/product_cat?post=9587"},{"taxonomy":"product_tag","embeddable":true,"href":"https:\/\/cinemafrica.se\/en\/wp-json\/wp\/v2\/product_tag?post=9587"}],"curies":[{"name":"wp","href":"https:\/\/api.w.org\/{rel}","templated":true}]}}