{"id":9602,"date":"2024-10-18T11:21:33","date_gmt":"2024-10-18T09:21:33","guid":{"rendered":"https:\/\/cinemafrica.se\/?post_type=product&#038;p=9602"},"modified":"2024-10-28T09:19:22","modified_gmt":"2024-10-28T08:19:22","slug":"twe-twe-royality","status":"publish","type":"product","link":"https:\/\/cinemafrica.se\/en\/product\/twe-twe-royality\/","title":{"rendered":"Twe Twe"},"content":{"rendered":"<p>Dansvideos p\u00e5 sociala medier har blivit ett globalt fenomen och fungerar nu som en plattform d\u00e4r dansare kan visa upp sina talanger v\u00e4rlden \u00f6ver. Se n\u00e4r Rebecca tolkar Kizz Daniels l\u00e5t &#8220;Twe Twe&#8221;<\/p>\n<p><strong>Rebecca Wolete<\/strong> \u00e4r en m\u00e5ngsidig dansare med ett starkt engagemang f\u00f6r moderna afrikanska dansstilar som Azonto, Amapiano och Ndombolo, samt dancehall och hiphop. Hon har utbildat sig vid Diambra Education och medverkat i produktioner p\u00e5 Dramaten, Kulturhuset Stadsteatern och Alias Teatern. Undervisning av undgdomar och barn \u00e4r ett stort fokus f\u00f6r henne, men hon \u00e4r ocks\u00e5 en del av dansagenturen Diambra CAM och har samarbetat med artister som Mr Eazi, Antwan, Mapei och Ken Ring. Rebecca \u00e4r medskapare av plattformarna Y3nko Project och Ubuntu Base, som b\u00e5da syftar till att st\u00e4rka det svenska afro-dance communityt och arrangera afrorelaterade event.<br \/>\nRebecca \u00e4r numera en del av dans kollektivet Blackout Family.<\/p>\n<p>Twe Twe\u00a0 visas tillsammans med kortfilmerna Sodida, Hawa och Dumling remix p\u00e5 m\u00e5ndagen 28 okt p\u00e5 <span style=\"font-weight: 400;\"> Dansmuseet kl 18:00. <\/span><em><span style=\"font-weight: 400;\">Mer info och biljetter finns <a href=\"https:\/\/cinemafrica.se\/product\/svarthet-dans-safe-spaces\/\">h\u00e4r!<\/a><\/span><\/em><\/p>\n","protected":false},"excerpt":{"rendered":"<p>Dansvideos p\u00e5 sociala medier har blivit ett globalt fenomen och fungerar nu som en plattform d\u00e4r dansare kan visa upp sina talanger v\u00e4rlden \u00f6ver. Se n\u00e4r Rebecca tolkar Kizz Daniels l\u00e5t &#8220;Twe Twe&#8221; Rebecca Wolete \u00e4r en m\u00e5ngsidig dansare med ett starkt engagemang f\u00f6r moderna afrikanska dansstilar som Azonto, Amapiano och Ndombolo, samt dancehall och [&hellip;]<\/p>\n","protected":false},"author":163,"featured_media":9654,"template":"","meta":{"_acf_changed":false},"product_brand":[],"product_cat":[158],"product_tag":[],"class_list":{"0":"post-9602","1":"product","2":"type-product","3":"status-publish","4":"has-post-thumbnail","6":"product_cat-shortfilm-2","8":"first","9":"instock","10":"taxable","11":"shipping-taxable","12":"product-type-simple"},"acf":[],"_links":{"self":[{"href":"https:\/\/cinemafrica.se\/en\/wp-json\/wp\/v2\/product\/9602","targetHints":{"allow":["GET"]}}],"collection":[{"href":"https:\/\/cinemafrica.se\/en\/wp-json\/wp\/v2\/product"}],"about":[{"href":"https:\/\/cinemafrica.se\/en\/wp-json\/wp\/v2\/types\/product"}],"author":[{"embeddable":true,"href":"https:\/\/cinemafrica.se\/en\/wp-json\/wp\/v2\/users\/163"}],"wp:featuredmedia":[{"embeddable":true,"href":"https:\/\/cinemafrica.se\/en\/wp-json\/wp\/v2\/media\/9654"}],"wp:attachment":[{"href":"https:\/\/cinemafrica.se\/en\/wp-json\/wp\/v2\/media?parent=9602"}],"wp:term":[{"taxonomy":"product_brand","embeddable":true,"href":"https:\/\/cinemafrica.se\/en\/wp-json\/wp\/v2\/product_brand?post=9602"},{"taxonomy":"product_cat","embeddable":true,"href":"https:\/\/cinemafrica.se\/en\/wp-json\/wp\/v2\/product_cat?post=9602"},{"taxonomy":"product_tag","embeddable":true,"href":"https:\/\/cinemafrica.se\/en\/wp-json\/wp\/v2\/product_tag?post=9602"}],"curies":[{"name":"wp","href":"https:\/\/api.w.org\/{rel}","templated":true}]}}