{"id":10666,"date":"2025-09-17T13:44:23","date_gmt":"2025-09-17T11:44:23","guid":{"rendered":"https:\/\/cinemafrica.se\/?post_type=product&#038;p=10666"},"modified":"2025-10-04T21:08:11","modified_gmt":"2025-10-04T19:08:11","slug":"amal","status":"publish","type":"product","link":"https:\/\/cinemafrica.se\/fr\/product\/amal\/","title":{"rendered":"Amal"},"content":{"rendered":"<p><span style=\"font-weight: 400;\">Amal, en engagerad l\u00e4rare i Bryssel, inspirerar sina elever att f\u00f6rdjupa sig i litteraturen och v\u00e5ga uttrycka sina tankar fritt. I en tid d\u00e5 yttrandefriheten ibland utmanas, v\u00e4ljer hon att st\u00e5 fast vid \u00f6vertygelsen om att l\u00e4sning och fria id\u00e9er kan f\u00f6r\u00e4ndra liv. <\/span><\/p>\n<p><span style=\"font-weight: 400;\">Hennes modiga och nyskapande pedagogik v\u00e4cker nyfikenhet, st\u00e4rker sj\u00e4lvk\u00e4nslan hos eleverna och \u00f6ppnar d\u00f6rrar till nya v\u00e4rldar. Genom sitt arbete l\u00e4mnar hon inte bara ett avtryck i klassrummet, utan p\u00e5verkar ocks\u00e5 familjer och det bredare samh\u00e4llet omkring dem.<\/span><\/p>\n","protected":false},"excerpt":{"rendered":"<p>Amal, en engagerad l\u00e4rare i Bryssel, inspirerar sina elever att f\u00f6rdjupa sig i litteraturen och v\u00e5ga uttrycka sina tankar fritt. I en tid d\u00e5 yttrandefriheten ibland utmanas, v\u00e4ljer hon att st\u00e5 fast vid \u00f6vertygelsen om att l\u00e4sning och fria id\u00e9er kan f\u00f6r\u00e4ndra liv. Hennes modiga och nyskapande pedagogik v\u00e4cker nyfikenhet, st\u00e4rker sj\u00e4lvk\u00e4nslan hos eleverna och [&hellip;]<\/p>\n","protected":false},"author":163,"featured_media":10670,"template":"","meta":{"_acf_changed":false},"product_brand":[],"product_cat":[152,153],"product_tag":[],"class_list":{"0":"post-10666","1":"product","2":"type-product","3":"status-publish","4":"has-post-thumbnail","6":"product_cat-films","7":"product_cat-featurefilm","9":"first","10":"instock","11":"downloadable","12":"virtual","13":"purchasable","14":"product-type-simple"},"acf":[],"_links":{"self":[{"href":"https:\/\/cinemafrica.se\/fr\/wp-json\/wp\/v2\/product\/10666","targetHints":{"allow":["GET"]}}],"collection":[{"href":"https:\/\/cinemafrica.se\/fr\/wp-json\/wp\/v2\/product"}],"about":[{"href":"https:\/\/cinemafrica.se\/fr\/wp-json\/wp\/v2\/types\/product"}],"author":[{"embeddable":true,"href":"https:\/\/cinemafrica.se\/fr\/wp-json\/wp\/v2\/users\/163"}],"wp:featuredmedia":[{"embeddable":true,"href":"https:\/\/cinemafrica.se\/fr\/wp-json\/wp\/v2\/media\/10670"}],"wp:attachment":[{"href":"https:\/\/cinemafrica.se\/fr\/wp-json\/wp\/v2\/media?parent=10666"}],"wp:term":[{"taxonomy":"product_brand","embeddable":true,"href":"https:\/\/cinemafrica.se\/fr\/wp-json\/wp\/v2\/product_brand?post=10666"},{"taxonomy":"product_cat","embeddable":true,"href":"https:\/\/cinemafrica.se\/fr\/wp-json\/wp\/v2\/product_cat?post=10666"},{"taxonomy":"product_tag","embeddable":true,"href":"https:\/\/cinemafrica.se\/fr\/wp-json\/wp\/v2\/product_tag?post=10666"}],"curies":[{"name":"wp","href":"https:\/\/api.w.org\/{rel}","templated":true}]}}