{"id":10698,"date":"2025-09-17T15:20:32","date_gmt":"2025-09-17T13:20:32","guid":{"rendered":"https:\/\/cinemafrica.se\/?post_type=product&#038;p=10698"},"modified":"2025-10-05T16:26:41","modified_gmt":"2025-10-05T14:26:41","slug":"katanga-the-dance-of-the-scorpions","status":"publish","type":"product","link":"https:\/\/cinemafrica.se\/fr\/product\/katanga-the-dance-of-the-scorpions\/","title":{"rendered":"Katanga: The Dance of the Scorpions"},"content":{"rendered":"<p data-start=\"80\" data-end=\"543\">Den hyllade <em data-start=\"94\" data-end=\"131\">Katanga: The Dance of the Scorpions<\/em> \u00e4r en adaption av Shakespeares <em data-start=\"163\" data-end=\"172\">Macbeth<\/em>, den tidl\u00f6sa och universella ber\u00e4ttelsen om makt, politiska intriger och ambition. Efter en misslyckad komplott mot kronan utn\u00e4mner kung Pazouknaam sin kusin Katanga till \u00f6verbef\u00e4lhavare. Men p\u00e5driven av sin makthungriga hustru m\u00f6rdar Katanga kungen och tar tronen och d\u00e4rifr\u00e5n finns ingen gr\u00e4ns f\u00f6r hur l\u00e5ngt han \u00e4r beredd att g\u00e5 f\u00f6r att beh\u00e5lla sitt grepp om makten.<\/p>\n<p data-start=\"545\" data-end=\"706\">I \u00f6ver 50 \u00e5r har Burkina Faso varit ett centralt nav f\u00f6r Afrikas rika arthousefilmscen, och regiss\u00f6ren Dani Kouyat\u00e9 \u00e4r en av dess mest framtr\u00e4dande r\u00f6ster. F\u00f6r <em data-start=\"212\" data-end=\"221\">Katanga<\/em> tilldelades han med det prestigefyllda \u00c9talon d\u2019or de Yennenga.<\/p>\n<p>Eftersamtal:<br \/>\nDani Kouyat\u00e9, Regiss\u00f6r<br \/>\nNabil Belkacem, Vice styrelseordf\u00f6rande Cinemafrica<br \/>\nAnthia Nibitegeka, Filmvetare<\/p>\n","protected":false},"excerpt":{"rendered":"<p>Den hyllade Katanga: The Dance of the Scorpions \u00e4r en adaption av Shakespeares Macbeth, den tidl\u00f6sa och universella ber\u00e4ttelsen om makt, politiska intriger och ambition. Efter en misslyckad komplott mot kronan utn\u00e4mner kung Pazouknaam sin kusin Katanga till \u00f6verbef\u00e4lhavare. Men p\u00e5driven av sin makthungriga hustru m\u00f6rdar Katanga kungen och tar tronen och d\u00e4rifr\u00e5n finns ingen [&hellip;]<\/p>\n","protected":false},"author":163,"featured_media":10703,"template":"","meta":{"_acf_changed":false},"product_brand":[],"product_cat":[152,153],"product_tag":[],"class_list":{"0":"post-10698","1":"product","2":"type-product","3":"status-publish","4":"has-post-thumbnail","6":"product_cat-films","7":"product_cat-featurefilm","9":"first","10":"instock","11":"downloadable","12":"virtual","13":"purchasable","14":"product-type-simple"},"acf":[],"_links":{"self":[{"href":"https:\/\/cinemafrica.se\/fr\/wp-json\/wp\/v2\/product\/10698","targetHints":{"allow":["GET"]}}],"collection":[{"href":"https:\/\/cinemafrica.se\/fr\/wp-json\/wp\/v2\/product"}],"about":[{"href":"https:\/\/cinemafrica.se\/fr\/wp-json\/wp\/v2\/types\/product"}],"author":[{"embeddable":true,"href":"https:\/\/cinemafrica.se\/fr\/wp-json\/wp\/v2\/users\/163"}],"wp:featuredmedia":[{"embeddable":true,"href":"https:\/\/cinemafrica.se\/fr\/wp-json\/wp\/v2\/media\/10703"}],"wp:attachment":[{"href":"https:\/\/cinemafrica.se\/fr\/wp-json\/wp\/v2\/media?parent=10698"}],"wp:term":[{"taxonomy":"product_brand","embeddable":true,"href":"https:\/\/cinemafrica.se\/fr\/wp-json\/wp\/v2\/product_brand?post=10698"},{"taxonomy":"product_cat","embeddable":true,"href":"https:\/\/cinemafrica.se\/fr\/wp-json\/wp\/v2\/product_cat?post=10698"},{"taxonomy":"product_tag","embeddable":true,"href":"https:\/\/cinemafrica.se\/fr\/wp-json\/wp\/v2\/product_tag?post=10698"}],"curies":[{"name":"wp","href":"https:\/\/api.w.org\/{rel}","templated":true}]}}