{"id":10731,"date":"2025-09-17T17:43:47","date_gmt":"2025-09-17T15:43:47","guid":{"rendered":"https:\/\/cinemafrica.se\/?post_type=product&#038;p=10731"},"modified":"2025-09-22T11:05:12","modified_gmt":"2025-09-22T09:05:12","slug":"invigningfilm-the-backway","status":"publish","type":"product","link":"https:\/\/cinemafrica.se\/fr\/product\/invigningfilm-the-backway\/","title":{"rendered":"Invigningfilm: The Backway"},"content":{"rendered":"<p>Den 27:e upplagan av CinemAfrica filmfestival inleds med en of\u00f6rgl\u00f6mlig kv\u00e4ll med\u00a0 film, musik och samtal. Vi startar med <strong>Joy and Sorrow of Time,<\/strong> en dansfilm som hyllar dansens centrala roll inom svart kultur, och forts\u00e4tter med den hyllade gambisk-engelska filmen\u00a0<strong>The Backway<\/strong>, som skildrar migration, familjeband, kolonisation och m\u00e4nskliga \u00f6den. Efter visningen\u00a0 h\u00e5lls ett eftersamtal med regiss\u00f6ren <strong>Cherno Jagne och migrations forskaren <b>Aida Jobarteh<\/b><\/strong>.<\/p>\n<p><span style=\"font-weight: 400;\">The Backway f\u00f6ljer den unga arbetsmigrant (Momodou) som \u00e5terv\u00e4nder till hemlandet som han olagligt smugglades ut fr\u00e5n f\u00f6r tv\u00e5 \u00e5r sedan, efter att ha blivit deporterad fr\u00e5n Storbritannien. I kampen mot k\u00e4nslor av skam och behovet av acceptans m\u00e5ste Momodou konfrontera den h\u00e5rda verkligheten kring den uppoffring hans familj gjorde n\u00e4r de riskerade allt de hade f\u00f6r att finansiera hans resa och konsekvenserna av hans \u00e5terkomst hem.<br \/>\n<\/span><\/p>\n<p><span style=\"font-weight: 400;\">Under kv\u00e4llen bjuds det p\u00e5 ett framtr\u00e4dande av <\/span><b>O!, tillsammans med Stevie Nii-Adu Mensah<\/b><span style=\"font-weight: 400;\">. Omar Abdirizak \u00e4r en somalisk\/svensk artist ur den nya generationens musiker, vars r\u00f6st och musik kombinerar soul, samh\u00e4llskritik och ren magi.<\/span><\/p>\n<p>18:00 D\u00f6rrarna till salongen och baren med barmeny \u00f6ppnar<br \/>\n18:30 Kv\u00e4llens program inleds med kv\u00e4llens hosts Anthia Nibitegeka &amp; Ismaila Badjie!<br \/>\nBegr\u00e4nsade antal platser, k\u00f6p dina biljetter <a href=\"https:\/\/secure.tickster.com\/sv\/39dxgnzz7gr4ec4\/selectevent\">h\u00e4r!<\/a><\/p>\n<p><i><strong>Denna visning \u00e4r ett samarbete med Maxim Stockholm<\/strong><br \/>\n<\/i><i>Maxim \u00e4r den nya kulturscenen fo\u0308r hela Stockholm med en bredd som lockar till bero\u0308rande underha\u030allning och samtidigt utmanar och lyfter samtidens mest avgo\u0308rande fra\u030agor.<\/i><\/p>\n","protected":false},"excerpt":{"rendered":"<p>Den 27:e upplagan av CinemAfrica filmfestival inleds med en of\u00f6rgl\u00f6mlig kv\u00e4ll med\u00a0 film, musik och samtal. Vi startar med Joy and Sorrow of Time, en dansfilm som hyllar dansens centrala roll inom svart kultur, och forts\u00e4tter med den hyllade gambisk-engelska filmen\u00a0The Backway, som skildrar migration, familjeband, kolonisation och m\u00e4nskliga \u00f6den. Efter visningen\u00a0 h\u00e5lls ett eftersamtal [&hellip;]<\/p>\n","protected":false},"author":163,"featured_media":10742,"template":"","meta":{"_acf_changed":false},"product_brand":[],"product_cat":[152,153],"product_tag":[],"class_list":{"0":"post-10731","1":"product","2":"type-product","3":"status-publish","4":"has-post-thumbnail","6":"product_cat-films","7":"product_cat-featurefilm","9":"first","10":"instock","11":"taxable","12":"shipping-taxable","13":"product-type-simple"},"acf":[],"_links":{"self":[{"href":"https:\/\/cinemafrica.se\/fr\/wp-json\/wp\/v2\/product\/10731","targetHints":{"allow":["GET"]}}],"collection":[{"href":"https:\/\/cinemafrica.se\/fr\/wp-json\/wp\/v2\/product"}],"about":[{"href":"https:\/\/cinemafrica.se\/fr\/wp-json\/wp\/v2\/types\/product"}],"author":[{"embeddable":true,"href":"https:\/\/cinemafrica.se\/fr\/wp-json\/wp\/v2\/users\/163"}],"wp:featuredmedia":[{"embeddable":true,"href":"https:\/\/cinemafrica.se\/fr\/wp-json\/wp\/v2\/media\/10742"}],"wp:attachment":[{"href":"https:\/\/cinemafrica.se\/fr\/wp-json\/wp\/v2\/media?parent=10731"}],"wp:term":[{"taxonomy":"product_brand","embeddable":true,"href":"https:\/\/cinemafrica.se\/fr\/wp-json\/wp\/v2\/product_brand?post=10731"},{"taxonomy":"product_cat","embeddable":true,"href":"https:\/\/cinemafrica.se\/fr\/wp-json\/wp\/v2\/product_cat?post=10731"},{"taxonomy":"product_tag","embeddable":true,"href":"https:\/\/cinemafrica.se\/fr\/wp-json\/wp\/v2\/product_tag?post=10731"}],"curies":[{"name":"wp","href":"https:\/\/api.w.org\/{rel}","templated":true}]}}