{"id":10749,"date":"2025-09-18T07:27:52","date_gmt":"2025-09-18T05:27:52","guid":{"rendered":"https:\/\/cinemafrica.se\/?post_type=product&#038;p=10749"},"modified":"2025-09-26T09:44:56","modified_gmt":"2025-09-26T07:44:56","slug":"10749","status":"publish","type":"product","link":"https:\/\/cinemafrica.se\/fr\/product\/10749\/","title":{"rendered":"Parkerad"},"content":{"rendered":"<p>Alejandra har f\u00e5tt nog av sin pojkv\u00e4n. K\u00e4nslorna har hunnit ikapp henne \u2013 men vad ska hon g\u00f6ra? G\u00e5 tillbaka eller g\u00e5 vidare? F\u00f6r att rensa tankarna best\u00e4mmer hon sig f\u00f6r en utekv\u00e4ll i Stockholm med sin b\u00e4sta v\u00e4n Senait. Men kv\u00e4llen blir inte alls som de hade t\u00e4nkt sig.<\/p>\n<p>Parkerad \u00e4r en urban feelgood kortfilm om kvinnlig v\u00e4nskap, uppoffring och k\u00e4rlek.<\/p>\n<p><em>Parkerad\u00a0 visas tillsammans med T\u00e4nk om och <\/em>Summer Nights Be Like fredag den 3 oktober<em> p\u00e5 Hobo Hotel kl 18:00. Mer info om kortfilmspaketet och biljetter finns <a href=\"https:\/\/cinemafrica.se\/product\/the-introduction-afro-swedish-filmmakers\/\">h\u00e4r!<\/a><\/em><\/p>\n<p>&nbsp;<\/p>\n","protected":false},"excerpt":{"rendered":"<p>Alejandra har f\u00e5tt nog av sin pojkv\u00e4n. K\u00e4nslorna har hunnit ikapp henne \u2013 men vad ska hon g\u00f6ra? G\u00e5 tillbaka eller g\u00e5 vidare? F\u00f6r att rensa tankarna best\u00e4mmer hon sig f\u00f6r en utekv\u00e4ll i Stockholm med sin b\u00e4sta v\u00e4n Senait. Men kv\u00e4llen blir inte alls som de hade t\u00e4nkt sig. Parkerad \u00e4r en urban feelgood [&hellip;]<\/p>\n","protected":false},"author":163,"featured_media":10755,"template":"","meta":{"_acf_changed":false},"product_brand":[],"product_cat":[152,158],"product_tag":[],"class_list":{"0":"post-10749","1":"product","2":"type-product","3":"status-publish","4":"has-post-thumbnail","6":"product_cat-films","7":"product_cat-shortfilm-2","9":"first","10":"instock","11":"taxable","12":"shipping-taxable","13":"product-type-simple"},"acf":[],"_links":{"self":[{"href":"https:\/\/cinemafrica.se\/fr\/wp-json\/wp\/v2\/product\/10749","targetHints":{"allow":["GET"]}}],"collection":[{"href":"https:\/\/cinemafrica.se\/fr\/wp-json\/wp\/v2\/product"}],"about":[{"href":"https:\/\/cinemafrica.se\/fr\/wp-json\/wp\/v2\/types\/product"}],"author":[{"embeddable":true,"href":"https:\/\/cinemafrica.se\/fr\/wp-json\/wp\/v2\/users\/163"}],"wp:featuredmedia":[{"embeddable":true,"href":"https:\/\/cinemafrica.se\/fr\/wp-json\/wp\/v2\/media\/10755"}],"wp:attachment":[{"href":"https:\/\/cinemafrica.se\/fr\/wp-json\/wp\/v2\/media?parent=10749"}],"wp:term":[{"taxonomy":"product_brand","embeddable":true,"href":"https:\/\/cinemafrica.se\/fr\/wp-json\/wp\/v2\/product_brand?post=10749"},{"taxonomy":"product_cat","embeddable":true,"href":"https:\/\/cinemafrica.se\/fr\/wp-json\/wp\/v2\/product_cat?post=10749"},{"taxonomy":"product_tag","embeddable":true,"href":"https:\/\/cinemafrica.se\/fr\/wp-json\/wp\/v2\/product_tag?post=10749"}],"curies":[{"name":"wp","href":"https:\/\/api.w.org\/{rel}","templated":true}]}}