{"id":11514,"date":"2025-11-06T17:26:54","date_gmt":"2025-11-06T16:26:54","guid":{"rendered":"https:\/\/cinemafrica.se\/?post_type=product&#038;p=11514"},"modified":"2025-11-06T18:21:12","modified_gmt":"2025-11-06T17:21:12","slug":"en-halvdags-workshop-om-kortfilm-med-david-nzinga","status":"publish","type":"product","link":"https:\/\/cinemafrica.se\/fr\/product\/en-halvdags-workshop-om-kortfilm-med-david-nzinga\/","title":{"rendered":"Workshop om kortfilm med David Nzinga"},"content":{"rendered":"<div class=\"mb-4 lead\">Vi tittar p\u00e5 Filmen GOLA INTE av Sebastian Lagerkvist och samtalar om grunderna i filmiskt ber\u00e4ttande och avsluta med deltagarna f\u00e5r skapa en egen kortfilmsid\u00e9.<\/div>\n<div class=\"mb-5\">\n<p>&nbsp;<\/p>\n<p><strong>Kort om workshopen:<br \/>\n<\/strong>Filmen anv\u00e4nds ocks\u00e5 som ett verktyg f\u00f6r att introducera grunderna i filmiskt ber\u00e4ttande. Tillsammans kommer vi att analysera och bryta ner filmens struktur i akter och centrala ber\u00e4ttarelement. Workshopen avslutas med att deltagarna f\u00e5r skapa sin egen korta ber\u00e4ttelse, en id\u00e9 till en kortfilm. D\u00e4r de f\u00e5r till\u00e4mpa sina nyvunna kunskaper om ber\u00e4ttarstruktur, karakt\u00e4rsbygge och konflikt. M\u00e5let \u00e4r att inspirera deltagarna att ber\u00e4tta sina egna historier utifr\u00e5n sina egna perspektiv.<\/p>\n<p>Workshopen leds av David Nzinga, en m\u00e5ngsidig filmskapare, sk\u00e5despelare och producent. Han \u00e4r grundare av DNZ Pictures och arbetar passionerat f\u00f6r att bredda den svenska filmbranschen genom att lyfta fram ber\u00e4ttelser och r\u00f6ster som ofta saknas p\u00e5 vita duken. David\u00a0fick sitt genombrott i huvudrollen i den\u00a0Kristallen-nominerade TV-serien\u00a0Familjen Babajou. Sedan dess har han medverkat i en rad framst\u00e5ende filmer och TV-serier, st\u00e5tt p\u00e5 Dramaten, samt turnerat v\u00e4rlden \u00f6ver med det prisbel\u00f6nta teaterkompaniet Unga Klara. Han har \u00e4ven producerat\u00a0Maria Wern\u00a0s\u00e4song 9 f\u00f6r Warner Brothers. F\u00f6rra \u00e5ret var\u00a0David\u00a0dramaturg f\u00f6r operaf\u00f6rest\u00e4llningen\u00a0Gustavia,\u00a0en av Kungliga Operans st\u00f6rsta succ\u00e9er och en modern klassiker som kommer tillbaka 2026. Idag driver\u00a0David\u00a0flera kreativa projekt mellan Sverige och Angola och sitter i Cinemafrica styrelsen.<\/p>\n<ul>\n<li><strong>Uppl\u00e4gg:<br \/>\n<\/strong>Introduktion (20 min)<br \/>\nFilmvisning (40 min)<br \/>\nDiskussionsdel (40min)<br \/>\nSkapande del (60 min)<br \/>\nAvslut och reflektion (20 min)<\/li>\n<\/ul>\n<p>&nbsp;<\/p>\n<ul>\n<li><strong>Syfte och m\u00e5l:<br \/>\n<\/strong>Att ge unga verktyg att ber\u00e4tta sina egna historier.<br \/>\nAtt skapa f\u00f6rst\u00e5else f\u00f6r filmens ber\u00e4ttarstruktur.<br \/>\nAtt diskutera och reflektera \u00f6ver etik, moral och grupptryck.<br \/>\nAtt inspirera till eget skapande och mod att ber\u00e4tta.<\/li>\n<\/ul>\n<p><strong>Om filmen<br \/>\n<\/strong>GOLA INTE\u00a0handlar om Simon, en nyutexaminerad l\u00e4rare som \u00e5terv\u00e4nder till den f\u00f6rort d\u00e4r han sj\u00e4lv v\u00e4xte upp. N\u00e4r Simon, spelad av\u00a0David\u00a0Nzinga, f\u00e5r k\u00e4nnedom om en allvarlig h\u00e4ndelse bland sina elever st\u00e4lls han inf\u00f6r ett sv\u00e5rt moraliskt dilemma. Ska han skydda ungdomarna han k\u00e4nner, eller f\u00f6lja reglerna och \u00ab\u00a0gola\u00a0\u00bb?<\/p>\n<p>Filmen utspelar sig i Jordbro och utforskar teman som lojalitet, grupptryck, moral och r\u00e4dslan f\u00f6r att bli st\u00e4mplad som en golare.\u00a0GOLA INTE\u00a0synligg\u00f6r de komplexa val unga m\u00e4nniskor tvingas g\u00f6ra i sin vardag och v\u00e4cker fr\u00e5gor om vad som \u00e4r r\u00e4tt eller fel\u00a0och vad som egentligen kr\u00e4vs f\u00f6r att f\u00f6r\u00e4ndra en situation.<\/p>\n<\/div>\n<div class=\"d-flex gap-3 mt-4 mb-5\"><a class=\"btn-sm d-flex align-items-center btn btn-primary\" tabindex=\"0\" role=\"button\" href=\"https:\/\/filmiskolan.wordpress.com\/2017\/11\/10\/gola-inte\/\" target=\"_blank\" rel=\"noopener noreferrer\">Pedagogiskt material<\/a><\/div>\n<div class=\"content-box\" title=\"TEKNISKA KRAV\"><\/div>\n<div title=\"TEKNISKA KRAV\">F\u00f6r bokning maila info@cinemafrica.se<\/div>\n","protected":false},"excerpt":{"rendered":"<p>Vi tittar p\u00e5 Filmen GOLA INTE av Sebastian Lagerkvist och samtalar om grunderna i filmiskt ber\u00e4ttande och avsluta med deltagarna f\u00e5r skapa en egen kortfilmsid\u00e9. &nbsp; Kort om workshopen: Filmen anv\u00e4nds ocks\u00e5 som ett verktyg f\u00f6r att introducera grunderna i filmiskt ber\u00e4ttande. Tillsammans kommer vi att analysera och bryta ner filmens struktur i akter och [&hellip;]<\/p>\n","protected":false},"author":163,"featured_media":11537,"template":"","meta":{"_acf_changed":false},"product_brand":[],"product_cat":[152],"product_tag":[],"class_list":{"0":"post-11514","1":"product","2":"type-product","3":"status-publish","4":"has-post-thumbnail","6":"product_cat-films","8":"first","9":"instock","10":"taxable","11":"shipping-taxable","12":"product-type-simple"},"acf":[],"_links":{"self":[{"href":"https:\/\/cinemafrica.se\/fr\/wp-json\/wp\/v2\/product\/11514","targetHints":{"allow":["GET"]}}],"collection":[{"href":"https:\/\/cinemafrica.se\/fr\/wp-json\/wp\/v2\/product"}],"about":[{"href":"https:\/\/cinemafrica.se\/fr\/wp-json\/wp\/v2\/types\/product"}],"author":[{"embeddable":true,"href":"https:\/\/cinemafrica.se\/fr\/wp-json\/wp\/v2\/users\/163"}],"wp:featuredmedia":[{"embeddable":true,"href":"https:\/\/cinemafrica.se\/fr\/wp-json\/wp\/v2\/media\/11537"}],"wp:attachment":[{"href":"https:\/\/cinemafrica.se\/fr\/wp-json\/wp\/v2\/media?parent=11514"}],"wp:term":[{"taxonomy":"product_brand","embeddable":true,"href":"https:\/\/cinemafrica.se\/fr\/wp-json\/wp\/v2\/product_brand?post=11514"},{"taxonomy":"product_cat","embeddable":true,"href":"https:\/\/cinemafrica.se\/fr\/wp-json\/wp\/v2\/product_cat?post=11514"},{"taxonomy":"product_tag","embeddable":true,"href":"https:\/\/cinemafrica.se\/fr\/wp-json\/wp\/v2\/product_tag?post=11514"}],"curies":[{"name":"wp","href":"https:\/\/api.w.org\/{rel}","templated":true}]}}