{"id":11630,"date":"2026-02-24T16:15:36","date_gmt":"2026-02-24T15:15:36","guid":{"rendered":"https:\/\/cinemafrica.se\/?post_type=product&#038;p=11630"},"modified":"2026-04-09T11:57:57","modified_gmt":"2026-04-09T09:57:57","slug":"kizazi-moto-generation-fire-kortfilmspaket-2","status":"publish","type":"product","link":"https:\/\/cinemafrica.se\/fr\/product\/kizazi-moto-generation-fire-kortfilmspaket-2\/","title":{"rendered":"Kizazi Moto: Generation Fire &#8211; kortfilmspaket"},"content":{"rendered":"<p><span style=\"font-weight: 400;\">Se framtiden genom Afrikas \u00f6gon! <\/span><\/p>\n<p><span style=\"font-weight: 400;\">F\u00f6lj med p\u00e5 en spektakul\u00e4r resa in i framtidens Afrika d\u00e4r mytologi m\u00f6ter teknologi, och d\u00e4r episka ber\u00e4ttelser tar form i en v\u00e4rld fylld av innovation, magi och action!<\/span><\/p>\n<p><span style=\"font-weight: 400;\">Nu tar vi CinemAfricas minifestival till G\u00f6teborg den 9 april och bjuder in till en visning av fem utvalda kortfilmer fr\u00e5n den hyllade animerade antologin Kizazi Moto: Generation Fire. <\/span><span style=\"font-weight: 400;\">Inspirerade av Afrikas rika historier och kulturer, ger dessa ber\u00e4ttelser en unik inblick i framtiden ur ett afrikanskt perspektiv. Skapade av en ny generation afrikanska animat\u00f6rer och producerad av Oscar-bel\u00f6nade Peter Ramsey, tar dessa ber\u00e4ttelser\u00a0 oss med p\u00e5 en hisnande resa i Afrika.<\/span><\/p>\n<p>Efter visningen h\u00e5lls en kreativ workshop med konstn\u00e4ren Ashton Springer, <span style=\"font-weight: 400;\">d\u00e4r barnen f\u00e5r m\u00f6jlighet att utforska sin egen kreativitet och skapa sin egna superhj\u00e4lte.\u00a0<\/span><\/p>\n<p><b>Mukudzei av Pious Nyenyewa och Tafadzwa Hove (Zimbabwe)<br \/>\n<\/b><span style=\"font-weight: 400;\">N\u00e4r influencern Mukudzei r\u00e5kar trampa fel bokstavligen och vanhelgar ett heligt monument, slungas han rakt in i en alternativ framtid d\u00e4r Zimbabwe aldrig koloniserades. Pl\u00f6tsligt befinner han sig i en fantastisk utopisk civilisation. Fr\u00e5gan \u00e4r bara hur tar man sig hem n\u00e4r framtiden \u00e4r s\u00e5 mycket coolare \u00e4n nutiden?<\/span><\/p>\n<p><img loading=\"lazy\" decoding=\"async\" class=\"alignnone size-full wp-image-10327\" src=\"https:\/\/cinemafrica.se\/wp-content\/uploads\/2025\/03\/KM_107_01003400_Img17-e1741948009411.png\" alt=\"\" width=\"1920\" height=\"806\" srcset=\"https:\/\/cinemafrica.se\/wp-content\/uploads\/2025\/03\/KM_107_01003400_Img17-e1741948009411.png 1920w, https:\/\/cinemafrica.se\/wp-content\/uploads\/2025\/03\/KM_107_01003400_Img17-e1741948009411-768x322.png 768w, https:\/\/cinemafrica.se\/wp-content\/uploads\/2025\/03\/KM_107_01003400_Img17-e1741948009411-1536x645.png 1536w, https:\/\/cinemafrica.se\/wp-content\/uploads\/2025\/03\/KM_107_01003400_Img17-e1741948009411-600x252.png 600w\" sizes=\"auto, (max-width: 1920px) 100vw, 1920px\" \/><\/p>\n<p><b>Enkai av Ng&rsquo;endo Mukii (Kenya)<br \/>\n<\/b><span style=\"font-weight: 400;\">Enkai vill bara h\u00e4nga med sin mamma, men det \u00e4r inte s\u00e5 l\u00e4tt n\u00e4r mamma r\u00e5kar vara en kosmisk gudinna med fullt upp att r\u00e4dda v\u00e4rlden. S\u00e5 Enkai tar saken i egna h\u00e4nder, med sina krafter ska hon skapa en framtid d\u00e4r de \u00e4ntligen kan vara tillsammans.<\/span><\/p>\n<p><img loading=\"lazy\" decoding=\"async\" class=\"alignnone size-full wp-image-10317\" src=\"https:\/\/cinemafrica.se\/wp-content\/uploads\/2025\/03\/KM_104_01005310_Img18-e1741944809581.png\" alt=\"\" width=\"1920\" height=\"812\" srcset=\"https:\/\/cinemafrica.se\/wp-content\/uploads\/2025\/03\/KM_104_01005310_Img18-e1741944809581.png 1920w, https:\/\/cinemafrica.se\/wp-content\/uploads\/2025\/03\/KM_104_01005310_Img18-e1741944809581-768x325.png 768w, https:\/\/cinemafrica.se\/wp-content\/uploads\/2025\/03\/KM_104_01005310_Img18-e1741944809581-1536x650.png 1536w, https:\/\/cinemafrica.se\/wp-content\/uploads\/2025\/03\/KM_104_01005310_Img18-e1741944809581-600x254.png 600w\" sizes=\"auto, (max-width: 1920px) 100vw, 1920px\" \/><\/p>\n<p><b>Du ger mig hj\u00e4rta av Lesego Vorster (Sydafrika)<br \/>\n<\/b><span style=\"font-weight: 400;\">Konstn\u00e4ren Sundiata f\u00e5r sitt livs chans n\u00e4r han hoppar in i en talangjakt d\u00e4r priset \u00e4r gudastatus, bokstavligen! Men att bli Gud av kreativitet visar sig vara mer \u00e4n bara \u00e4ra och appl\u00e5der. Snart uppt\u00e4cker han att dyrkan har en m\u00f6rk baksida\u2026 \u00c4r han redo att b\u00e4ra kronan, eller \u00e4r det kreativiteten som b\u00e4r honom?<\/span><\/p>\n<p><img loading=\"lazy\" decoding=\"async\" class=\"alignnone size-full wp-image-10339\" src=\"https:\/\/cinemafrica.se\/wp-content\/uploads\/2025\/03\/KM_106_0123518_Img24-e1741944702474.png\" alt=\"\" width=\"1920\" height=\"806\" srcset=\"https:\/\/cinemafrica.se\/wp-content\/uploads\/2025\/03\/KM_106_0123518_Img24-e1741944702474.png 1920w, https:\/\/cinemafrica.se\/wp-content\/uploads\/2025\/03\/KM_106_0123518_Img24-e1741944702474-768x322.png 768w, https:\/\/cinemafrica.se\/wp-content\/uploads\/2025\/03\/KM_106_0123518_Img24-e1741944702474-1536x645.png 1536w, https:\/\/cinemafrica.se\/wp-content\/uploads\/2025\/03\/KM_106_0123518_Img24-e1741944702474-600x252.png 600w\" sizes=\"auto, (max-width: 1920px) 100vw, 1920px\" \/><\/p>\n<p><b>Surf Sangoma av Nthato Mokgata &amp; Catherine Green (Sydafrika)<br \/>\n<\/b><span style=\"font-weight: 400;\">I ett framtida Durban, d\u00e4r havet har slukat staden, trotsar tv\u00e5 v\u00e4nner f\u00f6rbudet mot havsaktiviteter f\u00f6r att \u00e5teruppt\u00e4cka sin passion f\u00f6r surfing. I en v\u00e4rld d\u00e4r vattnet d\u00f6ljer mer \u00e4n bara gamla gator, kan varje surf bli deras sista.<\/span><\/p>\n<p><img loading=\"lazy\" decoding=\"async\" class=\"alignnone wp-image-10351 size-full\" src=\"https:\/\/cinemafrica.se\/wp-content\/uploads\/2025\/03\/KM_103_01010419_Img17-e1741948500148.png\" alt=\"\" width=\"1920\" height=\"793\" srcset=\"https:\/\/cinemafrica.se\/wp-content\/uploads\/2025\/03\/KM_103_01010419_Img17-e1741948500148.png 1920w, https:\/\/cinemafrica.se\/wp-content\/uploads\/2025\/03\/KM_103_01010419_Img17-e1741948500148-768x317.png 768w, https:\/\/cinemafrica.se\/wp-content\/uploads\/2025\/03\/KM_103_01010419_Img17-e1741948500148-1536x634.png 1536w, https:\/\/cinemafrica.se\/wp-content\/uploads\/2025\/03\/KM_103_01010419_Img17-e1741948500148-600x248.png 600w\" sizes=\"auto, (max-width: 1920px) 100vw, 1920px\" \/><\/p>\n<p><b>First Totem Problems av Tshepo Moche (Sydafrika)<br \/>\n<\/b><span style=\"font-weight: 400;\">Ton\u00e5ringen Sheba hamnar av misstag i f\u00f6rf\u00e4dernas rike under sin ceremoni f\u00f6r att f\u00e5 sitt digitala totem &#8211; en viktig ceremoni som knyter henne till sitt arv. Pl\u00f6tsligt fastnar Sheba mitt i en gammal familjefejd. Nu m\u00e5ste hon l\u00f6sa konflikterna fr\u00e5n det f\u00f6rflutna om hon n\u00e5gonsin ska kunna hitta v\u00e4gen hem.<\/span><\/p>\n<p><img loading=\"lazy\" decoding=\"async\" class=\"alignnone size-full wp-image-10354\" src=\"https:\/\/cinemafrica.se\/wp-content\/uploads\/2025\/03\/KM_109_01010007_Img16-e1741948445257.png\" alt=\"\" width=\"1920\" height=\"800\" srcset=\"https:\/\/cinemafrica.se\/wp-content\/uploads\/2025\/03\/KM_109_01010007_Img16-e1741948445257.png 1920w, https:\/\/cinemafrica.se\/wp-content\/uploads\/2025\/03\/KM_109_01010007_Img16-e1741948445257-768x320.png 768w, https:\/\/cinemafrica.se\/wp-content\/uploads\/2025\/03\/KM_109_01010007_Img16-e1741948445257-1536x640.png 1536w, https:\/\/cinemafrica.se\/wp-content\/uploads\/2025\/03\/KM_109_01010007_Img16-e1741948445257-1200x500.png 1200w, https:\/\/cinemafrica.se\/wp-content\/uploads\/2025\/03\/KM_109_01010007_Img16-e1741948445257-600x250.png 600w\" sizes=\"auto, (max-width: 1920px) 100vw, 1920px\" \/><\/p>\n<h3 data-start=\"89\" data-end=\"136\"><\/h3>\n<h3 data-start=\"89\" data-end=\"136\"><strong data-start=\"93\" data-end=\"134\">Viktig information om gratisbiljetter<\/strong><\/h3>\n<p data-start=\"138\" data-end=\"279\">F\u00f6r att s\u00e4kerst\u00e4lla att s\u00e5 m\u00e5nga som m\u00f6jligt f\u00e5r m\u00f6jlighet att delta i v\u00e5ra visningar g\u00e4ller f\u00f6ljande avbokningspolicy f\u00f6r gratisbiljetter. Om du inte kan n\u00e4rvara, m\u00e5ste du avboka din biljett senast 24 timmar innan visningen.<\/p>\n<p data-start=\"138\" data-end=\"279\">Avboka via info@cinemafrica.se<br \/>\nTack f\u00f6r att du avbokar i tid och ger n\u00e5gon annan chansen att ta din plats!<\/p>\n","protected":false},"excerpt":{"rendered":"<p>Se framtiden genom Afrikas \u00f6gon! F\u00f6lj med p\u00e5 en spektakul\u00e4r resa in i framtidens Afrika d\u00e4r mytologi m\u00f6ter teknologi, och d\u00e4r episka ber\u00e4ttelser tar form i en v\u00e4rld fylld av innovation, magi och action! Nu tar vi CinemAfricas minifestival till G\u00f6teborg den 9 april och bjuder in till en visning av fem utvalda kortfilmer fr\u00e5n [&hellip;]<\/p>\n","protected":false},"author":163,"featured_media":11657,"template":"","meta":{"_acf_changed":false},"product_brand":[],"product_cat":[152],"product_tag":[],"class_list":{"0":"post-11630","1":"product","2":"type-product","3":"status-publish","4":"has-post-thumbnail","6":"product_cat-films","8":"first","9":"instock","10":"downloadable","11":"virtual","12":"taxable","13":"purchasable","14":"product-type-simple"},"acf":[],"_links":{"self":[{"href":"https:\/\/cinemafrica.se\/fr\/wp-json\/wp\/v2\/product\/11630","targetHints":{"allow":["GET"]}}],"collection":[{"href":"https:\/\/cinemafrica.se\/fr\/wp-json\/wp\/v2\/product"}],"about":[{"href":"https:\/\/cinemafrica.se\/fr\/wp-json\/wp\/v2\/types\/product"}],"author":[{"embeddable":true,"href":"https:\/\/cinemafrica.se\/fr\/wp-json\/wp\/v2\/users\/163"}],"wp:featuredmedia":[{"embeddable":true,"href":"https:\/\/cinemafrica.se\/fr\/wp-json\/wp\/v2\/media\/11657"}],"wp:attachment":[{"href":"https:\/\/cinemafrica.se\/fr\/wp-json\/wp\/v2\/media?parent=11630"}],"wp:term":[{"taxonomy":"product_brand","embeddable":true,"href":"https:\/\/cinemafrica.se\/fr\/wp-json\/wp\/v2\/product_brand?post=11630"},{"taxonomy":"product_cat","embeddable":true,"href":"https:\/\/cinemafrica.se\/fr\/wp-json\/wp\/v2\/product_cat?post=11630"},{"taxonomy":"product_tag","embeddable":true,"href":"https:\/\/cinemafrica.se\/fr\/wp-json\/wp\/v2\/product_tag?post=11630"}],"curies":[{"name":"wp","href":"https:\/\/api.w.org\/{rel}","templated":true}]}}