{"id":11762,"date":"2026-04-01T12:19:37","date_gmt":"2026-04-01T10:19:37","guid":{"rendered":"https:\/\/cinemafrica.se\/?post_type=product&#038;p=11762"},"modified":"2026-04-08T16:29:30","modified_gmt":"2026-04-08T14:29:30","slug":"11762","status":"publish","type":"product","link":"https:\/\/cinemafrica.se\/fr\/product\/11762\/","title":{"rendered":"Michael"},"content":{"rendered":"<p data-pm-slice=\"1 1 []\"><strong>En of\u00f6rgl\u00f6mlig hyllning till Michael Jackson \u2013 exklusiv visning p\u00e5 Maxim<\/strong><\/p>\n<p>Upplev historien om Michael Jackson \u2013 en av v\u00e4rldens mest ikoniska artister genom tiderna.<\/p>\n<p>Den 24 april bjuder Cinemafrica, i samarbete med We Deh Culture, in till en exklusiv visning p\u00e5 Maxim. En kv\u00e4ll som hyllar musik, arv och en legend som f\u00f6r\u00e4ndrade popkulturen f\u00f6r alltid.<\/p>\n<p>Filmen <em>Michael<\/em>, regisserad av Antoine Fuqua, \u00e4r en storslagen biografisk dramafilm som skildrar Michael Jacksons resa \u2013 fr\u00e5n genombrottet med The Jackson 5 till hans banbrytande solokarri\u00e4r. I huvudrollen ser vi hans brorson Jaafar Jackson i en imponerande filmdebut.<\/p>\n<p>Kv\u00e4llen inleds med ett st\u00e4mningsfullt f\u00f6rmingel d\u00e4r <em>DJ Mike Yangstar<\/em> s\u00e4tter tonen med tidl\u00f6sa hits fr\u00e5n Michael Jacksons katalog.<\/p>\n<p><a href=\"https:\/\/secure.tickster.com\/sv\/pmgfmzev2clan2b\/selectevent\"><strong>K\u00d6P BILJETTER H\u00c4R<\/strong><\/a><\/p>\n","protected":false},"excerpt":{"rendered":"<p>En of\u00f6rgl\u00f6mlig hyllning till Michael Jackson \u2013 exklusiv visning p\u00e5 Maxim Upplev historien om Michael Jackson \u2013 en av v\u00e4rldens mest ikoniska artister genom tiderna. Den 24 april bjuder Cinemafrica, i samarbete med We Deh Culture, in till en exklusiv visning p\u00e5 Maxim. En kv\u00e4ll som hyllar musik, arv och en legend som f\u00f6r\u00e4ndrade popkulturen [&hellip;]<\/p>\n","protected":false},"author":163,"featured_media":11763,"template":"","meta":{"_acf_changed":false},"product_brand":[],"product_cat":[159,152,153],"product_tag":[],"class_list":{"0":"post-11762","1":"product","2":"type-product","3":"status-publish","4":"has-post-thumbnail","6":"product_cat-event","7":"product_cat-films","8":"product_cat-featurefilm","10":"first","11":"instock","12":"taxable","13":"shipping-taxable","14":"product-type-simple"},"acf":[],"_links":{"self":[{"href":"https:\/\/cinemafrica.se\/fr\/wp-json\/wp\/v2\/product\/11762","targetHints":{"allow":["GET"]}}],"collection":[{"href":"https:\/\/cinemafrica.se\/fr\/wp-json\/wp\/v2\/product"}],"about":[{"href":"https:\/\/cinemafrica.se\/fr\/wp-json\/wp\/v2\/types\/product"}],"author":[{"embeddable":true,"href":"https:\/\/cinemafrica.se\/fr\/wp-json\/wp\/v2\/users\/163"}],"wp:featuredmedia":[{"embeddable":true,"href":"https:\/\/cinemafrica.se\/fr\/wp-json\/wp\/v2\/media\/11763"}],"wp:attachment":[{"href":"https:\/\/cinemafrica.se\/fr\/wp-json\/wp\/v2\/media?parent=11762"}],"wp:term":[{"taxonomy":"product_brand","embeddable":true,"href":"https:\/\/cinemafrica.se\/fr\/wp-json\/wp\/v2\/product_brand?post=11762"},{"taxonomy":"product_cat","embeddable":true,"href":"https:\/\/cinemafrica.se\/fr\/wp-json\/wp\/v2\/product_cat?post=11762"},{"taxonomy":"product_tag","embeddable":true,"href":"https:\/\/cinemafrica.se\/fr\/wp-json\/wp\/v2\/product_tag?post=11762"}],"curies":[{"name":"wp","href":"https:\/\/api.w.org\/{rel}","templated":true}]}}