{"id":11869,"date":"2026-04-16T03:55:31","date_gmt":"2026-04-16T01:55:31","guid":{"rendered":"https:\/\/cinemafrica.se\/?post_type=product&#038;p=11869"},"modified":"2026-04-16T03:55:32","modified_gmt":"2026-04-16T01:55:32","slug":"cinemafrica-filmklubb-the-wall-street-boy-kipkemboi","status":"publish","type":"product","link":"https:\/\/cinemafrica.se\/fr\/product\/cinemafrica-filmklubb-the-wall-street-boy-kipkemboi\/","title":{"rendered":"Cinemafrica filmklubb: The Wall Street boy \/ Kipkemboi"},"content":{"rendered":"<p>Cinemafricas ungdomsfilmklubb bjuder in till en inspirerande filmvisning p\u00e5 Husby Stadsteatern den 8 maj.<\/p>\n<p>Kv\u00e4llens film, <em>\u201dThe Wall Street Boy \/ Kipkemboi\u201d<\/em>, \u00e4r en f\u00e4ngslande ber\u00e4ttelse om en ung matematikbeg\u00e5vning fr\u00e5n landsbygden i Kenya.<\/p>\n<p>Med en unik f\u00f6rm\u00e5ga att tolka naturens m\u00f6nster lyckas Kipkemboi utveckla en avancerad algoritm f\u00f6r aktiemarknaden, direkt fr\u00e5n sin enkla hemmilj\u00f6 i byn. Hans ov\u00e4ntade framg\u00e5ng v\u00e4cker snabbt uppm\u00e4rksamhet fr\u00e5n b\u00e5de internationella finansakt\u00f6rer och lokala myndigheter. Situationen eskalerar, och tillsammans med sin flickv\u00e4n Chepchirchir tvingas han fly.<\/p>\n<p>Filmen \u00e4r en gripande och tankev\u00e4ckande skildring som lyfter teman som innovation, kreativitet och sp\u00e4nningen mellan tradition och modernitet. Den ger ocks\u00e5 en nyanserad inblick i de socioekonomiska strukturerna i dagens Afrika.<\/p>\n<p>V\u00e4lkommen till en kv\u00e4ll fylld av inspiration.<\/p>\n<p>Fri entr\u00e9, boka biljetter h\u00e4r.<\/p>\n<p>&nbsp;<\/p>\n<p><span style=\"font-size: xx-small;\">Projektet genomf\u00f6rs i samarbete med Husby Stadsteater och sponsras av <em>Svenska Postkodlotteriets Stiftelse.<\/em> CinemAfricas filmklubb \u00e4r en del av CinemAfrica Next Generation, ett tv\u00e5 \u00e5rs projekt finansierat av Postkodlotteriet f\u00f6r ungdomar mellan 6-21 \u00e5r l\u00e4s mer om projektet <a href=\"https:\/\/cinemafrica.se\/cinemafrica-next-generation\/\">h\u00e4r.<\/a><\/span><\/p>\n<p>&nbsp;<\/p>\n","protected":false},"excerpt":{"rendered":"<p>Cinemafricas ungdomsfilmklubb bjuder in till en inspirerande filmvisning p\u00e5 Husby Stadsteatern den 8 maj. Kv\u00e4llens film, \u201dThe Wall Street Boy \/ Kipkemboi\u201d, \u00e4r en f\u00e4ngslande ber\u00e4ttelse om en ung matematikbeg\u00e5vning fr\u00e5n landsbygden i Kenya. Med en unik f\u00f6rm\u00e5ga att tolka naturens m\u00f6nster lyckas Kipkemboi utveckla en avancerad algoritm f\u00f6r aktiemarknaden, direkt fr\u00e5n sin enkla hemmilj\u00f6 [&hellip;]<\/p>\n","protected":false},"author":232,"featured_media":9408,"template":"","meta":{"_acf_changed":false},"product_brand":[],"product_cat":[152,153,159],"product_tag":[],"class_list":{"0":"post-11869","1":"product","2":"type-product","3":"status-publish","4":"has-post-thumbnail","6":"product_cat-films","7":"product_cat-featurefilm","8":"product_cat-event","10":"first","11":"instock","12":"downloadable","13":"virtual","14":"taxable","15":"purchasable","16":"product-type-simple"},"acf":[],"_links":{"self":[{"href":"https:\/\/cinemafrica.se\/fr\/wp-json\/wp\/v2\/product\/11869","targetHints":{"allow":["GET"]}}],"collection":[{"href":"https:\/\/cinemafrica.se\/fr\/wp-json\/wp\/v2\/product"}],"about":[{"href":"https:\/\/cinemafrica.se\/fr\/wp-json\/wp\/v2\/types\/product"}],"author":[{"embeddable":true,"href":"https:\/\/cinemafrica.se\/fr\/wp-json\/wp\/v2\/users\/232"}],"wp:featuredmedia":[{"embeddable":true,"href":"https:\/\/cinemafrica.se\/fr\/wp-json\/wp\/v2\/media\/9408"}],"wp:attachment":[{"href":"https:\/\/cinemafrica.se\/fr\/wp-json\/wp\/v2\/media?parent=11869"}],"wp:term":[{"taxonomy":"product_brand","embeddable":true,"href":"https:\/\/cinemafrica.se\/fr\/wp-json\/wp\/v2\/product_brand?post=11869"},{"taxonomy":"product_cat","embeddable":true,"href":"https:\/\/cinemafrica.se\/fr\/wp-json\/wp\/v2\/product_cat?post=11869"},{"taxonomy":"product_tag","embeddable":true,"href":"https:\/\/cinemafrica.se\/fr\/wp-json\/wp\/v2\/product_tag?post=11869"}],"curies":[{"name":"wp","href":"https:\/\/api.w.org\/{rel}","templated":true}]}}