{"id":6692,"date":"2023-09-19T15:23:26","date_gmt":"2023-09-19T13:23:26","guid":{"rendered":"https:\/\/cinemafrica.spektradesign.se\/?post_type=product&#038;p=6692"},"modified":"2025-09-17T17:31:59","modified_gmt":"2025-09-17T15:31:59","slug":"nossa-senhora-da-loja-do-chines-our-lady-of-the-chinese-shop","status":"publish","type":"product","link":"https:\/\/cinemafrica.se\/fr\/product\/nossa-senhora-da-loja-do-chines-our-lady-of-the-chinese-shop\/","title":{"rendered":"Nossa senhora da loja do chin\u00eas (Our Lady of the Chinese Shop)"},"content":{"rendered":"<p><span style=\"font-weight: 400;\">Runt ett heligt plastobjekt tillverkat i Kina som en kinesisk k\u00f6pman har med sig till en stadsdel i Luanda i Angola utvecklar sig karakt\u00e4rerna. En kedja av h\u00e4ndelser s\u00e4tts i r\u00f6relse. En s\u00f6rjande mamma i l\u00e4ngtan efter frid ger sig ut p\u00e5 en resa. En fris\u00f6r startar en ny kult. En ung man vill h\u00e4mnas sin f\u00f6rlorade v\u00e4n. Med poetiska fraser p\u00e5 mandarin beskriver k\u00f6pmannen vad vi ser men ocks\u00e5 s\u00e5dant bortom det synliga. <\/span><\/p>\n<p><span style=\"font-weight: 400;\">I sin debut som l\u00e5ngfilmsregiss\u00f6r ber\u00e4ttar Ery Claver en surrealistisk urban saga med inslag av magisk realism; en p\u00e5 samma g\u00e5ng mystisk och precis beskrivning av en stad och dess inv\u00e5nare \u2013 parallellt post- och neokolonial men ocks\u00e5 m\u00f6tesplats f\u00f6r olika kulturer och erfarenheter. Filmen produceras genom kollektivet <\/span><span style=\"font-weight: 400;\">Gera\u00e7ao 80. <\/span><\/p>\n<p>Samtal efter visning med:<br \/>\nEry Claver, regiss\u00f6r av Nossa Senhora da Loja do Chin\u00eas (The Chinese shop)<br \/>\nDavid Nzinga , angolansk-svensk sk\u00e5despelare och filmproducent.<br \/>\nLennat Killander, Sveriges ambassad\u00f6r till Angola.<\/p>\n<p>Visningen genomf\u00f6rs i samarbeta med Svenska konsulatet i Angola.<\/p>\n","protected":false},"excerpt":{"rendered":"<p>Runt ett heligt plastobjekt tillverkat i Kina som en kinesisk k\u00f6pman har med sig till en stadsdel i Luanda i Angola utvecklar sig karakt\u00e4rerna. En kedja av h\u00e4ndelser s\u00e4tts i r\u00f6relse. En s\u00f6rjande mamma i l\u00e4ngtan efter frid ger sig ut p\u00e5 en resa. En fris\u00f6r startar en ny kult. En ung man vill h\u00e4mnas [&hellip;]<\/p>\n","protected":false},"author":163,"featured_media":6693,"template":"","meta":{"_acf_changed":false},"product_brand":[],"product_cat":[152,153],"product_tag":[],"class_list":{"0":"post-6692","1":"product","2":"type-product","3":"status-publish","4":"has-post-thumbnail","6":"product_cat-films","7":"product_cat-featurefilm","9":"first","10":"instock","11":"downloadable","12":"virtual","13":"taxable","14":"purchasable","15":"product-type-simple"},"acf":[],"_links":{"self":[{"href":"https:\/\/cinemafrica.se\/fr\/wp-json\/wp\/v2\/product\/6692","targetHints":{"allow":["GET"]}}],"collection":[{"href":"https:\/\/cinemafrica.se\/fr\/wp-json\/wp\/v2\/product"}],"about":[{"href":"https:\/\/cinemafrica.se\/fr\/wp-json\/wp\/v2\/types\/product"}],"author":[{"embeddable":true,"href":"https:\/\/cinemafrica.se\/fr\/wp-json\/wp\/v2\/users\/163"}],"wp:featuredmedia":[{"embeddable":true,"href":"https:\/\/cinemafrica.se\/fr\/wp-json\/wp\/v2\/media\/6693"}],"wp:attachment":[{"href":"https:\/\/cinemafrica.se\/fr\/wp-json\/wp\/v2\/media?parent=6692"}],"wp:term":[{"taxonomy":"product_brand","embeddable":true,"href":"https:\/\/cinemafrica.se\/fr\/wp-json\/wp\/v2\/product_brand?post=6692"},{"taxonomy":"product_cat","embeddable":true,"href":"https:\/\/cinemafrica.se\/fr\/wp-json\/wp\/v2\/product_cat?post=6692"},{"taxonomy":"product_tag","embeddable":true,"href":"https:\/\/cinemafrica.se\/fr\/wp-json\/wp\/v2\/product_tag?post=6692"}],"curies":[{"name":"wp","href":"https:\/\/api.w.org\/{rel}","templated":true}]}}