{"id":6700,"date":"2023-09-19T16:44:38","date_gmt":"2023-09-19T14:44:38","guid":{"rendered":"https:\/\/cinemafrica.spektradesign.se\/?post_type=product&#038;p=6700"},"modified":"2024-10-02T10:17:18","modified_gmt":"2024-10-02T08:17:18","slug":"simin-setwal-gazing-at-stars","status":"publish","type":"product","link":"https:\/\/cinemafrica.se\/fr\/product\/simin-setwal-gazing-at-stars\/","title":{"rendered":"Simin Setwal (Gazing at Stars)"},"content":{"rendered":"<p><span style=\"font-weight: 400;\">L\u00e5ngt ifr\u00e5n lyxhotellen p\u00e5 Mauritius utspelar sig <\/span><span style=\"font-weight: 400;\">David Constantins andra l\u00e5ngfilm <\/span><span style=\"font-weight: 400;\">Simin Setwal. Ronaldo \u00e4r en ot\u00e5lig ung man som s\u00f6ker efter nya horisonter som ger sig ut f\u00f6r att leta efter sin pappa \u2013 den tystl\u00e5tna och alkoholiserade Bolom. S\u00e5 uppst\u00e5r m\u00f6tet med Aleja, en asiatisk g\u00e4starbetare som flyr slavliknande f\u00f6rh\u00e5llanden i en textilfabrik. Under m\u00f6rk stj\u00e4rnbekl\u00e4dd himmel och i huvudsak p\u00e5 det lokala spr\u00e5ket kreol vecklar sig deras p\u00e5 m\u00e5nga s\u00e4tt sk\u00f6ra livs\u00f6den ut. Filmen \u00e4r en unik skildring av arbetarklassens villkor, de sociala verkligheterna och den lokala kulturen p\u00e5 \u00f6n. Filmen har redan vunnit fyra internationella priser, bland annat vid den afrikanska filmfestivalen Fespaco.<\/span><\/p>\n","protected":false},"excerpt":{"rendered":"<p>L\u00e5ngt ifr\u00e5n lyxhotellen p\u00e5 Mauritius utspelar sig David Constantins andra l\u00e5ngfilm Simin Setwal. Ronaldo \u00e4r en ot\u00e5lig ung man som s\u00f6ker efter nya horisonter som ger sig ut f\u00f6r att leta efter sin pappa \u2013 den tystl\u00e5tna och alkoholiserade Bolom. S\u00e5 uppst\u00e5r m\u00f6tet med Aleja, en asiatisk g\u00e4starbetare som flyr slavliknande f\u00f6rh\u00e5llanden i en textilfabrik. [&hellip;]<\/p>\n","protected":false},"author":163,"featured_media":6972,"template":"","meta":{"_acf_changed":false},"product_brand":[],"product_cat":[153,152],"product_tag":[],"class_list":{"0":"post-6700","1":"product","2":"type-product","3":"status-publish","4":"has-post-thumbnail","6":"product_cat-featurefilm","7":"product_cat-films","9":"first","10":"instock","11":"downloadable","12":"virtual","13":"taxable","14":"purchasable","15":"product-type-simple"},"acf":[],"_links":{"self":[{"href":"https:\/\/cinemafrica.se\/fr\/wp-json\/wp\/v2\/product\/6700","targetHints":{"allow":["GET"]}}],"collection":[{"href":"https:\/\/cinemafrica.se\/fr\/wp-json\/wp\/v2\/product"}],"about":[{"href":"https:\/\/cinemafrica.se\/fr\/wp-json\/wp\/v2\/types\/product"}],"author":[{"embeddable":true,"href":"https:\/\/cinemafrica.se\/fr\/wp-json\/wp\/v2\/users\/163"}],"wp:featuredmedia":[{"embeddable":true,"href":"https:\/\/cinemafrica.se\/fr\/wp-json\/wp\/v2\/media\/6972"}],"wp:attachment":[{"href":"https:\/\/cinemafrica.se\/fr\/wp-json\/wp\/v2\/media?parent=6700"}],"wp:term":[{"taxonomy":"product_brand","embeddable":true,"href":"https:\/\/cinemafrica.se\/fr\/wp-json\/wp\/v2\/product_brand?post=6700"},{"taxonomy":"product_cat","embeddable":true,"href":"https:\/\/cinemafrica.se\/fr\/wp-json\/wp\/v2\/product_cat?post=6700"},{"taxonomy":"product_tag","embeddable":true,"href":"https:\/\/cinemafrica.se\/fr\/wp-json\/wp\/v2\/product_tag?post=6700"}],"curies":[{"name":"wp","href":"https:\/\/api.w.org\/{rel}","templated":true}]}}