{"id":6718,"date":"2023-09-19T17:00:05","date_gmt":"2023-09-19T15:00:05","guid":{"rendered":"https:\/\/cinemafrica.spektradesign.se\/?post_type=product&#038;p=6718"},"modified":"2024-10-02T10:17:18","modified_gmt":"2024-10-02T08:17:18","slug":"above-and-beyond-the-global-rise-of-afro-house","status":"publish","type":"product","link":"https:\/\/cinemafrica.se\/fr\/product\/above-and-beyond-the-global-rise-of-afro-house\/","title":{"rendered":"ABOVE AND BEYOND \u2013 THE GLOBAL RISE OF AFRO HOUSE &#8211; INST\u00c4LLD"},"content":{"rendered":"<p>Afro House \u00e4r h\u00e4r f\u00f6r att stanna. Det v\u00e4xande globala n\u00e4tverk av musiker \u00e4r bevis p\u00e5 det. Den internationella musikdokument\u00e4ren sp\u00e5rar ursprunget till Afro House och utforskar dess nutid och lovande framtid.Fr\u00e5n Tyskland till Sydafrika, fr\u00e5n Angola till Portugal, fr\u00e5n Kenya till USA och bortom: dokument\u00e4ren visar upp nyckelspelare fr\u00e5n Afro House-musikscen och tittar p\u00e5 de m\u00e5nga utmaningar som v\u00e4ntar p\u00e5 v\u00e4rldsscenen. Dokument\u00e4ren \u00e4r skapad f\u00f6r en internationell publik och \u00e4r lika mycket en introduktion till Afro House-v\u00e4rlden som en hyllning till dess globala inverkan och arv. Filmen har vunnit Tag der Clubkultur priset som utm\u00e4rker musiker i Berlins kultur scen.<\/p>\n","protected":false},"excerpt":{"rendered":"<p>Afro House \u00e4r h\u00e4r f\u00f6r att stanna. Det v\u00e4xande globala n\u00e4tverk av musiker \u00e4r bevis p\u00e5 det. Den internationella musikdokument\u00e4ren sp\u00e5rar ursprunget till Afro House och utforskar dess nutid och lovande framtid.Fr\u00e5n Tyskland till Sydafrika, fr\u00e5n Angola till Portugal, fr\u00e5n Kenya till USA och bortom: dokument\u00e4ren visar upp nyckelspelare fr\u00e5n Afro House-musikscen och tittar p\u00e5 [&hellip;]<\/p>\n","protected":false},"author":163,"featured_media":6985,"template":"","meta":{"_acf_changed":false},"product_brand":[],"product_cat":[152,157],"product_tag":[],"class_list":{"0":"post-6718","1":"product","2":"type-product","3":"status-publish","4":"has-post-thumbnail","6":"product_cat-films","7":"product_cat-documentaryfilm","9":"first","10":"instock","11":"downloadable","12":"virtual","13":"taxable","14":"purchasable","15":"product-type-simple"},"acf":[],"_links":{"self":[{"href":"https:\/\/cinemafrica.se\/fr\/wp-json\/wp\/v2\/product\/6718","targetHints":{"allow":["GET"]}}],"collection":[{"href":"https:\/\/cinemafrica.se\/fr\/wp-json\/wp\/v2\/product"}],"about":[{"href":"https:\/\/cinemafrica.se\/fr\/wp-json\/wp\/v2\/types\/product"}],"author":[{"embeddable":true,"href":"https:\/\/cinemafrica.se\/fr\/wp-json\/wp\/v2\/users\/163"}],"wp:featuredmedia":[{"embeddable":true,"href":"https:\/\/cinemafrica.se\/fr\/wp-json\/wp\/v2\/media\/6985"}],"wp:attachment":[{"href":"https:\/\/cinemafrica.se\/fr\/wp-json\/wp\/v2\/media?parent=6718"}],"wp:term":[{"taxonomy":"product_brand","embeddable":true,"href":"https:\/\/cinemafrica.se\/fr\/wp-json\/wp\/v2\/product_brand?post=6718"},{"taxonomy":"product_cat","embeddable":true,"href":"https:\/\/cinemafrica.se\/fr\/wp-json\/wp\/v2\/product_cat?post=6718"},{"taxonomy":"product_tag","embeddable":true,"href":"https:\/\/cinemafrica.se\/fr\/wp-json\/wp\/v2\/product_tag?post=6718"}],"curies":[{"name":"wp","href":"https:\/\/api.w.org\/{rel}","templated":true}]}}