{"id":6744,"date":"2023-09-20T15:34:59","date_gmt":"2023-09-20T13:34:59","guid":{"rendered":"https:\/\/cinemafrica.spektradesign.se\/?post_type=product&#038;p=6744"},"modified":"2024-10-02T10:17:18","modified_gmt":"2024-10-02T08:17:18","slug":"call-nina-the-diasporic-art-of-josette-bushell-mingo","status":"publish","type":"product","link":"https:\/\/cinemafrica.se\/fr\/product\/call-nina-the-diasporic-art-of-josette-bushell-mingo\/","title":{"rendered":"CALL NINA! &#8211; The diasporic art of Josette Bushell-Mingo"},"content":{"rendered":"<p><span style=\"font-weight: 400;\">I dokument\u00e4ren \u201dCALL NINA!\u201d f\u00f6ljer CinemAfricas tidigare styrelseledamot Lamin Daniel Jadama v\u00e5r tidigare styrelseordf\u00f6rande (2012-2019) Josette Bushell-Mingo i hennes outtr\u00f6ttliga arbete f\u00f6r att \u00f6ka representationen och inkluderingen inom scenkonst. Handlingen centreras kring Bushell-Mingos djupt personliga f\u00f6rest\u00e4llning \u201dA story about me and Nina Simone\u201d, baserad p\u00e5 erfarenheter och tankar kopplade till Black Lives Matter. Vilken roll spelar ras och klass i v\u00e5ra samh\u00e4llen idag? Och hur kan k\u00e4nslor av h\u00e4mnd och f\u00f6rl\u00e5telse hanteras?<\/span><\/p>\n<p><span style=\"font-weight: 400;\">Josette Bushell-Mingo \u00e4r en m\u00e5ngfaldigt prisbel\u00f6nt regiss\u00f6r och sk\u00e5despelare, idag rektor f\u00f6r Royal Central School of Speech and Drama vid London university. Lamin Daniel Jadama \u00a0\u00e4r filmregiss\u00f6r och visuell konstn\u00e4r.<\/span><\/p>\n<p class=\"p1\">Vi avrundar filmen med tv\u00e5 panelsamtal.<\/p>\n<p class=\"p1\">\u00a0tillsammans med <span style=\"font-weight: 400;\">Josette Bushell-Mingo, Lamin Daniel Jadama och Madubuko Diakit\u00e9.<\/span><\/p>\n<p>Panelsamtal 1:<span style=\"font-weight: 400;\">Josette Bushell-Mingo, Lamin Daniel Jadama, \u00a0Madubuko Diakit\u00e9 och Maureen Odora Hoppers.<br \/>\nPanelsamtal 2:\u00a0<\/span>Barakat Ghebrehawariat , Silvia Kakembo, Sauda Luzze och Ruth Zerai.<\/p>\n<p>Visas tillsammans med \u00a0<a href=\"https:\/\/cinemafrica.se\/product\/the-invisible-people\/\">The Invisible People <\/a><\/p>\n","protected":false},"excerpt":{"rendered":"<p>I dokument\u00e4ren \u201dCALL NINA!\u201d f\u00f6ljer CinemAfricas tidigare styrelseledamot Lamin Daniel Jadama v\u00e5r tidigare styrelseordf\u00f6rande (2012-2019) Josette Bushell-Mingo i hennes outtr\u00f6ttliga arbete f\u00f6r att \u00f6ka representationen och inkluderingen inom scenkonst. Handlingen centreras kring Bushell-Mingos djupt personliga f\u00f6rest\u00e4llning \u201dA story about me and Nina Simone\u201d, baserad p\u00e5 erfarenheter och tankar kopplade till Black Lives Matter. Vilken roll [&hellip;]<\/p>\n","protected":false},"author":163,"featured_media":6923,"template":"","meta":{"_acf_changed":false},"product_brand":[],"product_cat":[152,157],"product_tag":[],"class_list":{"0":"post-6744","1":"product","2":"type-product","3":"status-publish","4":"has-post-thumbnail","6":"product_cat-films","7":"product_cat-documentaryfilm","9":"first","10":"instock","11":"downloadable","12":"virtual","13":"taxable","14":"purchasable","15":"product-type-simple"},"acf":[],"_links":{"self":[{"href":"https:\/\/cinemafrica.se\/fr\/wp-json\/wp\/v2\/product\/6744","targetHints":{"allow":["GET"]}}],"collection":[{"href":"https:\/\/cinemafrica.se\/fr\/wp-json\/wp\/v2\/product"}],"about":[{"href":"https:\/\/cinemafrica.se\/fr\/wp-json\/wp\/v2\/types\/product"}],"author":[{"embeddable":true,"href":"https:\/\/cinemafrica.se\/fr\/wp-json\/wp\/v2\/users\/163"}],"wp:featuredmedia":[{"embeddable":true,"href":"https:\/\/cinemafrica.se\/fr\/wp-json\/wp\/v2\/media\/6923"}],"wp:attachment":[{"href":"https:\/\/cinemafrica.se\/fr\/wp-json\/wp\/v2\/media?parent=6744"}],"wp:term":[{"taxonomy":"product_brand","embeddable":true,"href":"https:\/\/cinemafrica.se\/fr\/wp-json\/wp\/v2\/product_brand?post=6744"},{"taxonomy":"product_cat","embeddable":true,"href":"https:\/\/cinemafrica.se\/fr\/wp-json\/wp\/v2\/product_cat?post=6744"},{"taxonomy":"product_tag","embeddable":true,"href":"https:\/\/cinemafrica.se\/fr\/wp-json\/wp\/v2\/product_tag?post=6744"}],"curies":[{"name":"wp","href":"https:\/\/api.w.org\/{rel}","templated":true}]}}