{"id":6768,"date":"2023-09-20T15:45:07","date_gmt":"2023-09-20T13:45:07","guid":{"rendered":"https:\/\/cinemafrica.spektradesign.se\/?post_type=product&#038;p=6768"},"modified":"2024-10-02T10:17:18","modified_gmt":"2024-10-02T08:17:18","slug":"xaraasi-xanne-crossing-voices","status":"publish","type":"product","link":"https:\/\/cinemafrica.se\/fr\/product\/xaraasi-xanne-crossing-voices\/","title":{"rendered":"Xaraasi Xanne (Crossing Voices)"},"content":{"rendered":"<p><span style=\"font-weight: 400;\">Utifr\u00e5n ett unikt film\u2013 och fotoarkiv samt ljudupptagningar belyser filmen det maliska jordbrukskooperativet Somankidi Coura som grundades av migrantarbetare i Frankrike 1977, d\u00e4ribland regiss\u00f6ren Bouba Tour\u00e9 sj\u00e4lv. Filmen f\u00f6ljer Somankidi Couras osannolika \u00e5terv\u00e4ndande till Mali och portr\u00e4tterar hur sammanh\u00e5llning, ih\u00e4rdighet och styrka uppr\u00e4tth\u00e5llits genom generationer. Samtidigt lyfts det koloniala jordbrukets v\u00e5ldsamma historia fram liksom de ekologiska utmaningarna i dagens Afrika.\u00a0<\/span><\/p>\n<p><span style=\"font-weight: 400;\">Bouba Tour\u00e9 kom till Frankrike som migrantarbetare 1965 och \u00e4gnade sig sedan som fotograf \u00e5t att dokumentera migrantarbetares liv i Frankrike i \u00f6ver ett halvt sekel fram till sin d\u00f6d 2022. Fr\u00e5n 2006 arbetade han med den franska filmskaparen Rapha\u00ebl Grisey.<\/span><\/p>\n","protected":false},"excerpt":{"rendered":"<p>Utifr\u00e5n ett unikt film\u2013 och fotoarkiv samt ljudupptagningar belyser filmen det maliska jordbrukskooperativet Somankidi Coura som grundades av migrantarbetare i Frankrike 1977, d\u00e4ribland regiss\u00f6ren Bouba Tour\u00e9 sj\u00e4lv. Filmen f\u00f6ljer Somankidi Couras osannolika \u00e5terv\u00e4ndande till Mali och portr\u00e4tterar hur sammanh\u00e5llning, ih\u00e4rdighet och styrka uppr\u00e4tth\u00e5llits genom generationer. Samtidigt lyfts det koloniala jordbrukets v\u00e5ldsamma historia fram liksom de [&hellip;]<\/p>\n","protected":false},"author":163,"featured_media":6769,"template":"","meta":{"_acf_changed":false},"product_brand":[],"product_cat":[152,157],"product_tag":[],"class_list":{"0":"post-6768","1":"product","2":"type-product","3":"status-publish","4":"has-post-thumbnail","6":"product_cat-films","7":"product_cat-documentaryfilm","9":"first","10":"instock","11":"downloadable","12":"virtual","13":"taxable","14":"purchasable","15":"product-type-simple"},"acf":[],"_links":{"self":[{"href":"https:\/\/cinemafrica.se\/fr\/wp-json\/wp\/v2\/product\/6768","targetHints":{"allow":["GET"]}}],"collection":[{"href":"https:\/\/cinemafrica.se\/fr\/wp-json\/wp\/v2\/product"}],"about":[{"href":"https:\/\/cinemafrica.se\/fr\/wp-json\/wp\/v2\/types\/product"}],"author":[{"embeddable":true,"href":"https:\/\/cinemafrica.se\/fr\/wp-json\/wp\/v2\/users\/163"}],"wp:featuredmedia":[{"embeddable":true,"href":"https:\/\/cinemafrica.se\/fr\/wp-json\/wp\/v2\/media\/6769"}],"wp:attachment":[{"href":"https:\/\/cinemafrica.se\/fr\/wp-json\/wp\/v2\/media?parent=6768"}],"wp:term":[{"taxonomy":"product_brand","embeddable":true,"href":"https:\/\/cinemafrica.se\/fr\/wp-json\/wp\/v2\/product_brand?post=6768"},{"taxonomy":"product_cat","embeddable":true,"href":"https:\/\/cinemafrica.se\/fr\/wp-json\/wp\/v2\/product_cat?post=6768"},{"taxonomy":"product_tag","embeddable":true,"href":"https:\/\/cinemafrica.se\/fr\/wp-json\/wp\/v2\/product_tag?post=6768"}],"curies":[{"name":"wp","href":"https:\/\/api.w.org\/{rel}","templated":true}]}}