{"id":6775,"date":"2023-09-20T15:49:52","date_gmt":"2023-09-20T13:49:52","guid":{"rendered":"https:\/\/cinemafrica.spektradesign.se\/?post_type=product&#038;p=6775"},"modified":"2024-10-02T10:17:18","modified_gmt":"2024-10-02T08:17:18","slug":"i-think-of-silences-when-i-think-of-you","status":"publish","type":"product","link":"https:\/\/cinemafrica.se\/fr\/product\/i-think-of-silences-when-i-think-of-you\/","title":{"rendered":"I Think of Silences When I Think of You"},"content":{"rendered":"<p><span style=\"font-weight: 400;\">Den prisbel\u00f6nta filmskaparen Jonelle Twum ger ett lyriskt portr\u00e4tt av en kvinna som efter ett br\u00f6llop i Ghana p\u00e5 1990-talet g\u00f6r en resa \u00f6ver havet. Arkivmaterial och nya bilder tar oss med p\u00e5 en r\u00f6rande resa d\u00e4r tystnaden st\u00e4lls i relation till dr\u00f6mmar om en framtid i Europa\u00a0<\/span><\/p>\n<p><span style=\"font-weight: 400;\">Jonelle Twum utforskar ofta fr\u00e5gor om osynlighet\/synlighet, minnen och historieskildringar utifr\u00e5n ett svart feministiskt perspektiv. Hon \u00e4r grundare av Black Archives Sweden, ett samtida arkiv med utg\u00e5ngspunkt i afrosvenskars erfarenheter.<\/span><\/p>\n<p>I Think of Silences When I Think of You \u00e4r en f\u00f6rfilm till Bant\u00fa Mama 28 oktober kl 15.00 p\u00e5 Bio Rio k\u00f6p dina biljetter <a href=\"https:\/\/cinemafrica.se\/product\/bantu-mama\/\">h\u00e4r.<\/a><br style=\"font-weight: 400;\" \/><br style=\"font-weight: 400;\" \/><\/p>\n","protected":false},"excerpt":{"rendered":"<p>Den prisbel\u00f6nta filmskaparen Jonelle Twum ger ett lyriskt portr\u00e4tt av en kvinna som efter ett br\u00f6llop i Ghana p\u00e5 1990-talet g\u00f6r en resa \u00f6ver havet. Arkivmaterial och nya bilder tar oss med p\u00e5 en r\u00f6rande resa d\u00e4r tystnaden st\u00e4lls i relation till dr\u00f6mmar om en framtid i Europa\u00a0 Jonelle Twum utforskar ofta fr\u00e5gor om osynlighet\/synlighet, [&hellip;]<\/p>\n","protected":false},"author":163,"featured_media":7344,"template":"","meta":{"_acf_changed":false},"product_brand":[],"product_cat":[152,158],"product_tag":[],"class_list":{"0":"post-6775","1":"product","2":"type-product","3":"status-publish","4":"has-post-thumbnail","6":"product_cat-films","7":"product_cat-shortfilm-2","9":"first","10":"instock","11":"downloadable","12":"virtual","13":"taxable","14":"purchasable","15":"product-type-simple"},"acf":[],"_links":{"self":[{"href":"https:\/\/cinemafrica.se\/fr\/wp-json\/wp\/v2\/product\/6775","targetHints":{"allow":["GET"]}}],"collection":[{"href":"https:\/\/cinemafrica.se\/fr\/wp-json\/wp\/v2\/product"}],"about":[{"href":"https:\/\/cinemafrica.se\/fr\/wp-json\/wp\/v2\/types\/product"}],"author":[{"embeddable":true,"href":"https:\/\/cinemafrica.se\/fr\/wp-json\/wp\/v2\/users\/163"}],"wp:featuredmedia":[{"embeddable":true,"href":"https:\/\/cinemafrica.se\/fr\/wp-json\/wp\/v2\/media\/7344"}],"wp:attachment":[{"href":"https:\/\/cinemafrica.se\/fr\/wp-json\/wp\/v2\/media?parent=6775"}],"wp:term":[{"taxonomy":"product_brand","embeddable":true,"href":"https:\/\/cinemafrica.se\/fr\/wp-json\/wp\/v2\/product_brand?post=6775"},{"taxonomy":"product_cat","embeddable":true,"href":"https:\/\/cinemafrica.se\/fr\/wp-json\/wp\/v2\/product_cat?post=6775"},{"taxonomy":"product_tag","embeddable":true,"href":"https:\/\/cinemafrica.se\/fr\/wp-json\/wp\/v2\/product_tag?post=6775"}],"curies":[{"name":"wp","href":"https:\/\/api.w.org\/{rel}","templated":true}]}}