{"id":6810,"date":"2023-09-27T10:04:56","date_gmt":"2023-09-27T08:04:56","guid":{"rendered":"https:\/\/cinemafrica.spektradesign.se\/?post_type=product&#038;p=6810"},"modified":"2024-10-02T10:17:18","modified_gmt":"2024-10-02T08:17:18","slug":"bravo-burkina","status":"publish","type":"product","link":"https:\/\/cinemafrica.se\/fr\/product\/bravo-burkina\/","title":{"rendered":"Bravo, Burkina!"},"content":{"rendered":"<p><span style=\"font-weight: 400;\">Storyteller och designern Wal\u00e9 Oy\u00e9jid\u00e9 skapar sin debut genom att bjuda p\u00e5 en poetisk ber\u00e4ttelse om en pojke fr\u00e5n Burkina Faso som flyr sin by och migrerar till Italien. Pl\u00e5gad av minnen fr\u00e5n sitt hem reser han genom tiden i hopp om att \u00e5terf\u00e5 allt han har f\u00f6rlorat. Genom \u00f6gonen p\u00e5 ett barn som l\u00e4mnar sitt hem ser vi de k\u00e4nslom\u00e4ssiga klyftor som kan l\u00e4mnas efter n\u00e4r m\u00e4nniskor migrerar till avl\u00e4gsna l\u00e4nder. Under en timme f\u00e5r vi kliva in i en dr\u00f6mlik och mystisk resa som utforskar meningen med att existera i tv\u00e5 tillst\u00e5nd \u2013 b\u00e5de komma och g\u00e5, fly och springa mot.<\/span><\/p>\n<p><span style=\"font-weight: 400;\">Wal\u00e9 Oy\u00e9jid\u00e9s kl\u00e4dm\u00e4rke Ikir\u00e9 Jones anv\u00e4nder mode f\u00f6r att s\u00e4tta ljus p\u00e5 perspektiv fr\u00e5n marginaliserade m\u00e4nniskor. Hans designs hittar vi i stora filmer som \u201dBlack Panther 2\u201d och \u201dComing 2 America\u201d samt i museum runt om i v\u00e4rlden.<\/span><\/p>\n<div class=\"group w-full text-token-text-primary border-b border-black\/10 gizmo:border-0 dark:border-gray-900\/50 gizmo:dark:border-0 bg-gray-50 gizmo:bg-transparent dark:bg-[#444654] gizmo:dark:bg-transparent\" data-testid=\"conversation-turn-5\">\n<div class=\"p-4 justify-center text-base md:gap-6 md:py-6 m-auto\">\n<div class=\"flex flex-1 gap-4 text-base mx-auto md:gap-6 gizmo:gap-3 gizmo:md:px-5 gizmo:lg:px-1 gizmo:xl:px-5 md:max-w-2xl lg:max-w-[38rem] gizmo:md:max-w-3xl gizmo:lg:max-w-[40rem] gizmo:xl:max-w-[48rem] xl:max-w-3xl }\">\n<div class=\"relative flex w-[calc(100%-50px)] flex-col gap-1 gizmo:w-full md:gap-3 lg:w-[calc(100%-115px)] agent-turn\">\n<div class=\"flex flex-grow flex-col gap-3 max-w-full\">\n<div class=\"min-h-[20px] flex flex-col items-start gap-3 overflow-x-auto whitespace-pre-wrap break-words\">\n<div class=\"markdown prose w-full break-words dark:prose-invert light\">\n<p>&nbsp;<\/p>\n<p>&nbsp;<\/p>\n<\/div>\n<\/div>\n<\/div>\n<\/div>\n<\/div>\n<\/div>\n<\/div>\n","protected":false},"excerpt":{"rendered":"<p>Storyteller och designern Wal\u00e9 Oy\u00e9jid\u00e9 skapar sin debut genom att bjuda p\u00e5 en poetisk ber\u00e4ttelse om en pojke fr\u00e5n Burkina Faso som flyr sin by och migrerar till Italien. Pl\u00e5gad av minnen fr\u00e5n sitt hem reser han genom tiden i hopp om att \u00e5terf\u00e5 allt han har f\u00f6rlorat. Genom \u00f6gonen p\u00e5 ett barn som l\u00e4mnar [&hellip;]<\/p>\n","protected":false},"author":163,"featured_media":7332,"template":"","meta":{"_acf_changed":false},"product_brand":[],"product_cat":[152,153],"product_tag":[],"class_list":{"0":"post-6810","1":"product","2":"type-product","3":"status-publish","4":"has-post-thumbnail","6":"product_cat-films","7":"product_cat-featurefilm","9":"first","10":"instock","11":"downloadable","12":"virtual","13":"taxable","14":"purchasable","15":"product-type-simple"},"acf":[],"_links":{"self":[{"href":"https:\/\/cinemafrica.se\/fr\/wp-json\/wp\/v2\/product\/6810","targetHints":{"allow":["GET"]}}],"collection":[{"href":"https:\/\/cinemafrica.se\/fr\/wp-json\/wp\/v2\/product"}],"about":[{"href":"https:\/\/cinemafrica.se\/fr\/wp-json\/wp\/v2\/types\/product"}],"author":[{"embeddable":true,"href":"https:\/\/cinemafrica.se\/fr\/wp-json\/wp\/v2\/users\/163"}],"wp:featuredmedia":[{"embeddable":true,"href":"https:\/\/cinemafrica.se\/fr\/wp-json\/wp\/v2\/media\/7332"}],"wp:attachment":[{"href":"https:\/\/cinemafrica.se\/fr\/wp-json\/wp\/v2\/media?parent=6810"}],"wp:term":[{"taxonomy":"product_brand","embeddable":true,"href":"https:\/\/cinemafrica.se\/fr\/wp-json\/wp\/v2\/product_brand?post=6810"},{"taxonomy":"product_cat","embeddable":true,"href":"https:\/\/cinemafrica.se\/fr\/wp-json\/wp\/v2\/product_cat?post=6810"},{"taxonomy":"product_tag","embeddable":true,"href":"https:\/\/cinemafrica.se\/fr\/wp-json\/wp\/v2\/product_tag?post=6810"}],"curies":[{"name":"wp","href":"https:\/\/api.w.org\/{rel}","templated":true}]}}