{"id":6819,"date":"2023-09-27T11:02:56","date_gmt":"2023-09-27T09:02:56","guid":{"rendered":"https:\/\/cinemafrica.spektradesign.se\/?post_type=product&#038;p=6819"},"modified":"2024-10-02T10:17:18","modified_gmt":"2024-10-02T08:17:18","slug":"no-simple-way-home","status":"publish","type":"product","link":"https:\/\/cinemafrica.se\/fr\/product\/no-simple-way-home\/","title":{"rendered":"No Simple Way Home"},"content":{"rendered":"<p><span style=\"font-weight: 400;\">Rebecca Nyandeng de Mabior \u00e4r k\u00e4nd som Sydsudans moder. Landet blev sj\u00e4lvst\u00e4ndigt \u00e5r 2011 och har varit i krig under st\u00f6rre delen av sin korta historia. N\u00e4r freden i Sydsudan h\u00e4nger i v\u00e5gsk\u00e5len \u00e5terv\u00e4nder Rebecca och hennes tv\u00e5 d\u00f6ttrar hem fr\u00e5n exil.<\/span><\/p>\n<p><span style=\"font-weight: 400;\">Regiss\u00f6ren och en av Rebeccas d\u00f6ttrar, Akuol, k\u00e4mpar med att f\u00f6rst\u00e5 vad det inneb\u00e4r att kalla sig sj\u00e4lv sydsudanes, d\u00e5 hon f\u00f6ddes och v\u00e4xte upp i exil. Hon beslutar sig f\u00f6r att f\u00f6lja sin mor bakom kameran och tvingas konfrontera sina egna r\u00e4dslor. I dokument\u00e4ren bjuds vi in till en generations\u00f6vergripande konversation som lyser ljus p\u00e5 deras kamp f\u00f6r att f\u00f6rena familj och land. Akuol uppt\u00e4cker att hennes mors djupaste l\u00e4ngtan \u00e4r att hennes barn och landsm\u00e4ns barn ska leva meningsfulla liv i Sydsudan. Men vad inneb\u00e4r det att kalla Sydsudan f\u00f6r sitt hem?<\/span><\/p>\n<p>&nbsp;<\/p>\n<p><span style=\"font-weight: 400;\">\u00a0<\/span><\/p>\n","protected":false},"excerpt":{"rendered":"<p>Rebecca Nyandeng de Mabior \u00e4r k\u00e4nd som Sydsudans moder. Landet blev sj\u00e4lvst\u00e4ndigt \u00e5r 2011 och har varit i krig under st\u00f6rre delen av sin korta historia. N\u00e4r freden i Sydsudan h\u00e4nger i v\u00e5gsk\u00e5len \u00e5terv\u00e4nder Rebecca och hennes tv\u00e5 d\u00f6ttrar hem fr\u00e5n exil. Regiss\u00f6ren och en av Rebeccas d\u00f6ttrar, Akuol, k\u00e4mpar med att f\u00f6rst\u00e5 vad det [&hellip;]<\/p>\n","protected":false},"author":163,"featured_media":7060,"template":"","meta":{"_acf_changed":false},"product_brand":[],"product_cat":[152,157],"product_tag":[],"class_list":{"0":"post-6819","1":"product","2":"type-product","3":"status-publish","4":"has-post-thumbnail","6":"product_cat-films","7":"product_cat-documentaryfilm","9":"first","10":"instock","11":"downloadable","12":"virtual","13":"taxable","14":"purchasable","15":"product-type-simple"},"acf":[],"_links":{"self":[{"href":"https:\/\/cinemafrica.se\/fr\/wp-json\/wp\/v2\/product\/6819","targetHints":{"allow":["GET"]}}],"collection":[{"href":"https:\/\/cinemafrica.se\/fr\/wp-json\/wp\/v2\/product"}],"about":[{"href":"https:\/\/cinemafrica.se\/fr\/wp-json\/wp\/v2\/types\/product"}],"author":[{"embeddable":true,"href":"https:\/\/cinemafrica.se\/fr\/wp-json\/wp\/v2\/users\/163"}],"wp:featuredmedia":[{"embeddable":true,"href":"https:\/\/cinemafrica.se\/fr\/wp-json\/wp\/v2\/media\/7060"}],"wp:attachment":[{"href":"https:\/\/cinemafrica.se\/fr\/wp-json\/wp\/v2\/media?parent=6819"}],"wp:term":[{"taxonomy":"product_brand","embeddable":true,"href":"https:\/\/cinemafrica.se\/fr\/wp-json\/wp\/v2\/product_brand?post=6819"},{"taxonomy":"product_cat","embeddable":true,"href":"https:\/\/cinemafrica.se\/fr\/wp-json\/wp\/v2\/product_cat?post=6819"},{"taxonomy":"product_tag","embeddable":true,"href":"https:\/\/cinemafrica.se\/fr\/wp-json\/wp\/v2\/product_tag?post=6819"}],"curies":[{"name":"wp","href":"https:\/\/api.w.org\/{rel}","templated":true}]}}