{"id":6820,"date":"2023-09-27T11:10:00","date_gmt":"2023-09-27T09:10:00","guid":{"rendered":"https:\/\/cinemafrica.spektradesign.se\/?post_type=product&#038;p=6820"},"modified":"2024-10-02T10:17:18","modified_gmt":"2024-10-02T08:17:18","slug":"no-u-turn","status":"publish","type":"product","link":"https:\/\/cinemafrica.se\/fr\/product\/no-u-turn\/","title":{"rendered":"No U-Turn"},"content":{"rendered":"<p><span style=\"font-weight: 400;\">\u201dMigration handlar om m\u00e4nniskor\u201d. Det s\u00e4ger den hyllade nigerianske Nollywood-regiss\u00f6ren Ike Nnaebue med anledning av sin f\u00f6rsta dokument\u00e4r. I den f\u00f6ljer vi med p\u00e5 den resa han sj\u00e4lv genomf\u00f6rde 26 \u00e5r tidigare p\u00e5 irregulj\u00e4ra migrationsrutter med Europa i sikte. Sj\u00e4lv ins\u00e5g han riskerna och \u00e5terv\u00e4nde f\u00f6r att studera film i Nigeria. Idag finns informationen genom sociala medier, \u00e4nd\u00e5 forts\u00e4tter unga att ge sig av. I \u201d<\/span><b>No U-turn<\/b><span style=\"font-weight: 400;\">\u201d tar Nnaebue med oss fr\u00e5n gr\u00e4ns till gr\u00e4ns och g\u00f6r engagerade intervjuer med de han m\u00f6ter \u2013 m\u00e5nga av dem kvinnor. Vilka \u00e4r deras dr\u00f6mmar? Vad motiverar dem att g\u00f6ra den farofyllda resan mot en os\u00e4ker framtid trots att det sker med livet som insats? Filmen vann ett speciellt omn\u00e4mnande i dokument\u00e4rkategorin vid Berlins filmfestival. <\/span><\/p>\n","protected":false},"excerpt":{"rendered":"<p>\u201dMigration handlar om m\u00e4nniskor\u201d. Det s\u00e4ger den hyllade nigerianske Nollywood-regiss\u00f6ren Ike Nnaebue med anledning av sin f\u00f6rsta dokument\u00e4r. I den f\u00f6ljer vi med p\u00e5 den resa han sj\u00e4lv genomf\u00f6rde 26 \u00e5r tidigare p\u00e5 irregulj\u00e4ra migrationsrutter med Europa i sikte. Sj\u00e4lv ins\u00e5g han riskerna och \u00e5terv\u00e4nde f\u00f6r att studera film i Nigeria. Idag finns informationen genom [&hellip;]<\/p>\n","protected":false},"author":163,"featured_media":7057,"template":"","meta":{"_acf_changed":false},"product_brand":[],"product_cat":[152,157],"product_tag":[],"class_list":{"0":"post-6820","1":"product","2":"type-product","3":"status-publish","4":"has-post-thumbnail","6":"product_cat-films","7":"product_cat-documentaryfilm","9":"first","10":"instock","11":"downloadable","12":"virtual","13":"taxable","14":"purchasable","15":"product-type-simple"},"acf":[],"_links":{"self":[{"href":"https:\/\/cinemafrica.se\/fr\/wp-json\/wp\/v2\/product\/6820","targetHints":{"allow":["GET"]}}],"collection":[{"href":"https:\/\/cinemafrica.se\/fr\/wp-json\/wp\/v2\/product"}],"about":[{"href":"https:\/\/cinemafrica.se\/fr\/wp-json\/wp\/v2\/types\/product"}],"author":[{"embeddable":true,"href":"https:\/\/cinemafrica.se\/fr\/wp-json\/wp\/v2\/users\/163"}],"wp:featuredmedia":[{"embeddable":true,"href":"https:\/\/cinemafrica.se\/fr\/wp-json\/wp\/v2\/media\/7057"}],"wp:attachment":[{"href":"https:\/\/cinemafrica.se\/fr\/wp-json\/wp\/v2\/media?parent=6820"}],"wp:term":[{"taxonomy":"product_brand","embeddable":true,"href":"https:\/\/cinemafrica.se\/fr\/wp-json\/wp\/v2\/product_brand?post=6820"},{"taxonomy":"product_cat","embeddable":true,"href":"https:\/\/cinemafrica.se\/fr\/wp-json\/wp\/v2\/product_cat?post=6820"},{"taxonomy":"product_tag","embeddable":true,"href":"https:\/\/cinemafrica.se\/fr\/wp-json\/wp\/v2\/product_tag?post=6820"}],"curies":[{"name":"wp","href":"https:\/\/api.w.org\/{rel}","templated":true}]}}