{"id":6821,"date":"2023-09-27T11:20:39","date_gmt":"2023-09-27T09:20:39","guid":{"rendered":"https:\/\/cinemafrica.spektradesign.se\/?post_type=product&#038;p=6821"},"modified":"2024-10-02T10:17:18","modified_gmt":"2024-10-02T08:17:18","slug":"bamako","status":"publish","type":"product","link":"https:\/\/cinemafrica.se\/fr\/product\/bamako\/","title":{"rendered":"Bamako"},"content":{"rendered":"<p><span style=\"font-weight: 400;\">Vem ska best\u00e4mma vad som \u00e4r b\u00e4st f\u00f6r Afrika? Vi f\u00e5r f\u00f6lja en r\u00e4tteg\u00e5ng som utspelar sig p\u00e5 en livfull g\u00e5rd i Malis huvudstad Bamako. P\u00e5 de \u00e5talades b\u00e4nk sitter V\u00e4rldsbanken och IMF, p\u00e5 den andra sidan malier som vittnar om det egna landets \u00f6kande fattigdom. Runtomkring <\/span><span style=\"font-weight: 400;\">r\u00e4tteg\u00e5ngen p\u00e5g\u00e5r vardagen med \u00e4ktenskapsproblem, tygf\u00e4rgning och br\u00f6llop. Filmmusik av den maliska s\u00e5ngerskan Oumou Sangar\u00e9.<\/span><\/p>\n<p><span style=\"font-weight: 400;\">Abderramane Sissako \u00e4r en hyllad regiss\u00f6r vars l\u00e5gm\u00e4lda och eftert\u00e4nksamma filmer ger tittaren m\u00f6jlighet att komma n\u00e4ra vardagsliv och m\u00e4nniskor. F\u00f6r kritikerrosade <\/span><i><span style=\"font-weight: 400;\">Bamako<\/span><\/i><span style=\"font-weight: 400;\"> som f\u00f6rst visades vid Cannes mottog han flera internationella priser och 2015 tilldelades han en Cesar f\u00f6r b\u00e4sta regiss\u00f6r i samband med filmen <\/span><i><span style=\"font-weight: 400;\">Timbuktu<\/span><\/i><span style=\"font-weight: 400;\">.<\/span><\/p>\n","protected":false},"excerpt":{"rendered":"<p>Vem ska best\u00e4mma vad som \u00e4r b\u00e4st f\u00f6r Afrika? Vi f\u00e5r f\u00f6lja en r\u00e4tteg\u00e5ng som utspelar sig p\u00e5 en livfull g\u00e5rd i Malis huvudstad Bamako. P\u00e5 de \u00e5talades b\u00e4nk sitter V\u00e4rldsbanken och IMF, p\u00e5 den andra sidan malier som vittnar om det egna landets \u00f6kande fattigdom. Runtomkring r\u00e4tteg\u00e5ngen p\u00e5g\u00e5r vardagen med \u00e4ktenskapsproblem, tygf\u00e4rgning och br\u00f6llop. [&hellip;]<\/p>\n","protected":false},"author":163,"featured_media":6896,"template":"","meta":{"_acf_changed":false},"product_brand":[],"product_cat":[152,153],"product_tag":[],"class_list":{"0":"post-6821","1":"product","2":"type-product","3":"status-publish","4":"has-post-thumbnail","6":"product_cat-films","7":"product_cat-featurefilm","9":"first","10":"instock","11":"downloadable","12":"virtual","13":"taxable","14":"purchasable","15":"product-type-simple"},"acf":[],"_links":{"self":[{"href":"https:\/\/cinemafrica.se\/fr\/wp-json\/wp\/v2\/product\/6821","targetHints":{"allow":["GET"]}}],"collection":[{"href":"https:\/\/cinemafrica.se\/fr\/wp-json\/wp\/v2\/product"}],"about":[{"href":"https:\/\/cinemafrica.se\/fr\/wp-json\/wp\/v2\/types\/product"}],"author":[{"embeddable":true,"href":"https:\/\/cinemafrica.se\/fr\/wp-json\/wp\/v2\/users\/163"}],"wp:featuredmedia":[{"embeddable":true,"href":"https:\/\/cinemafrica.se\/fr\/wp-json\/wp\/v2\/media\/6896"}],"wp:attachment":[{"href":"https:\/\/cinemafrica.se\/fr\/wp-json\/wp\/v2\/media?parent=6821"}],"wp:term":[{"taxonomy":"product_brand","embeddable":true,"href":"https:\/\/cinemafrica.se\/fr\/wp-json\/wp\/v2\/product_brand?post=6821"},{"taxonomy":"product_cat","embeddable":true,"href":"https:\/\/cinemafrica.se\/fr\/wp-json\/wp\/v2\/product_cat?post=6821"},{"taxonomy":"product_tag","embeddable":true,"href":"https:\/\/cinemafrica.se\/fr\/wp-json\/wp\/v2\/product_tag?post=6821"}],"curies":[{"name":"wp","href":"https:\/\/api.w.org\/{rel}","templated":true}]}}