{"id":7897,"date":"2023-10-20T15:39:42","date_gmt":"2023-10-20T13:39:42","guid":{"rendered":"https:\/\/cinemafrica.se\/?post_type=product&#038;p=7897"},"modified":"2024-10-08T15:06:03","modified_gmt":"2024-10-08T13:06:03","slug":"medlemskap","status":"publish","type":"product","link":"https:\/\/cinemafrica.se\/fr\/product\/medlemskap\/","title":{"rendered":"Medlemskap"},"content":{"rendered":"<p>Som medlem i CinemAfrica f\u00e5r du medlemsf\u00f6rm\u00e5ner under \u00e5ret, som exklusiva filmvisningar, inbjudan till mingel och \u00e5rets invigningsfilm. Som medlem \u00e4r du en av v\u00e5ra supportrar och ditt medlemskap \u00e4r ett st\u00f6d till v\u00e5r verksamhet och hj\u00e4lper oss att kunna forts\u00e4tta visa kvalitetsfilmer och g\u00f6ra en \u00e4nnu b\u00e4ttre filmfestival!<\/p>\n","protected":false},"excerpt":{"rendered":"<p>Som medlem i CinemAfrica f\u00e5r du medlemsf\u00f6rm\u00e5ner under \u00e5ret, som exklusiva filmvisningar, inbjudan till mingel och \u00e5rets invigningsfilm. Som medlem \u00e4r du en av v\u00e5ra supportrar och ditt medlemskap \u00e4r ett st\u00f6d till v\u00e5r verksamhet och hj\u00e4lper oss att kunna forts\u00e4tta visa kvalitetsfilmer och g\u00f6ra en \u00e4nnu b\u00e4ttre filmfestival!<\/p>\n","protected":false},"author":3,"featured_media":6739,"template":"","meta":{"_acf_changed":false},"product_brand":[],"product_cat":[160],"product_tag":[],"class_list":{"0":"post-7897","1":"product","2":"type-product","3":"status-publish","4":"has-post-thumbnail","6":"product_cat-membership-2","8":"first","9":"instock","10":"downloadable","11":"virtual","12":"sold-individually","13":"taxable","14":"purchasable","15":"product-type-simple"},"acf":[],"_links":{"self":[{"href":"https:\/\/cinemafrica.se\/fr\/wp-json\/wp\/v2\/product\/7897","targetHints":{"allow":["GET"]}}],"collection":[{"href":"https:\/\/cinemafrica.se\/fr\/wp-json\/wp\/v2\/product"}],"about":[{"href":"https:\/\/cinemafrica.se\/fr\/wp-json\/wp\/v2\/types\/product"}],"author":[{"embeddable":true,"href":"https:\/\/cinemafrica.se\/fr\/wp-json\/wp\/v2\/users\/3"}],"wp:featuredmedia":[{"embeddable":true,"href":"https:\/\/cinemafrica.se\/fr\/wp-json\/wp\/v2\/media\/6739"}],"wp:attachment":[{"href":"https:\/\/cinemafrica.se\/fr\/wp-json\/wp\/v2\/media?parent=7897"}],"wp:term":[{"taxonomy":"product_brand","embeddable":true,"href":"https:\/\/cinemafrica.se\/fr\/wp-json\/wp\/v2\/product_brand?post=7897"},{"taxonomy":"product_cat","embeddable":true,"href":"https:\/\/cinemafrica.se\/fr\/wp-json\/wp\/v2\/product_cat?post=7897"},{"taxonomy":"product_tag","embeddable":true,"href":"https:\/\/cinemafrica.se\/fr\/wp-json\/wp\/v2\/product_tag?post=7897"}],"curies":[{"name":"wp","href":"https:\/\/api.w.org\/{rel}","templated":true}]}}