{"id":9308,"date":"2024-10-02T11:12:19","date_gmt":"2024-10-02T09:12:19","guid":{"rendered":"https:\/\/cinemafrica.se\/?post_type=product&#038;p=9308"},"modified":"2024-11-25T15:36:24","modified_gmt":"2024-11-25T14:36:24","slug":"goodbye-julie","status":"publish","type":"product","link":"https:\/\/cinemafrica.se\/fr\/product\/goodbye-julie\/","title":{"rendered":"Goodbye Julia"},"content":{"rendered":"<p><span style=\"font-weight: 400;\">B\u00e4sta film, b\u00e4sta sk\u00e5despel &amp; publikpris! GOODBYE JULIA har tagit filmv\u00e4rlden med storm och vunnit de finaste av statyetter p\u00e5 festivaler runt om i v\u00e4rlden.\u00a0<\/span><\/p>\n<p><span style=\"font-weight: 400;\">Tyngd av skuld efter att ha t\u00e4ckt \u00f6ver ett mord, f\u00f6rs\u00f6ker Mona sona sitt brott genom att anst\u00e4lla den avlidnes \u00e4nka Julia som hembitr\u00e4de. I landet r\u00e5der v\u00e5ldsamma konflikter mellan Nordsudan och Sydsudan och Mona och Julia \u00e4r fr\u00e5n var sin sida. Trots att de b\u00e5da kvinnorna kommer varandra n\u00e4ra, avsl\u00f6jar Mona inte vem hon \u00e4r, omedveten om att landets turbulens kan leta sig in i hennes hem och st\u00e4lla henne ansikte mot ansikte med hennes synder. Och Julia b\u00e4r p\u00e5 en egen hemlighet.<\/span><\/p>\n<p><b>Eftersamtal:<\/b><\/p>\n<p><span style=\"font-weight: 400;\">Ali El Tom, Styrelsemedlem, svensk-sudanesiska f\u00f6reningen<br \/>\nEbo Krdum, multiinstrumentalist, artist, sk\u00e5despelare och aktivist<br \/>\n<\/span><span style=\"font-weight: 400;\">Moderator: Maureen Hoppers,\u00a0 Styrelseordf\u00f6rande CinemAfrica<\/span><\/p>\n<p><i><span style=\"font-weight: 400;\">Denna filmvisning \u00e4r ett samarbete med Folkets bio.<\/span><\/i><\/p>\n","protected":false},"excerpt":{"rendered":"<p>B\u00e4sta film, b\u00e4sta sk\u00e5despel &amp; publikpris! GOODBYE JULIA har tagit filmv\u00e4rlden med storm och vunnit de finaste av statyetter p\u00e5 festivaler runt om i v\u00e4rlden.\u00a0 Tyngd av skuld efter att ha t\u00e4ckt \u00f6ver ett mord, f\u00f6rs\u00f6ker Mona sona sitt brott genom att anst\u00e4lla den avlidnes \u00e4nka Julia som hembitr\u00e4de. I landet r\u00e5der v\u00e5ldsamma konflikter mellan [&hellip;]<\/p>\n","protected":false},"author":163,"featured_media":9171,"template":"","meta":{"_acf_changed":false},"product_brand":[],"product_cat":[152,153],"product_tag":[],"class_list":{"0":"post-9308","1":"product","2":"type-product","3":"status-publish","4":"has-post-thumbnail","6":"product_cat-films","7":"product_cat-featurefilm","9":"first","10":"instock","11":"taxable","12":"shipping-taxable","13":"product-type-simple"},"acf":[],"_links":{"self":[{"href":"https:\/\/cinemafrica.se\/fr\/wp-json\/wp\/v2\/product\/9308","targetHints":{"allow":["GET"]}}],"collection":[{"href":"https:\/\/cinemafrica.se\/fr\/wp-json\/wp\/v2\/product"}],"about":[{"href":"https:\/\/cinemafrica.se\/fr\/wp-json\/wp\/v2\/types\/product"}],"author":[{"embeddable":true,"href":"https:\/\/cinemafrica.se\/fr\/wp-json\/wp\/v2\/users\/163"}],"wp:featuredmedia":[{"embeddable":true,"href":"https:\/\/cinemafrica.se\/fr\/wp-json\/wp\/v2\/media\/9171"}],"wp:attachment":[{"href":"https:\/\/cinemafrica.se\/fr\/wp-json\/wp\/v2\/media?parent=9308"}],"wp:term":[{"taxonomy":"product_brand","embeddable":true,"href":"https:\/\/cinemafrica.se\/fr\/wp-json\/wp\/v2\/product_brand?post=9308"},{"taxonomy":"product_cat","embeddable":true,"href":"https:\/\/cinemafrica.se\/fr\/wp-json\/wp\/v2\/product_cat?post=9308"},{"taxonomy":"product_tag","embeddable":true,"href":"https:\/\/cinemafrica.se\/fr\/wp-json\/wp\/v2\/product_tag?post=9308"}],"curies":[{"name":"wp","href":"https:\/\/api.w.org\/{rel}","templated":true}]}}