{"id":9326,"date":"2024-10-02T11:12:19","date_gmt":"2024-10-02T09:12:19","guid":{"rendered":"https:\/\/cinemafrica.se\/?post_type=product&#038;p=9326"},"modified":"2024-10-27T10:37:49","modified_gmt":"2024-10-27T09:37:49","slug":"ludi","status":"publish","type":"product","link":"https:\/\/cinemafrica.se\/fr\/product\/ludi\/","title":{"rendered":"Ludi"},"content":{"rendered":"<p>Regisserad av den hyllade Edson Jean, tar \u00ab\u00a0Ludi\u00a0\u00bb med publiken p\u00e5 en emotionell resa genom hj\u00e4rtat av Little Haiti i Miami. H\u00e4r m\u00f6ter vi Ludi, spelad av den lysande Shein Mompremier, som k\u00e4mpar f\u00f6r att skapa ett nytt liv i USA. Filmen f\u00e5ngar den r\u00e5a verkligheten av immigrant upplevelsen och skildrar med djup autenticitet den kamp och styrka som pr\u00e4glar jakten p\u00e5 den amerikanska dr\u00f6mmen.<\/p>\n<p>Genom sin finess och skarpa blick f\u00f6r detaljer utforskar Edson Jean fr\u00e5gor om kulturell identitet, ekonomiska utmaningar och en okuvlig vilja att \u00f6vervinna motg\u00e5ngar. \u00ab\u00a0Ludi\u00a0\u00bb \u00e4r inte bara en film \u2013 det \u00e4r ett starkt vittnesm\u00e5l om kraften hos de som v\u00e5gar s\u00f6ka ett b\u00e4ttre liv.<\/p>\n<p>Missa inte chansen att se \u00ab\u00a0Ludi\u00a0\u00bb, en av \u00e5rets mest omtalade filmer, som s\u00e4tter fokus p\u00e5 afro-karibiska diasporans erfarenheter och \u00e4r ett m\u00e5ste f\u00f6r alla som uppskattar djupg\u00e5ende ber\u00e4ttelser om mod och m\u00e4nsklighet.<\/p>\n<p><span style=\"font-weight: 400;\">Eftersamtal: <\/span><span style=\"font-weight: 400;\">Marie Fequiere, kulturentrepren\u00f6r<br \/>\n<\/span>Leslie N\u00fa\u00f1ez Goodman, Public Diplomacy Officer<br \/>\n<span style=\"font-weight: 400;\">Moderator: Azaa Ali,\u00a0 styrelseledamot Cinemafrica<br \/>\n<\/span><\/p>\n<p><span style=\"font-weight: 400;\">Datum och plats: 27 oktober, kl 11:00, Zita Folkets bio<\/span><\/p>\n<p>&nbsp;<\/p>\n<p><i><span style=\"font-weight: 400;\">Denna visning \u00e4r ett samarbete med den amerikanska ambassaden i Stockholm.<\/span><\/i><\/p>\n","protected":false},"excerpt":{"rendered":"<p>Regisserad av den hyllade Edson Jean, tar \u00ab\u00a0Ludi\u00a0\u00bb med publiken p\u00e5 en emotionell resa genom hj\u00e4rtat av Little Haiti i Miami. H\u00e4r m\u00f6ter vi Ludi, spelad av den lysande Shein Mompremier, som k\u00e4mpar f\u00f6r att skapa ett nytt liv i USA. Filmen f\u00e5ngar den r\u00e5a verkligheten av immigrant upplevelsen och skildrar med djup autenticitet den [&hellip;]<\/p>\n","protected":false},"author":163,"featured_media":9402,"template":"","meta":{"_acf_changed":false},"product_brand":[],"product_cat":[152,153],"product_tag":[],"class_list":{"0":"post-9326","1":"product","2":"type-product","3":"status-publish","4":"has-post-thumbnail","6":"product_cat-films","7":"product_cat-featurefilm","9":"first","10":"instock","11":"taxable","12":"shipping-taxable","13":"purchasable","14":"product-type-variable","15":"has-default-attributes"},"acf":[],"_links":{"self":[{"href":"https:\/\/cinemafrica.se\/fr\/wp-json\/wp\/v2\/product\/9326","targetHints":{"allow":["GET"]}}],"collection":[{"href":"https:\/\/cinemafrica.se\/fr\/wp-json\/wp\/v2\/product"}],"about":[{"href":"https:\/\/cinemafrica.se\/fr\/wp-json\/wp\/v2\/types\/product"}],"author":[{"embeddable":true,"href":"https:\/\/cinemafrica.se\/fr\/wp-json\/wp\/v2\/users\/163"}],"wp:featuredmedia":[{"embeddable":true,"href":"https:\/\/cinemafrica.se\/fr\/wp-json\/wp\/v2\/media\/9402"}],"wp:attachment":[{"href":"https:\/\/cinemafrica.se\/fr\/wp-json\/wp\/v2\/media?parent=9326"}],"wp:term":[{"taxonomy":"product_brand","embeddable":true,"href":"https:\/\/cinemafrica.se\/fr\/wp-json\/wp\/v2\/product_brand?post=9326"},{"taxonomy":"product_cat","embeddable":true,"href":"https:\/\/cinemafrica.se\/fr\/wp-json\/wp\/v2\/product_cat?post=9326"},{"taxonomy":"product_tag","embeddable":true,"href":"https:\/\/cinemafrica.se\/fr\/wp-json\/wp\/v2\/product_tag?post=9326"}],"curies":[{"name":"wp","href":"https:\/\/api.w.org\/{rel}","templated":true}]}}